{"id":83267,"date":"2022-11-08T19:50:34","date_gmt":"2022-11-08T18:50:34","guid":{"rendered":"https:\/\/trimakasi.eu\/product\/damsky-set-21-ametyst\/"},"modified":"2025-12-28T22:15:52","modified_gmt":"2025-12-28T21:15:52","slug":"set-ametist-femei-2-1-2","status":"publish","type":"product","link":"https:\/\/trimakasi.eu\/ro\/product\/amethyst-womens-jewellery-set\/","title":{"rendered":"Set de bijuterii pentru femei Amethyst: 1+1 gratuit!"},"content":{"rendered":"<h3>Ametist<\/h3>\n<p>Acest cuar\u021b cristalizat purpuriu a fost o piatr\u0103 pre\u021bioas\u0103 pre\u021bioas\u0103 foarte apreciat\u0103 p\u00e2n\u0103 la descoperirea unor depozite mari \u00een America Latin\u0103. Culoarea violet a fost considerat\u0103 \u00eentotdeauna ca unul dintre simbolurile statutului regal, a\u0219a c\u0103 ametistul a devenit parte dintr-o serie de bijuterii de \u00eencoronare. Privind \u00een urm\u0103 \u00een istorie, putem afla c\u0103, \u00een timp ce vechii egipteni au luat ametistul \u00eentr-o lupt\u0103 pentru sporirea curajului, \u00een Evul Mediu a purtat-o regi \u0219i episcopi ca simbol al m\u0103re\u021biei.<\/p>\n<p>Ametistul este un simbol al mai multor calit\u0103\u021bi pozitive, cum ar fi prosperitatea, curajul, puritatea mental\u0103 \u0219i prietenia. De exemplu, Leonardo Da Vinci credea c\u0103 aceast\u0103 piatr\u0103 ajut\u0103 la controlul g\u00e2ndurilor rele, \u00eent\u0103re\u0219te inteligen\u021ba, accelereaz\u0103 g\u00e2ndirea \u0219i ajut\u0103 oamenii s\u0103 aduc\u0103 un rezultat pozitiv \u00een timpul negocierilor de afaceri! Cuv\u00e2ntul ebraic pentru ametist \u201eaklamah\u201d este acela\u0219i cuv\u00e2nt pentru \u201evis\u201d, care exprim\u0103 capacitatea acestei pietre de a incita vise \u0219i viziuni specifice.<\/p>\n<p>Semn zodiacal:\u00a0<strong>V\u0103rs\u0103tor disponibil \u0219i pentru: Fecioar\u0103, S\u0103get\u0103tor, Capricorn, Pe\u0219ti<\/strong><\/p>\n<p>Element: <strong>Ap\u0103, aer, eter<\/strong><\/p>\n<p>Br\u0103\u021bara armonizeaz\u0103 chakra celui de-al treilea ochi \u0219i chakra Coroanei<\/p>\n<p><img loading=\"lazy\" decoding=\"async\" class=\"alignnone wp-image-72748\" src=\"https:\/\/trimakasi.cz\/wp-content\/uploads\/2018\/07\/%C4%8Dakra6.jpg\" alt=\"\" width=\"70\" height=\"67\" \/><img loading=\"lazy\" decoding=\"async\" class=\"alignnone wp-image-72749\" src=\"https:\/\/trimakasi.cz\/wp-content\/uploads\/2018\/07\/%C4%8Dakra7.jpg\" alt=\"\" width=\"67\" height=\"74\" \/><\/p>","protected":false},"excerpt":{"rendered":"<p>Descoper\u0103 magia ametistului \u0219i ob\u021bine un colier frumos din ametist pentru femei, cu o br\u0103\u021bar\u0103 elegant\u0103 cu \u0219nur cadou. Setul de bijuterii vine ambalat \u00eentr-o cutie de cadou roz exclusiv\u0103, f\u0103c\u00e2ndu-l un cadou ideal pentru tine sau pentru cei dragi.<\/p>\n<p>Acest set de pietre pre\u021bioase nu numai c\u0103 ofer\u0103 armonie estetic\u0103, dar combin\u0103 \u0219i simbolismul mistic al ametistului cu culoarea aurie a metalului. Afla\u021bi mai multe despre ametist mai jos.<\/p>\n<p>Bratara minimalista, datorita dimensiunii reglabile, se potriveste oricarei femei.<\/p>\n<p>Colierul de aur este realizat din otel inoxidabil si are o lungime a lantului de 44 cm.<\/p>\n<p>Dimensiunile pietrei sunt de aproximativ: 1,3 cm x 1,5 cm.<\/p>","protected":false},"featured_media":173774,"comment_status":"open","ping_status":"closed","template":"","meta":{"_acf_changed":false,"_themeisle_gutenberg_block_has_review":false},"product_brand":[],"product_cat":[1686,1714,569,1149,1690,1689,553],"product_tag":[],"class_list":{"0":"post-83267","1":"product","2":"type-product","3":"status-publish","4":"has-post-thumbnail","6":"product_cat-jewellery-sets","7":"product_cat-jewellery-discounts","8":"product_cat-minimalist-jewellery-for-women","9":"product_cat-necklaces-for-women","10":"product_cat-necklaces","11":"product_cat-simple-bracelets","12":"product_cat-womens-jewellery","14":"first","15":"instock","16":"taxable","17":"shipping-taxable","18":"purchasable","19":"product-type-simple"},"acf":[],"_links":{"self":[{"href":"https:\/\/trimakasi.eu\/ro\/wp-json\/wp\/v2\/product\/83267","targetHints":{"allow":["GET"]}}],"collection":[{"href":"https:\/\/trimakasi.eu\/ro\/wp-json\/wp\/v2\/product"}],"about":[{"href":"https:\/\/trimakasi.eu\/ro\/wp-json\/wp\/v2\/types\/product"}],"replies":[{"embeddable":true,"href":"https:\/\/trimakasi.eu\/ro\/wp-json\/wp\/v2\/comments?post=83267"}],"wp:featuredmedia":[{"embeddable":true,"href":"https:\/\/trimakasi.eu\/ro\/wp-json\/wp\/v2\/media\/173774"}],"wp:attachment":[{"href":"https:\/\/trimakasi.eu\/ro\/wp-json\/wp\/v2\/media?parent=83267"}],"wp:term":[{"taxonomy":"product_brand","embeddable":true,"href":"https:\/\/trimakasi.eu\/ro\/wp-json\/wp\/v2\/product_brand?post=83267"},{"taxonomy":"product_cat","embeddable":true,"href":"https:\/\/trimakasi.eu\/ro\/wp-json\/wp\/v2\/product_cat?post=83267"},{"taxonomy":"product_tag","embeddable":true,"href":"https:\/\/trimakasi.eu\/ro\/wp-json\/wp\/v2\/product_tag?post=83267"}],"curies":[{"name":"wp","href":"https:\/\/api.w.org\/{rel}","templated":true}]}}