{"id":83235,"date":"2023-05-08T19:50:34","date_gmt":"2023-05-08T17:50:34","guid":{"rendered":"https:\/\/trimakasi.eu\/product\/damsky-retizek-na-krk-ruzenin\/"},"modified":"2026-04-24T15:26:17","modified_gmt":"2026-04-24T13:26:17","slug":"colier-lant-dama-cuart-trandafir","status":"publish","type":"product","link":"https:\/\/trimakasi.eu\/ro\/product\/womens-chain-necklace-rose-quartz\/","title":{"rendered":"Colier de cristal pentru femei \u2013 Cuar\u021b roz"},"content":{"rendered":"<h3>Cuar\u021b rose<\/h3>\n<p>Aceast\u0103 piatr\u0103 este un simbol al iubirii, frumuse\u021bii \u0219i s\u0103n\u0103t\u0103\u021bii. Aceast\u0103 piatr\u0103 ne \u00eenva\u021b\u0103 r\u0103bdarea \u00een rezolvarea problemelor, iubirea de sine \u0219i d\u0103 putere s\u0103 iert\u0103m pe cei care ne-au r\u0103nit. Re\u00eenvie fantezia \u0219i g\u00e2ndirea creativ\u0103.<\/p>\n<p id=\"tw-target-text\" class=\"tw-data-text tw-ta tw-text-small\" dir=\"ltr\" data-placeholder=\"Translation\"><span lang=\"en\" tabindex=\"0\">Element:\u00a0<strong>P\u0103m\u00e2nt<\/strong><\/span><\/p>\n<p class=\"tw-data-text tw-ta tw-text-small\" dir=\"ltr\" data-placeholder=\"Translation\"><span lang=\"en\" tabindex=\"0\">Semne zodiacale:\u00a0<strong>Leu, Scorpion, Berbec, Rac, Taur, Capricorn<\/strong><\/span><\/p>\n<p>Br\u0103\u021bara armonizeaz\u0103 chakra Inimii.<\/p>\n<p><img loading=\"lazy\" decoding=\"async\" class=\"alignnone size-full wp-image-83566\" src=\"https:\/\/trimakasi.eu\/wp-content\/uploads\/2020\/07\/\u010dakra4.jpg\" alt=\"\" width=\"79\" height=\"93\" srcset=\"https:\/\/trimakasi.eu\/wp-content\/uploads\/2020\/07\/\u010dakra4.jpg 79w, https:\/\/trimakasi.eu\/wp-content\/uploads\/2020\/07\/\u010dakra4-10x12.jpg 10w\" sizes=\"auto, (max-width: 79px) 100vw, 79px\" \/><\/p>\n<p><a href=\"https:\/\/trimakasi.eu\/ro\/vlog\/\"><u>Vizita\u021bi blogul nostru video pentru a descoperi conexiunile dintre pietre pre\u021bioase, semne zodiacale, chakre \u0219i multe altele.<\/u><\/a><\/p>","protected":false},"excerpt":{"rendered":"<p>Colier cu lan\u021b de dam\u0103 cu pandantiv hexagonal din piatr\u0103 pre\u021bioas\u0103 natural\u0103 Cuar\u021b rose. Aceast\u0103 piatr\u0103 pre\u021bioas\u0103 restabile\u0219te \u00eencrederea \u0219i armonia \u00een rela\u021bii \u0219i \u00eencurajeaz\u0103 iubirea necondi\u021bionat\u0103. Afla\u021bi mai multe despre propriet\u0103\u021bile acestei pietre mai jos.<\/p>\n<p>Lan\u021b elegant minimalist de 46 cm, realizat din o\u021bel inoxidabil lustruit, cu un strat durabil de aur de 18 carate, \u00eempodobit cu un cristal natural de cuar\u021b roz de 3 cm pe 0,8 cm.<\/p>\n<p>Colierul vine \u00eentr-o cutie roz luxoas\u0103 cu sigla Trimakasi, f\u0103c\u00e2ndu-l un cadou perfect.<\/p>\n<p>Lasa-te purtat de frumusete \u2013 fiecare cristal din colierele noastre este un miracol unic al naturii.<\/p>","protected":false},"featured_media":163025,"comment_status":"open","ping_status":"closed","template":"","meta":{"_acf_changed":false,"_themeisle_gutenberg_block_has_review":false},"product_brand":[],"product_cat":[569,1149,1690,553],"product_tag":[],"class_list":{"0":"post-83235","1":"product","2":"type-product","3":"status-publish","4":"has-post-thumbnail","6":"product_cat-minimalist-jewellery-for-women","7":"product_cat-necklaces-for-women","8":"product_cat-necklaces","9":"product_cat-womens-jewellery","11":"first","12":"instock","13":"taxable","14":"shipping-taxable","15":"purchasable","16":"product-type-variable","17":"has-default-attributes"},"acf":[],"_links":{"self":[{"href":"https:\/\/trimakasi.eu\/ro\/wp-json\/wp\/v2\/product\/83235","targetHints":{"allow":["GET"]}}],"collection":[{"href":"https:\/\/trimakasi.eu\/ro\/wp-json\/wp\/v2\/product"}],"about":[{"href":"https:\/\/trimakasi.eu\/ro\/wp-json\/wp\/v2\/types\/product"}],"replies":[{"embeddable":true,"href":"https:\/\/trimakasi.eu\/ro\/wp-json\/wp\/v2\/comments?post=83235"}],"wp:featuredmedia":[{"embeddable":true,"href":"https:\/\/trimakasi.eu\/ro\/wp-json\/wp\/v2\/media\/163025"}],"wp:attachment":[{"href":"https:\/\/trimakasi.eu\/ro\/wp-json\/wp\/v2\/media?parent=83235"}],"wp:term":[{"taxonomy":"product_brand","embeddable":true,"href":"https:\/\/trimakasi.eu\/ro\/wp-json\/wp\/v2\/product_brand?post=83235"},{"taxonomy":"product_cat","embeddable":true,"href":"https:\/\/trimakasi.eu\/ro\/wp-json\/wp\/v2\/product_cat?post=83235"},{"taxonomy":"product_tag","embeddable":true,"href":"https:\/\/trimakasi.eu\/ro\/wp-json\/wp\/v2\/product_tag?post=83235"}],"curies":[{"name":"wp","href":"https:\/\/api.w.org\/{rel}","templated":true}]}}