{"id":83129,"date":"2020-07-08T22:45:39","date_gmt":"2020-07-08T20:45:39","guid":{"rendered":"https:\/\/trimakasi.eu\/product\/larimar-naramek\/"},"modified":"2025-05-06T10:26:58","modified_gmt":"2025-05-06T08:26:58","slug":"larimar","status":"publish","type":"product","link":"https:\/\/trimakasi.eu\/ro\/product\/larimar\/","title":{"rendered":"Bratara Larimar"},"content":{"rendered":"<h3>Larimar \u2013 propriet\u0103\u021bi<\/h3>\n<p>Larimar calmeaz\u0103 \u0219i calmeaz\u0103 emo\u021biile umane. Ca o piatr\u0103 important\u0103 de medita\u021bie, ajut\u0103 oamenii s\u0103 ob\u021bin\u0103 o perspectiv\u0103 asupra celor mai ad\u00e2nci col\u021buri ale sufletului uman. Efectele lini\u0219titoare ale acestui mineral distrug toate blocurile din corpul nostru \u0219i prin aceasta \u00eempiedic\u0103 blocarea fluxului de energie. Larimar a fost descoperit relativ recent - \u00een 1916 \u00een Caraibe \u00een Republica Dominican\u0103, singurul loc de pe P\u0103m\u00e2nt unde se poate g\u0103si.<\/p>\n<p>Larimar este, de asemenea, cunoscut sub numele de \u201ePiatra Delfinului\u201d sau \u201ePiatra Atlantidei\u201d. Conform legendei, Republica Dominican\u0103 de ast\u0103zi f\u0103cea parte din civiliza\u021bia mitic\u0103 a Atlantidei. Aceast\u0103 frumoas\u0103 piatr\u0103 albastr\u0103 care a adus abilit\u0103\u021bi de vindecare \u00eentregii civiliza\u021bii Atlantide.<\/p>\n<p>Tara de origine: <strong>Republica Dominican\u0103<\/strong><\/p>\n<p>Element:<strong> Ap\u0103<\/strong><\/p>\n<p>Semne zodiacale:<strong> Leu, Pe\u0219ti<\/strong><\/p>\n<p>Aceast\u0103 br\u0103\u021bar\u0103 armonizeaz\u0103 chakra inimii, chakra g\u00e2tului \u0219i chakra coroanei:<\/p>\n<p><img loading=\"lazy\" decoding=\"async\" class=\"alignnone wp-image-72746\" src=\"https:\/\/trimakasi.cz\/wp-content\/uploads\/2018\/07\/\u010dakra4.jpg\" alt=\"Srde\u010dn\u00ed \u010dakra\" width=\"74\" height=\"87\" \/><img loading=\"lazy\" decoding=\"async\" class=\"alignnone size-full wp-image-72747\" src=\"https:\/\/trimakasi.cz\/wp-content\/uploads\/2018\/07\/\u010dakra5.jpg\" alt=\"Hrdeln\u00ed \u010dakra\" width=\"81\" height=\"87\" \/><img loading=\"lazy\" decoding=\"async\" class=\"alignnone wp-image-72749\" src=\"https:\/\/trimakasi.cz\/wp-content\/uploads\/2018\/07\/\u010dakra7.jpg\" alt=\"Korunn\u00ed \u010dakra\" width=\"82\" height=\"91\" \/><u><\/u><\/p>\n<p><a href=\"https:\/\/trimakasi.eu\/ro\/vlog\/\"><u>Vizita\u021bi blogul nostru video pentru a descoperi conexiunile dintre pietre pre\u021bioase, semne zodiacale, chakre \u0219i multe altele.<\/u><\/a><\/p>","protected":false},"excerpt":{"rendered":"<p>Larimar este o piatr\u0103 rar\u0103 de vindecare \u00een nuan\u021be moi, albicioase de albastru \u0219i turcoaz. Un mineral descoperit recent, care este \u00een continu\u0103 cre\u0219tere \u00een popularitate. Afla\u021bi mai multe despre propriet\u0103\u021bile acestei pietre mai jos.<\/p>\n<p>Alege\u021bi br\u0103\u021bara dup\u0103 m\u0103rime \u0219i dup\u0103 culoarea ultimei m\u0103rgele.\u00a0<a href=\"https:\/\/trimakasi.eu\/ro\/cum-se-alege-marimea-bratarii\/\">Instruc\u021biunile despre cum s\u0103 alege\u021bi corect dimensiunea pot fi g\u0103site aici.<\/a><\/p>","protected":false},"featured_media":81097,"comment_status":"open","ping_status":"closed","template":"","meta":{"_acf_changed":false,"_themeisle_gutenberg_block_has_review":false},"product_brand":[],"product_cat":[1687,554,1316,553],"product_tag":[],"class_list":{"0":"post-83129","1":"product","2":"type-product","3":"status-publish","4":"has-post-thumbnail","6":"product_cat-elastic-bracelets","7":"product_cat-natural-gemstone-bracelets","8":"product_cat-rare-gemstone-bracelets","9":"product_cat-womens-jewellery","11":"first","12":"instock","13":"taxable","14":"shipping-taxable","15":"purchasable","16":"product-type-variable","17":"has-default-attributes"},"acf":[],"_links":{"self":[{"href":"https:\/\/trimakasi.eu\/ro\/wp-json\/wp\/v2\/product\/83129","targetHints":{"allow":["GET"]}}],"collection":[{"href":"https:\/\/trimakasi.eu\/ro\/wp-json\/wp\/v2\/product"}],"about":[{"href":"https:\/\/trimakasi.eu\/ro\/wp-json\/wp\/v2\/types\/product"}],"replies":[{"embeddable":true,"href":"https:\/\/trimakasi.eu\/ro\/wp-json\/wp\/v2\/comments?post=83129"}],"wp:featuredmedia":[{"embeddable":true,"href":"https:\/\/trimakasi.eu\/ro\/wp-json\/wp\/v2\/media\/81097"}],"wp:attachment":[{"href":"https:\/\/trimakasi.eu\/ro\/wp-json\/wp\/v2\/media?parent=83129"}],"wp:term":[{"taxonomy":"product_brand","embeddable":true,"href":"https:\/\/trimakasi.eu\/ro\/wp-json\/wp\/v2\/product_brand?post=83129"},{"taxonomy":"product_cat","embeddable":true,"href":"https:\/\/trimakasi.eu\/ro\/wp-json\/wp\/v2\/product_cat?post=83129"},{"taxonomy":"product_tag","embeddable":true,"href":"https:\/\/trimakasi.eu\/ro\/wp-json\/wp\/v2\/product_tag?post=83129"}],"curies":[{"name":"wp","href":"https:\/\/api.w.org\/{rel}","templated":true}]}}