{"id":83110,"date":"2021-02-25T22:45:39","date_gmt":"2021-02-25T21:45:39","guid":{"rendered":"https:\/\/trimakasi.eu\/product\/Trimakasi-naramek-chryzokol\/"},"modified":"2026-04-02T09:27:47","modified_gmt":"2026-04-02T07:27:47","slug":"crizocola-bratara-impletita","status":"publish","type":"product","link":"https:\/\/trimakasi.eu\/ro\/product\/chryzocolla-braided-bracelet\/","title":{"rendered":"Br\u0103\u021bar\u0103 \u00eempletit\u0103 Chryzocolla"},"content":{"rendered":"<h3>Br\u0103\u021b\u0103rile \u00eempletite Trimakasi<\/h3>\n<p>Br\u0103\u021b\u0103ri de lux artizanale care combin\u0103 spiritualitatea \u0219i epoca modern\u0103. Br\u0103\u021b\u0103rile Trimakasi sunt talismane de recuno\u0219tin\u021b\u0103, echilibru \u0219i speran\u021b\u0103, care te vor re\u00eenc\u0103rca cu energie pozitiv\u0103 chiar \u0219i \u00een cele mai \u00eentunecate zile.<\/p>\n<p>Br\u0103\u021b\u0103rile \u00eempletite Trimakasi sunt realizate din \u0219nur de nailon de cea mai \u00eenalt\u0103 calitate legat\u0103 cu \u00eenclin\u0103ri speciale. Acestea con\u021bin puterea ascuns\u0103 a naturii \u00een margelele din pietre pre\u021bioase naturale.<\/p>\n<h3>Crisocol<\/h3>\n<p>Crisocol este o piatr\u0103 a comunic\u0103rii. Vibra\u021biile calme ale culorii sale turcoaz dizolv\u0103 energia negativ\u0103 \u0219i subliniaz\u0103 puterea cuvintelor noastre, \u00eent\u0103rind astfel carisma noastr\u0103. Acest mineral ajut\u0103 \u0219i la exprimarea celor mai creative \u0219i mai complexe idei. \u00cen Egiptul antic, chryzocolla a fost numit\u0103 \u201ePiatra \u00een\u021belep\u021bilor\u201d, deoarece se credea c\u0103 poate stimula mintea \u0219i s-a spus c\u0103 cei care purtau aceast\u0103 piatr\u0103 ar putea rezolva probleme cu compromisuri inteligente.<\/p>\n<p>Crisocol a fost piatra preferat\u0103 a Cleopatrei, iar ea are mereu la ea bijuterii din chrizocolla. Aceast\u0103 piatr\u0103 semipre\u021bioas\u0103 probabil a ajutat-o \u200b\u200bcu vibra\u021biile ei lini\u0219titoare \u0219i i-a sus\u021binut creativitatea \u00een negocierile de succes cu diploma\u021bii \u0219i conduc\u0103torii imperiilor din jurul Egiptului la acea vreme. Indienii din America de Nord foloseau crisocola ca piatr\u0103 de vindecare pentru a accelera tratamentul unei variet\u0103\u021bi de boli \u0219i, de asemenea, ca amulet\u0103 pentru prevenire. Multe dintre semnele zodiacale pot beneficia de propriet\u0103\u021bile lini\u0219titoare ale acestei pietre.<\/p>\n<p>Tara de origine: <strong>Mexic<\/strong><\/p>\n<p>Element: <strong>P\u0103m\u00e2nt, ap\u0103<\/strong><\/p>\n<p>Semne zodiacale: <strong>S\u0103get\u0103tor, Taur, Rac, V\u0103rs\u0103tor, Balan\u021b\u0103, Gemeni \u0219i Fecioar\u0103<\/strong><\/p>\n<p>Aceast\u0103 piatr\u0103 armonizeaz\u0103 chakra inimii \u0219i chakra g\u00e2tului<\/p>\n<p><img loading=\"lazy\" decoding=\"async\" class=\"alignnone wp-image-72747\" src=\"https:\/\/trimakasi.cz\/wp-content\/uploads\/2018\/07\/\u010dakra5.jpg\" alt=\"Hrdeln\u00ed \u010dakra\" width=\"69\" height=\"74\" \/><img loading=\"lazy\" decoding=\"async\" class=\"alignnone wp-image-72746\" src=\"https:\/\/trimakasi.cz\/wp-content\/uploads\/2018\/07\/\u010dakra4.jpg\" alt=\"Srde\u010dn\u00ed \u010dakra\" width=\"64\" height=\"75\" \/><\/p>\n<p><a href=\"https:\/\/trimakasi.eu\/ro\/vlog\/\"><u>Vizita\u021bi blogul nostru video pentru a descoperi conexiunile dintre pietre pre\u021bioase, semne zodiacale, chakre \u0219i multe altele.<\/u><\/a><\/p>","protected":false},"excerpt":{"rendered":"<p>Crisocol este o piatr\u0103 pre\u021bioas\u0103 natural\u0103, care este o alternativ\u0103 accesibil\u0103 la piatr\u0103 pre\u021bioas\u0103 turcoaz cu aspect similar \u0219i rar. Este o piatr\u0103 vindec\u0103toare foarte puternic\u0103. Afla\u021bi mai multe despre propriet\u0103\u021bile acestei pietre mai jos.<\/p>\n<p>Br\u0103\u021bar\u0103 \u00eempletit\u0103 care este reglabil\u0103 \u00een func\u021bie de dimensiune, dar v\u0103 recomand\u0103m s\u0103 o alege\u021bi \u00een func\u021bie de dimensiunea circumferin\u021bei \u00eencheieturii m\u00e2inii.\u00a0<u><a href=\"https:\/\/trimakasi.eu\/ro\/cum-se-alege-marimea-bratarii\/\">Instruc\u021biuni despre cum s\u0103 determina\u021bi corect t<\/a><\/u><u><\/u><a href=\"https:\/\/trimakasi.eu\/ro\/cum-se-alege-marimea-bratarii\/\"><u>Instruc\u021biuni despre cum s\u0103 v\u0103 determina\u021bi corect m\u0103rimea, reg\u0103si\u021bi aici<\/u><\/a><\/p>","protected":false},"featured_media":81074,"comment_status":"open","ping_status":"closed","template":"","meta":{"_acf_changed":false,"_themeisle_gutenberg_block_has_review":false},"product_brand":[],"product_cat":[1688,1069,1064,1316],"product_tag":[],"class_list":{"0":"post-83110","1":"product","2":"type-product","3":"status-publish","4":"has-post-thumbnail","6":"product_cat-braided-bracelets","7":"product_cat-braided-bracelets-for-men","8":"product_cat-mens-jewellery","9":"product_cat-rare-gemstone-bracelets","11":"first","12":"instock","13":"taxable","14":"shipping-taxable","15":"purchasable","16":"product-type-variable","17":"has-default-attributes"},"acf":[],"_links":{"self":[{"href":"https:\/\/trimakasi.eu\/ro\/wp-json\/wp\/v2\/product\/83110","targetHints":{"allow":["GET"]}}],"collection":[{"href":"https:\/\/trimakasi.eu\/ro\/wp-json\/wp\/v2\/product"}],"about":[{"href":"https:\/\/trimakasi.eu\/ro\/wp-json\/wp\/v2\/types\/product"}],"replies":[{"embeddable":true,"href":"https:\/\/trimakasi.eu\/ro\/wp-json\/wp\/v2\/comments?post=83110"}],"wp:featuredmedia":[{"embeddable":true,"href":"https:\/\/trimakasi.eu\/ro\/wp-json\/wp\/v2\/media\/81074"}],"wp:attachment":[{"href":"https:\/\/trimakasi.eu\/ro\/wp-json\/wp\/v2\/media?parent=83110"}],"wp:term":[{"taxonomy":"product_brand","embeddable":true,"href":"https:\/\/trimakasi.eu\/ro\/wp-json\/wp\/v2\/product_brand?post=83110"},{"taxonomy":"product_cat","embeddable":true,"href":"https:\/\/trimakasi.eu\/ro\/wp-json\/wp\/v2\/product_cat?post=83110"},{"taxonomy":"product_tag","embeddable":true,"href":"https:\/\/trimakasi.eu\/ro\/wp-json\/wp\/v2\/product_tag?post=83110"}],"curies":[{"name":"wp","href":"https:\/\/api.w.org\/{rel}","templated":true}]}}