{"id":75867,"date":"2020-01-09T17:01:58","date_gmt":"2020-01-09T16:01:58","guid":{"rendered":"https:\/\/trimakasi.eu\/?post_type=product&#038;p=75867"},"modified":"2024-09-22T11:20:25","modified_gmt":"2024-09-22T09:20:25","slug":"semiluna-colier-aur","status":"publish","type":"product","link":"https:\/\/trimakasi.eu\/ro\/product\/crescent-necklace-gold\/","title":{"rendered":"Colier semilun\u0103 - aur"},"content":{"rendered":"<h3>Colier semilun\u0103<\/h3>\n<p>Colierul cu semilun\u0103 a fost \u00een Egiptul antic un simbol al zei\u021bei Isis, mama zeilor. Isis a fost descris\u0103 ca regina Egiptului, care controleaz\u0103 magia \u0219i este protectorul maternit\u0103\u021bii, al femeilor \u0219i al vindec\u0103torilor. Semiluna orientat\u0103 \u00een jos a ap\u0103rut pentru prima dat\u0103 ca un semn egiptean care \u00eenseamn\u0103 literalmente luna.<\/p>\n<p>\u00cen mitologia egiptean\u0103, \u00een general, luna are importan\u021ba fertilit\u0103\u021bii, se credea c\u0103 cerealele sem\u0103nate la luna plin\u0103 vor cre\u0219te mai repede sau c\u0103 ierburile recoltate la luna plin\u0103 ar avea efecte terapeutice mai puternice. Egiptenii credeau, de asemenea, c\u0103, datorit\u0103 puterii fertile a lunii, \u00een pia\u021b\u0103 apar noi pietre pre\u021bioase \u0219i pietre pre\u021bioase.<\/p>","protected":false},"excerpt":{"rendered":"<p>Colier semilun\u0103 elegant, din o\u021bel inoxidabil cu acoperire PVD auriu.<\/p>\n<p>Dimensiunea lunii: 2 cm. L\u0103\u021bimea lan\u021bului este de 1 mm, iar lungimea lan\u021bului este reglabil\u0103 de la 46 cm la 52 cm.<\/p>","protected":false},"featured_media":85309,"comment_status":"open","ping_status":"closed","template":"","meta":{"_acf_changed":false,"_themeisle_gutenberg_block_has_review":false},"product_brand":[],"product_cat":[569,1149,1690,553],"product_tag":[],"class_list":{"0":"post-75867","1":"product","2":"type-product","3":"status-publish","4":"has-post-thumbnail","6":"product_cat-minimalist-jewellery-for-women","7":"product_cat-necklaces-for-women","8":"product_cat-necklaces","9":"product_cat-womens-jewellery","11":"first","12":"instock","13":"taxable","14":"shipping-taxable","15":"purchasable","16":"product-type-simple"},"acf":[],"_links":{"self":[{"href":"https:\/\/trimakasi.eu\/ro\/wp-json\/wp\/v2\/product\/75867","targetHints":{"allow":["GET"]}}],"collection":[{"href":"https:\/\/trimakasi.eu\/ro\/wp-json\/wp\/v2\/product"}],"about":[{"href":"https:\/\/trimakasi.eu\/ro\/wp-json\/wp\/v2\/types\/product"}],"replies":[{"embeddable":true,"href":"https:\/\/trimakasi.eu\/ro\/wp-json\/wp\/v2\/comments?post=75867"}],"wp:featuredmedia":[{"embeddable":true,"href":"https:\/\/trimakasi.eu\/ro\/wp-json\/wp\/v2\/media\/85309"}],"wp:attachment":[{"href":"https:\/\/trimakasi.eu\/ro\/wp-json\/wp\/v2\/media?parent=75867"}],"wp:term":[{"taxonomy":"product_brand","embeddable":true,"href":"https:\/\/trimakasi.eu\/ro\/wp-json\/wp\/v2\/product_brand?post=75867"},{"taxonomy":"product_cat","embeddable":true,"href":"https:\/\/trimakasi.eu\/ro\/wp-json\/wp\/v2\/product_cat?post=75867"},{"taxonomy":"product_tag","embeddable":true,"href":"https:\/\/trimakasi.eu\/ro\/wp-json\/wp\/v2\/product_tag?post=75867"}],"curies":[{"name":"wp","href":"https:\/\/api.w.org\/{rel}","templated":true}]}}