{"id":75856,"date":"2020-01-08T19:50:42","date_gmt":"2020-01-08T18:50:42","guid":{"rendered":"https:\/\/trimakasi.eu\/?post_type=product&#038;p=75856"},"modified":"2024-03-25T19:01:05","modified_gmt":"2024-03-25T18:01:05","slug":"bratari-pentru-cupluri-apa-foc","status":"publish","type":"product","link":"https:\/\/trimakasi.eu\/ro\/product\/bracelets-for-couples-water-fire\/","title":{"rendered":"Br\u0103\u021b\u0103ri pentru cupluri - Water &amp; Fire"},"content":{"rendered":"<h3 id=\"tw-target-text\" class=\"tw-data-text tw-ta tw-text-small\" dir=\"ltr\" data-placeholder=\"P\u0159eklad\">Piatra de lav\u0103<\/h3>\n<p class=\"tw-data-text tw-ta tw-text-small\" dir=\"ltr\" data-placeholder=\"P\u0159eklad\"><span lang=\"en\" tabindex=\"0\">Piatra de lav\u0103 este supranumit\u0103 \u0219i \u201ePiatra rena\u0219terii\u201d, deoarece are capacitatea de a-i ajuta pe cei care o poart\u0103, s\u0103 scape de emo\u021biile inutile \u0219i nes\u0103n\u0103toase. Piatra de lav\u0103 ne men\u021bine stabili mental \u0219i ne ajut\u0103 s\u0103 sc\u0103dem furia. Efectul de \u00eemp\u0103m\u00e2ntare a pietrei de lav\u0103 este, de asemenea, utilizat, de exemplu, pentru masaje.\u00a0<\/span><\/p>\n<p>Element: <strong>Foc, P\u0103m\u00e2nt<\/strong><\/p>\n<p>Semn zodiacal:<strong> Benefic pentru toate zodiile<\/strong><\/p>\n<p>Piatra de lav\u0103 armonizeaz\u0103 chakra r\u0103d\u0103cinii<\/p>\n<p><a href=\"https:\/\/trimakasi.eu\/wp-content\/uploads\/\u010dakra1.jpg\"><img loading=\"lazy\" decoding=\"async\" class=\"alignnone size-full wp-image-138513\" src=\"https:\/\/trimakasi.eu\/wp-content\/uploads\/\u010dakra1.jpg\" alt=\"Chakra r\u0103d\u0103cinii\" width=\"81\" height=\"88\" srcset=\"https:\/\/trimakasi.eu\/wp-content\/uploads\/\u010dakra1.jpg 81w, https:\/\/trimakasi.eu\/wp-content\/uploads\/\u010dakra1-11x12.jpg 11w\" sizes=\"auto, (max-width: 81px) 100vw, 81px\" \/><\/a><\/p>\n<h3>Lazurite - Lapis lazuli<\/h3>\n<p>Aceasta este una dintre cele mai vechi pietre pre\u021bioase descoperite de omenire! A fost folosit, de exemplu, \u00een Egiptul antic pentru a produce bijuterii \u0219i amulete \u0219i pentru producerea primelor produse cosmetice pentru femei. Aceast\u0103 piatr\u0103 a reprezentat acolo \u00eentreaga list\u0103 de calit\u0103\u021bi bune, dar mai presus de toate, Lapis Lazuli a fost numit \u201ePiatra cerului\u201d. Culoarea sa albastr\u0103 intens\u0103 simboliza un cer de noapte indigo, iar petele de aur alb simbolizau stelele nemuritoare.<\/p>\n<p>Semn zodiacal: <strong>S\u0103get\u0103tor, V\u0103rs\u0103tor, Balan\u021b\u0103<\/strong><\/p>\n<p>Element: <strong>Ap\u0103<\/strong><\/p>\n<p>Br\u0103\u021bara armonizeaz\u0103 chakra g\u00e2tului \u0219i chakra celui de-al treilea ochi<\/p>\n<p><a href=\"https:\/\/trimakasi.eu\/wp-content\/uploads\/\u010dakra5.jpg\"><img loading=\"lazy\" decoding=\"async\" class=\"alignnone size-full wp-image-138515\" src=\"https:\/\/trimakasi.eu\/wp-content\/uploads\/\u010dakra5.jpg\" alt=\"Chakra g\u00e2tului\" width=\"81\" height=\"87\" srcset=\"https:\/\/trimakasi.eu\/wp-content\/uploads\/\u010dakra5.jpg 81w, https:\/\/trimakasi.eu\/wp-content\/uploads\/\u010dakra5-11x12.jpg 11w\" sizes=\"auto, (max-width: 81px) 100vw, 81px\" \/><\/a><a href=\"https:\/\/trimakasi.eu\/wp-content\/uploads\/\u010dakra6.jpg\"><img loading=\"lazy\" decoding=\"async\" class=\"alignnone size-full wp-image-138516\" src=\"https:\/\/trimakasi.eu\/wp-content\/uploads\/\u010dakra6.jpg\" alt=\"Chakra al treilea ochi\" width=\"103\" height=\"98\" srcset=\"https:\/\/trimakasi.eu\/wp-content\/uploads\/\u010dakra6.jpg 103w, https:\/\/trimakasi.eu\/wp-content\/uploads\/\u010dakra6-13x12.jpg 13w\" sizes=\"auto, (max-width: 103px) 100vw, 103px\" \/><\/a><\/p>\n<h3>Granat<\/h3>\n<p id=\"tw-target-text\" class=\"tw-data-text tw-ta tw-text-small\" dir=\"ltr\" data-placeholder=\"P\u0159eklad\"><span lang=\"en\" tabindex=\"0\">Granatul Hesonite este o varietate pur\u0103 de granat care aprinde curajul, \u00eent\u0103re\u0219te carisma \u0219i vitalitatea \u0219i, de asemenea, ajut\u0103 la g\u0103sirea puterii creatoare ad\u00e2nc \u00een sine. Granatul ca piatr\u0103 de protec\u021bie a s\u0103n\u0103t\u0103\u021bii spore\u0219te vitalitatea \u0219i instinctele esen\u021biale de supravie\u021buire. De asemenea, se presupune c\u0103 ajut\u0103 la fertilitate \u0219i libidou. Granatul era, de asemenea, purtat anterior ca o protec\u021bie \u00eempotriva otr\u0103vurilor \u0219i se credea c\u0103 era capabil s\u0103 neutralizeze otr\u0103vurile.<\/span><\/p>\n<p class=\"tw-data-text tw-ta tw-text-small\" dir=\"ltr\" data-placeholder=\"P\u0159eklad\"><span lang=\"en\" tabindex=\"0\">Element:<strong> Foc, P\u0103m\u00e2nt<\/strong><\/span><\/p>\n<p class=\"tw-data-text tw-ta tw-text-small\" dir=\"ltr\" data-placeholder=\"P\u0159eklad\"><span lang=\"en\" tabindex=\"0\">Semne zodiacale: <strong>Capricorn, V\u0103rs\u0103tor, Scorpion, Leu<\/strong><\/span><\/p>\n<p><span lang=\"en\" tabindex=\"0\">Granatul deschide o conexiune rar\u0103 \u00eentre chakra r\u0103d\u0103cin\u0103 \u0219i chakra coroanei, ajut\u0103 la aducerea \u0219i ancorarea energiei mentale \u00een corpul fizic.<\/span><\/p>\n<p><a href=\"https:\/\/trimakasi.eu\/wp-content\/uploads\/\u010dakra1.jpg\"><img loading=\"lazy\" decoding=\"async\" class=\"alignnone size-full wp-image-138513\" src=\"https:\/\/trimakasi.eu\/wp-content\/uploads\/\u010dakra1.jpg\" alt=\"Chakra r\u0103d\u0103cinii\" width=\"81\" height=\"88\" srcset=\"https:\/\/trimakasi.eu\/wp-content\/uploads\/\u010dakra1.jpg 81w, https:\/\/trimakasi.eu\/wp-content\/uploads\/\u010dakra1-11x12.jpg 11w\" sizes=\"auto, (max-width: 81px) 100vw, 81px\" \/><\/a><a href=\"https:\/\/trimakasi.eu\/wp-content\/uploads\/crown-chakra.jpg\"><img loading=\"lazy\" decoding=\"async\" class=\"alignnone size-full wp-image-132743\" src=\"https:\/\/trimakasi.eu\/wp-content\/uploads\/crown-chakra.jpg\" alt=\"\" width=\"92\" height=\"102\" srcset=\"https:\/\/trimakasi.eu\/wp-content\/uploads\/crown-chakra.jpg 92w, https:\/\/trimakasi.eu\/wp-content\/uploads\/crown-chakra-11x12.jpg 11w\" sizes=\"auto, (max-width: 92px) 100vw, 92px\" \/><\/a><\/p>\n<p><a href=\"https:\/\/trimakasi.eu\/ro\/vlog\/\"><u>Vizita\u021bi blogul nostru video pentru a descoperi conexiunile dintre pietre pre\u021bioase, semne zodiacale, chakre \u0219i multe altele.<\/u><\/a><\/p>","protected":false},"excerpt":{"rendered":"<p>Set de dou\u0103 br\u0103\u021b\u0103ri care une\u0219te utilizarea pietrei de lav\u0103. O br\u0103\u021bar\u0103 con\u021bine un granat ro\u0219u care simbolizeaz\u0103 focul, iar cealalt\u0103 br\u0103\u021bar\u0103 con\u021bine un lapis lazuli albastru care simbolizeaz\u0103 elementul de ap\u0103. S\u0103lb\u0103ticia focului este echilibrat\u0103 de apa calm\u0103 \u0219i persistent\u0103 - numai \u00een acest fel se va crea armonia! Stabili\u021bi cine \u00een rela\u021bia dvs. este mai potrivit pentru defini\u021bia apei sau a focului \u0219i alege\u021bi dimensiunea br\u0103\u021b\u0103rii \u00een consecin\u021b\u0103. Afla\u021bi mai multe despre propriet\u0103\u021bile pietrelor uzate de mai jos.<\/p>\n<p>Alege\u021bi o br\u0103\u021bar\u0103 dup\u0103 m\u0103rimile \u00eencheieturilor.\u00a0<a href=\"https:\/\/trimakasi.eu\/ro\/cum-se-alege-marimea-bratarii\/\">Instruc\u021biunile despre cum s\u0103 alege\u021bi corect dimensiunea pot fi g\u0103site aici.<\/a><\/p>","protected":false},"featured_media":75863,"comment_status":"open","ping_status":"closed","template":"","meta":{"_acf_changed":false,"_themeisle_gutenberg_block_has_review":false},"product_brand":[],"product_cat":[1152,1064,553],"product_tag":[],"class_list":{"0":"post-75856","1":"product","2":"type-product","3":"status-publish","4":"has-post-thumbnail","6":"product_cat-couples-bracelets","7":"product_cat-mens-jewellery","8":"product_cat-womens-jewellery","10":"first","11":"instock","12":"taxable","13":"shipping-taxable","14":"purchasable","15":"product-type-variable","16":"has-default-attributes"},"acf":[],"_links":{"self":[{"href":"https:\/\/trimakasi.eu\/ro\/wp-json\/wp\/v2\/product\/75856","targetHints":{"allow":["GET"]}}],"collection":[{"href":"https:\/\/trimakasi.eu\/ro\/wp-json\/wp\/v2\/product"}],"about":[{"href":"https:\/\/trimakasi.eu\/ro\/wp-json\/wp\/v2\/types\/product"}],"replies":[{"embeddable":true,"href":"https:\/\/trimakasi.eu\/ro\/wp-json\/wp\/v2\/comments?post=75856"}],"wp:featuredmedia":[{"embeddable":true,"href":"https:\/\/trimakasi.eu\/ro\/wp-json\/wp\/v2\/media\/75863"}],"wp:attachment":[{"href":"https:\/\/trimakasi.eu\/ro\/wp-json\/wp\/v2\/media?parent=75856"}],"wp:term":[{"taxonomy":"product_brand","embeddable":true,"href":"https:\/\/trimakasi.eu\/ro\/wp-json\/wp\/v2\/product_brand?post=75856"},{"taxonomy":"product_cat","embeddable":true,"href":"https:\/\/trimakasi.eu\/ro\/wp-json\/wp\/v2\/product_cat?post=75856"},{"taxonomy":"product_tag","embeddable":true,"href":"https:\/\/trimakasi.eu\/ro\/wp-json\/wp\/v2\/product_tag?post=75856"}],"curies":[{"name":"wp","href":"https:\/\/api.w.org\/{rel}","templated":true}]}}