{"id":75844,"date":"2020-01-04T22:25:31","date_gmt":"2020-01-04T21:25:31","guid":{"rendered":"https:\/\/trimakasi.eu\/?post_type=product&#038;p=75844"},"modified":"2024-03-25T19:01:18","modified_gmt":"2024-03-25T18:01:18","slug":"bratari-pentru-cupluri-negru-alb","status":"publish","type":"product","link":"https:\/\/trimakasi.eu\/ro\/product\/bracelets-for-couples-black-white\/","title":{"rendered":"Br\u0103\u021b\u0103ri pentru cupluri - Black &amp; White"},"content":{"rendered":"<h3 dir=\"ltr\" data-placeholder=\"P\u0159eklad\">Cuar\u021b alb<\/h3>\n<p dir=\"ltr\" data-placeholder=\"P\u0159eklad\">Cuar\u021bul este un mineral foarte abundent, care apare cel mai adesea \u00een culoarea gri deschis sau alb \u0219i \u00eempreun\u0103 cu feldspars este cel mai r\u0103sp\u00e2ndit mineral din scoar\u021ba terestr\u0103. Raport\u0103m sincer c\u0103 cuar\u021bul pe care \u00eel folosim are o culoare alb\u0103 str\u0103lucitoare datorit\u0103 color\u0103rii suplimentare care creeaz\u0103 un contrast frumos cu alte margele.<\/p>\n<div>Element: <strong>Aer<\/strong><\/div>\n<div><\/div>\n<div>Semn zodiacal: <strong>Leu \u0219i Berbec<\/strong><\/div>\n<h3>Obsidian negru<\/h3>\n<p><span lang=\"en\" tabindex=\"0\">Obsidianul este o form\u0103 special\u0103 de sticl\u0103 natural\u0103, creat\u0103 prin r\u0103cirea rapid\u0103 a lavei fierbin\u021bi de pe suprafa\u021ba p\u0103m\u00e2ntului. A fost folosit de omenire \u00eenc\u0103 din epoca de piatr\u0103, c\u00e2nd v\u00e2n\u0103torii \u00ee\u0219i f\u0103ceau v\u00e2rfurile armelor din a\u0219chii ascu\u021bi\u021bi. Aceast\u0103 piatr\u0103 a fost de asemenea\u00a0<\/span><span lang=\"en\" tabindex=\"0\">apreciat de vechii azteci, care o numeau \u201ePiatra lui Dumnezeu\u201d. Pumnalul lor sacru, conceput pentru ritualul lor infam de a aduce sacrificii umane c\u0103tre zei, a fost f\u0103cut din aceast\u0103 piatr\u0103.<\/span><\/p>\n<p>Element: <strong>Foc<\/strong><\/p>\n<p>Semn zodiacal:\u00a0<strong>S\u0103get\u0103tor, Scorpion<\/strong><\/p>\n<div>\n<p><img loading=\"lazy\" decoding=\"async\" class=\"alignnone wp-image-72742 lazyloaded\" src=\"https:\/\/trimakasi.cz\/wp-content\/uploads\/2018\/08\/%C4%8Dakra1.jpg\" alt=\"Z\u00e1kladn\u00ed \u010dakra\" width=\"64\" height=\"70\" data-lazy-src=\"https:\/\/trimakasi.cz\/wp-content\/uploads\/2018\/08\/\u010dakra1.jpg\" data-was-processed=\"true\" \/><img loading=\"lazy\" decoding=\"async\" class=\"alignnone wp-image-72749 lazyloaded\" src=\"https:\/\/trimakasi.cz\/wp-content\/uploads\/2018\/07\/%C4%8Dakra7.jpg\" alt=\"Korunn\u00ed \u010dakra\" width=\"64\" height=\"71\" data-lazy-src=\"https:\/\/trimakasi.cz\/wp-content\/uploads\/2018\/07\/%C4%8Dakra7.jpg\" data-was-processed=\"true\" \/><img loading=\"lazy\" decoding=\"async\" class=\"alignnone wp-image-72746 lazyloaded\" src=\"https:\/\/trimakasi.cz\/wp-content\/uploads\/2018\/07\/%C4%8Dakra4.jpg\" alt=\"Srde\u010dn\u00ed \u010dakra\" width=\"63\" height=\"75\" data-lazy-src=\"https:\/\/trimakasi.cz\/wp-content\/uploads\/2018\/07\/%C4%8Dakra4.jpg\" data-was-processed=\"true\" \/><\/p>\n<p><a href=\"https:\/\/trimakasi.eu\/ro\/vlog\/\"><u>Vizita\u021bi blogul nostru video pentru a descoperi conexiunile dintre pietre pre\u021bioase, semne zodiacale, chakre \u0219i multe altele.<\/u><\/a><\/p>\n<\/div>","protected":false},"excerpt":{"rendered":"<p>Dou\u0103 br\u0103\u021b\u0103ri pentru cupluri \u2013 obsidian negru \u0219i cuar\u021b alb. Simbolizeaz\u0103 leg\u0103tura ta cu br\u0103\u021b\u0103rile noastre de cupluri alb-negru. Perfecte pentru parteneri, ele \u00eentruchipeaz\u0103 unitatea \u0219i contrastul, reflect\u00e2nd conexiunea ta unic\u0103.<\/p>\n<p>Afla\u021bi mai multe despre propriet\u0103\u021bile acestor pietre mai jos.<\/p>\n<p>Alege\u021bi o br\u0103\u021bar\u0103 dup\u0103 m\u0103rimile \u00eencheieturilor.\u00a0<a href=\"https:\/\/trimakasi.eu\/ro\/cum-se-alege-marimea-bratarii\/\">Instruc\u021biunile despre cum s\u0103 alege\u021bi corect dimensiunea pot fi g\u0103site aici.<\/a><\/p>","protected":false},"featured_media":75851,"comment_status":"open","ping_status":"closed","template":"","meta":{"_acf_changed":false,"_themeisle_gutenberg_block_has_review":false},"product_brand":[],"product_cat":[1152,1064,553],"product_tag":[],"class_list":{"0":"post-75844","1":"product","2":"type-product","3":"status-publish","4":"has-post-thumbnail","6":"product_cat-couples-bracelets","7":"product_cat-mens-jewellery","8":"product_cat-womens-jewellery","10":"first","11":"instock","12":"taxable","13":"shipping-taxable","14":"purchasable","15":"product-type-variable","16":"has-default-attributes"},"acf":[],"_links":{"self":[{"href":"https:\/\/trimakasi.eu\/ro\/wp-json\/wp\/v2\/product\/75844","targetHints":{"allow":["GET"]}}],"collection":[{"href":"https:\/\/trimakasi.eu\/ro\/wp-json\/wp\/v2\/product"}],"about":[{"href":"https:\/\/trimakasi.eu\/ro\/wp-json\/wp\/v2\/types\/product"}],"replies":[{"embeddable":true,"href":"https:\/\/trimakasi.eu\/ro\/wp-json\/wp\/v2\/comments?post=75844"}],"wp:featuredmedia":[{"embeddable":true,"href":"https:\/\/trimakasi.eu\/ro\/wp-json\/wp\/v2\/media\/75851"}],"wp:attachment":[{"href":"https:\/\/trimakasi.eu\/ro\/wp-json\/wp\/v2\/media?parent=75844"}],"wp:term":[{"taxonomy":"product_brand","embeddable":true,"href":"https:\/\/trimakasi.eu\/ro\/wp-json\/wp\/v2\/product_brand?post=75844"},{"taxonomy":"product_cat","embeddable":true,"href":"https:\/\/trimakasi.eu\/ro\/wp-json\/wp\/v2\/product_cat?post=75844"},{"taxonomy":"product_tag","embeddable":true,"href":"https:\/\/trimakasi.eu\/ro\/wp-json\/wp\/v2\/product_tag?post=75844"}],"curies":[{"name":"wp","href":"https:\/\/api.w.org\/{rel}","templated":true}]}}