{"id":75828,"date":"2022-07-04T17:30:01","date_gmt":"2022-07-04T15:30:01","guid":{"rendered":"https:\/\/trimakasi.eu\/?post_type=product&#038;p=75828"},"modified":"2024-03-25T18:18:44","modified_gmt":"2024-03-25T17:18:44","slug":"bratari-pentru-cupluri-piatra-soarelui","status":"publish","type":"product","link":"https:\/\/trimakasi.eu\/ro\/product\/bracelets-for-couples-sun-stone\/","title":{"rendered":"Br\u0103\u021b\u0103ri pentru cupluri - Piatra soarelui"},"content":{"rendered":"<h3>Piatra solar\u0103<\/h3>\n<p>Vibra\u021biile acestei pietre pre\u021bioase semipre\u021bioase poart\u0103 energia puternic\u0103 \u0219i creativ\u0103 a zeului soarelui egiptean numit Ra. Aceast\u0103 energie puternic\u0103 la oameni re\u00eennoie\u0219te bucuria vie\u021bii, buna dispozi\u021bie \u0219i pozitivitatea.<\/p>\n<p>Piatra Soarelui este un simbol al conducerii, al carismei, al libert\u0103\u021bii \u0219i al con\u0219tiin\u021bei extinse. Poate aduce lumin\u0103 \u00een zonele vie\u021bii noastre care necesit\u0103 aten\u021bie. De asemenea, aceast\u0103 piatr\u0103 poate ajuta la risipirea fricii, stresului \u0219i a tuturor vibra\u021biilor negative.<\/p>\n<p>Element:\u00a0<strong>Foc<\/strong><\/p>\n<p>Semn zodiacal:\u00a0<strong>Leu, Berbec, Balan\u021b\u0103, Capricorn<\/strong><\/p>\n<h3 dir=\"ltr\" data-placeholder=\"P\u0159eklad\">Cuar\u021b alb<\/h3>\n<p dir=\"ltr\" data-placeholder=\"P\u0159eklad\">Cuar\u021bul este un mineral foarte abundent, care apare cel mai adesea \u00een culoarea gri deschis sau alb \u0219i \u00eempreun\u0103 cu feldspars este cel mai r\u0103sp\u00e2ndit mineral din scoar\u021ba terestr\u0103. Raport\u0103m sincer c\u0103 cuar\u021bul pe care \u00eel folosim are o culoare alb\u0103 str\u0103lucitoare datorit\u0103 color\u0103rii suplimentare care creeaz\u0103 un contrast frumos cu alte margele.<\/p>\n<div>Element: <strong>Aer<\/strong><\/div>\n<div><\/div>\n<div>Semn zodiacal:<strong> Leu \u0219i Berbec<\/strong><\/div>\n<h3><a href=\"https:\/\/trimakasi.eu\/ro\/product\/black-matte-agate\/\">Onix negru mat<\/a><\/h3>\n<p>Onixul negru are capacitatea de a cre\u0219te puterea de voin\u021b\u0103 a proprietarului s\u0103u \u0219i \u00eel ajut\u0103 s\u0103 fac\u0103 fa\u021b\u0103 problemelor cu curaj. Ne ajut\u0103 s\u0103 g\u0103sim solu\u021bii \u00een loc s\u0103 g\u0103sim probleme \u0219i s\u0103 alung\u0103m ideea de a renun\u021ba.<\/p>\n<div>\n<div>\n<div>Element:<strong> Foc<\/strong><\/div>\n<div><\/div>\n<div>Semn zodiacal: <strong>S\u0103get\u0103tor, Fecioar\u0103, Gemeni, Scorpion, Pe\u0219ti, V\u0103rs\u0103tor, Capricorn, Rac, Taur, Berbec<\/strong><\/div>\n<\/div>\n<p><img loading=\"lazy\" decoding=\"async\" class=\"alignnone wp-image-72742 lazyloaded\" src=\"https:\/\/trimakasi.cz\/wp-content\/uploads\/2018\/08\/%C4%8Dakra1.jpg\" alt=\"Z\u00e1kladn\u00ed \u010dakra\" width=\"64\" height=\"70\" data-lazy-src=\"https:\/\/trimakasi.cz\/wp-content\/uploads\/2018\/08\/\u010dakra1.jpg\" data-was-processed=\"true\" \/><img loading=\"lazy\" decoding=\"async\" class=\"alignnone wp-image-72745 lazyloaded\" src=\"https:\/\/trimakasi.cz\/wp-content\/uploads\/2018\/07\/%C4%8Dakra3.jpg\" alt=\"Plexul solar \u010dakra\" width=\"62\" height=\"68\" data-lazy-src=\"https:\/\/trimakasi.cz\/wp-content\/uploads\/2018\/07\/%C4%8Dakra3.jpg\" data-was-processed=\"true\" \/><img loading=\"lazy\" decoding=\"async\" class=\"alignnone wp-image-72744 lazyloaded\" src=\"https:\/\/trimakasi.cz\/wp-content\/uploads\/2018\/07\/%C4%8Dakra2.jpg\" alt=\"Sakr\u00e1ln\u00ed \u010dakra\" width=\"62\" height=\"79\" data-lazy-src=\"https:\/\/trimakasi.cz\/wp-content\/uploads\/2018\/07\/%C4%8Dakra2.jpg\" data-was-processed=\"true\" \/><img loading=\"lazy\" decoding=\"async\" class=\"alignnone wp-image-72749 lazyloaded\" src=\"https:\/\/trimakasi.cz\/wp-content\/uploads\/2018\/07\/%C4%8Dakra7.jpg\" alt=\"Korunn\u00ed \u010dakra\" width=\"64\" height=\"71\" data-lazy-src=\"https:\/\/trimakasi.cz\/wp-content\/uploads\/2018\/07\/%C4%8Dakra7.jpg\" data-was-processed=\"true\" \/><img loading=\"lazy\" decoding=\"async\" class=\"alignnone wp-image-72746 lazyloaded\" src=\"https:\/\/trimakasi.cz\/wp-content\/uploads\/2018\/07\/%C4%8Dakra4.jpg\" alt=\"Srde\u010dn\u00ed \u010dakra\" width=\"63\" height=\"75\" data-lazy-src=\"https:\/\/trimakasi.cz\/wp-content\/uploads\/2018\/07\/%C4%8Dakra4.jpg\" data-was-processed=\"true\" \/><\/p>\n<p><a href=\"https:\/\/trimakasi.eu\/ro\/vlog\/\"><u>Vizita\u021bi blogul nostru video pentru a descoperi conexiunile dintre pietre pre\u021bioase, semne zodiacale, chakre \u0219i multe altele.<\/u><\/a><\/p>\n<\/div>","protected":false},"excerpt":{"rendered":"<p>Dou\u0103 br\u0103\u021b\u0103ri pentru cuplu \u2013 ambele din piatr\u0103 de soare \u2013 pentru b\u0103rba\u021bi piatr\u0103 de soare \u00eentunecat\u0103 \u0219i pentru femei piatr\u0103 de soare clasic\u0103. Br\u0103\u021bara pentru femei include \u0219i cuar\u021b alb, iar br\u0103\u021bara pentru b\u0103rba\u021bi include agat negru mat. Afla\u021bi mai multe despre propriet\u0103\u021bile acestei pietre mai jos.<\/p>\n<p>Alege\u021bi o br\u0103\u021bar\u0103 dup\u0103 m\u0103rimile \u00eencheieturilor.\u00a0<a href=\"https:\/\/trimakasi.eu\/ro\/cum-se-alege-marimea-bratarii\/\">Instruc\u021biunile despre cum s\u0103 alege\u021bi corect dimensiunea pot fi g\u0103site aici.<\/a><\/p>","protected":false},"featured_media":75835,"comment_status":"open","ping_status":"closed","template":"","meta":{"_acf_changed":false,"_themeisle_gutenberg_block_has_review":false},"product_brand":[],"product_cat":[1152,1064,553],"product_tag":[],"class_list":{"0":"post-75828","1":"product","2":"type-product","3":"status-publish","4":"has-post-thumbnail","6":"product_cat-couples-bracelets","7":"product_cat-mens-jewellery","8":"product_cat-womens-jewellery","10":"first","11":"instock","12":"taxable","13":"shipping-taxable","14":"purchasable","15":"product-type-variable","16":"has-default-attributes"},"acf":[],"_links":{"self":[{"href":"https:\/\/trimakasi.eu\/ro\/wp-json\/wp\/v2\/product\/75828","targetHints":{"allow":["GET"]}}],"collection":[{"href":"https:\/\/trimakasi.eu\/ro\/wp-json\/wp\/v2\/product"}],"about":[{"href":"https:\/\/trimakasi.eu\/ro\/wp-json\/wp\/v2\/types\/product"}],"replies":[{"embeddable":true,"href":"https:\/\/trimakasi.eu\/ro\/wp-json\/wp\/v2\/comments?post=75828"}],"wp:featuredmedia":[{"embeddable":true,"href":"https:\/\/trimakasi.eu\/ro\/wp-json\/wp\/v2\/media\/75835"}],"wp:attachment":[{"href":"https:\/\/trimakasi.eu\/ro\/wp-json\/wp\/v2\/media?parent=75828"}],"wp:term":[{"taxonomy":"product_brand","embeddable":true,"href":"https:\/\/trimakasi.eu\/ro\/wp-json\/wp\/v2\/product_brand?post=75828"},{"taxonomy":"product_cat","embeddable":true,"href":"https:\/\/trimakasi.eu\/ro\/wp-json\/wp\/v2\/product_cat?post=75828"},{"taxonomy":"product_tag","embeddable":true,"href":"https:\/\/trimakasi.eu\/ro\/wp-json\/wp\/v2\/product_tag?post=75828"}],"curies":[{"name":"wp","href":"https:\/\/api.w.org\/{rel}","templated":true}]}}