{"id":75818,"date":"2020-01-04T16:49:39","date_gmt":"2020-01-04T15:49:39","guid":{"rendered":"https:\/\/trimakasi.eu\/?post_type=product&#038;p=75818"},"modified":"2024-03-25T19:01:23","modified_gmt":"2024-03-25T18:01:23","slug":"bratari-pentru-cupluri-obsidian-negru","status":"publish","type":"product","link":"https:\/\/trimakasi.eu\/ro\/product\/bracelets-for-couples-black-obsidian\/","title":{"rendered":"Br\u0103\u021b\u0103ri pentru cupluri - Obsidian negru"},"content":{"rendered":"<h3>Obsidian negru<\/h3>\n<p><span lang=\"en\" tabindex=\"0\">Obsidianul este o form\u0103 special\u0103 de sticl\u0103 natural\u0103, creat\u0103 prin r\u0103cirea rapid\u0103 a lavei fierbin\u021bi de pe suprafa\u021ba p\u0103m\u00e2ntului. A fost folosit de omenire \u00eenc\u0103 din epoca de piatr\u0103, c\u00e2nd v\u00e2n\u0103torii \u00ee\u0219i f\u0103ceau v\u00e2rfurile armelor din a\u0219chii ascu\u021bi\u021bi. Aceast\u0103 piatr\u0103 a fost de asemenea\u00a0<\/span><span lang=\"en\" tabindex=\"0\">apreciat de vechii azteci, care o numeau \u201ePiatra lui Dumnezeu\u201d. Pumnalul lor sacru, conceput pentru ritualul lor infam de a aduce sacrificii umane c\u0103tre zei, a fost f\u0103cut din aceast\u0103 piatr\u0103.<\/span><\/p>\n<p>Element: <strong>Foc<\/strong><\/p>\n<p>Semn zodiacal:\u00a0<strong>S\u0103get\u0103tor, Scorpion<\/strong><\/p>\n<p>Br\u0103\u021bara armonizeaz\u0103 chakra r\u0103d\u0103cinii<\/p>\n<h3 id=\"tw-target-text\" class=\"tw-data-text tw-ta tw-text-small\" dir=\"ltr\" data-placeholder=\"P\u0159eklad\">Piatra de lav\u0103<\/h3>\n<p class=\"tw-data-text tw-ta tw-text-small\" dir=\"ltr\" data-placeholder=\"P\u0159eklad\"><span lang=\"en\" tabindex=\"0\">Piatra de lav\u0103 este supranumit\u0103 \u0219i \u201ePiatra rena\u0219terii\u201d, deoarece are capacitatea de a-i ajuta pe cei care o poart\u0103, s\u0103 scape de emo\u021biile inutile \u0219i nes\u0103n\u0103toase. Piatra de lav\u0103 ne men\u021bine stabili mental \u0219i ne ajut\u0103 s\u0103 sc\u0103dem furia. Efectul de \u00eemp\u0103m\u00e2ntare a pietrei de lav\u0103 este, de asemenea, utilizat, de exemplu, pentru masaje.\u00a0<\/span><\/p>\n<p>Element: <strong>Foc, P\u0103m\u00e2nt<\/strong><\/p>\n<p>Semn zodiacal: <strong>Benefic pentru toate zodiile<\/strong><\/p>\n<p>Piatra de lav\u0103 armonizeaz\u0103 chakra r\u0103d\u0103cinii<\/p>\n<h3>Cuar\u021b rose Madagascar<\/h3>\n<div id=\"tw-ob\" class=\"tw-src-ltr\">\n<div class=\"oSioSc\">\n<div id=\"tw-target\">\n<div id=\"kAz1tf\" class=\"g9WsWb\">\n<div id=\"tw-target-text-container\" class=\"tw-ta-container tw-nfl\">\n<p id=\"tw-target-text\" class=\"tw-data-text tw-ta tw-text-small\" dir=\"ltr\" data-placeholder=\"Translation\"><span lang=\"en\" tabindex=\"0\">Aceast\u0103 piatr\u0103 este un simbol al iubirii, frumuse\u021bii \u0219i s\u0103n\u0103t\u0103\u021bii. Aceast\u0103 piatr\u0103 ne \u00eenva\u021b\u0103 r\u0103bdarea \u00een rezolvarea problemelor, iubirea de sine \u0219i d\u0103 putere s\u0103 iert\u0103m pe cei care ne-au r\u0103nit. Re\u00eenvie fantezia \u0219i g\u00e2ndirea creativ\u0103.<\/span><\/p>\n<\/div>\n<\/div>\n<\/div>\n<\/div>\n<\/div>\n<p id=\"tw-target-text\" class=\"tw-data-text tw-ta tw-text-small\" dir=\"ltr\" data-placeholder=\"Translation\"><span lang=\"en\" tabindex=\"0\">Element:<strong> P\u0103m\u00e2nt<\/strong><\/span><\/p>\n<p class=\"tw-data-text tw-ta tw-text-small\" dir=\"ltr\" data-placeholder=\"Translation\"><span lang=\"en\" tabindex=\"0\">Semne zodiacale: <strong>Leu, Scorpion, Berbec, Rac, Taur, Capricorn<\/strong><\/span><\/p>\n<p>Br\u0103\u021bara armonizeaz\u0103 chakra Inimii.<\/p>\n<p><a href=\"https:\/\/trimakasi.eu\/wp-content\/uploads\/\u010dakra1.jpg\"><img loading=\"lazy\" decoding=\"async\" class=\"alignnone size-full wp-image-138513\" src=\"https:\/\/trimakasi.eu\/wp-content\/uploads\/\u010dakra1.jpg\" alt=\"Chakra r\u0103d\u0103cinii\" width=\"81\" height=\"88\" srcset=\"https:\/\/trimakasi.eu\/wp-content\/uploads\/\u010dakra1.jpg 81w, https:\/\/trimakasi.eu\/wp-content\/uploads\/\u010dakra1-11x12.jpg 11w\" sizes=\"auto, (max-width: 81px) 100vw, 81px\" \/><\/a><a href=\"https:\/\/trimakasi.eu\/wp-content\/uploads\/2020\/07\/\u010dakra4.jpg\"><img loading=\"lazy\" decoding=\"async\" class=\"alignnone size-full wp-image-83566\" src=\"https:\/\/trimakasi.eu\/wp-content\/uploads\/2020\/07\/\u010dakra4.jpg\" alt=\"Chakra inimii\" width=\"79\" height=\"93\" srcset=\"https:\/\/trimakasi.eu\/wp-content\/uploads\/2020\/07\/\u010dakra4.jpg 79w, https:\/\/trimakasi.eu\/wp-content\/uploads\/2020\/07\/\u010dakra4-10x12.jpg 10w\" sizes=\"auto, (max-width: 79px) 100vw, 79px\" \/><\/a><\/p>\n<p><a href=\"https:\/\/trimakasi.eu\/ro\/vlog\/\"><u>Vizita\u021bi blogul nostru video pentru a descoperi conexiunile dintre pietre pre\u021bioase, semne zodiacale, chakre \u0219i multe altele.<\/u><\/a><\/p>","protected":false},"excerpt":{"rendered":"<p>R\u0103sf\u0103\u021ba\u021bi-v\u0103 cu rafinamentul cu br\u0103\u021b\u0103rile noastre cu obsidian negru pentru cupluri. Pentru ea, br\u0103\u021bara prezint\u0103 elegan\u021ba Cuar\u021bului Roz asociat\u0103 cu componente delicate. Pentru el, br\u0103\u021bara se laud\u0103 cu puterea Pietrei de Lav\u0103, completat\u0103 de obsidian negru robust. \u00cempreun\u0103, ele simbolizeaz\u0103 unitatea \u0219i puterea, perfecte pentru cuplurile care caut\u0103 armonie \u00een stil. Afla\u021bi mai multe despre propriet\u0103\u021bile acestei pietre mai jos.<\/p>\n<p>Alege\u021bi o br\u0103\u021bar\u0103 dup\u0103 m\u0103rimile \u00eencheieturilor.\u00a0<a href=\"https:\/\/trimakasi.eu\/ro\/cum-se-alege-marimea-bratarii\/\">Instruc\u021biunile despre cum s\u0103 alege\u021bi corect dimensiunea pot fi g\u0103site aici.<\/a><\/p>","protected":false},"featured_media":75825,"comment_status":"open","ping_status":"closed","template":"","meta":{"_acf_changed":false,"_themeisle_gutenberg_block_has_review":false},"product_brand":[],"product_cat":[1152,1064,553],"product_tag":[],"class_list":{"0":"post-75818","1":"product","2":"type-product","3":"status-publish","4":"has-post-thumbnail","6":"product_cat-couples-bracelets","7":"product_cat-mens-jewellery","8":"product_cat-womens-jewellery","10":"first","11":"instock","12":"taxable","13":"shipping-taxable","14":"purchasable","15":"product-type-variable","16":"has-default-attributes"},"acf":[],"_links":{"self":[{"href":"https:\/\/trimakasi.eu\/ro\/wp-json\/wp\/v2\/product\/75818","targetHints":{"allow":["GET"]}}],"collection":[{"href":"https:\/\/trimakasi.eu\/ro\/wp-json\/wp\/v2\/product"}],"about":[{"href":"https:\/\/trimakasi.eu\/ro\/wp-json\/wp\/v2\/types\/product"}],"replies":[{"embeddable":true,"href":"https:\/\/trimakasi.eu\/ro\/wp-json\/wp\/v2\/comments?post=75818"}],"wp:featuredmedia":[{"embeddable":true,"href":"https:\/\/trimakasi.eu\/ro\/wp-json\/wp\/v2\/media\/75825"}],"wp:attachment":[{"href":"https:\/\/trimakasi.eu\/ro\/wp-json\/wp\/v2\/media?parent=75818"}],"wp:term":[{"taxonomy":"product_brand","embeddable":true,"href":"https:\/\/trimakasi.eu\/ro\/wp-json\/wp\/v2\/product_brand?post=75818"},{"taxonomy":"product_cat","embeddable":true,"href":"https:\/\/trimakasi.eu\/ro\/wp-json\/wp\/v2\/product_cat?post=75818"},{"taxonomy":"product_tag","embeddable":true,"href":"https:\/\/trimakasi.eu\/ro\/wp-json\/wp\/v2\/product_tag?post=75818"}],"curies":[{"name":"wp","href":"https:\/\/api.w.org\/{rel}","templated":true}]}}