{"id":75711,"date":"2019-12-15T15:35:02","date_gmt":"2019-12-15T14:35:02","guid":{"rendered":"https:\/\/trimakasi.eu\/?post_type=product&#038;p=75711"},"modified":"2025-03-04T10:49:32","modified_gmt":"2025-03-04T09:49:32","slug":"turmalina","status":"publish","type":"product","link":"https:\/\/trimakasi.eu\/ro\/product\/tourmaline\/","title":{"rendered":"Br\u0103\u021bar\u0103 Turmalin\u0103 curcubeu"},"content":{"rendered":"<h3>Turmalina curcubeu \u2013 propriet\u0103\u021bi<\/h3>\n<p>Turmalina este un mineral tipic care provine de la temperaturile \u0219i presiunile ridicate din miezul p\u0103m\u00e2ntului \u0219i ajunge la suprafa\u021b\u0103 prin activitate vulcanic\u0103. O legend\u0103 egiptean\u0103 antic\u0103 men\u021bioneaz\u0103 c\u00e2t timp a trebuit s\u0103 c\u0103l\u0103toreasc\u0103 turmalina din centrul p\u0103m\u00e2ntului pentru a ajunge la suprafa\u021ba sa. De asemenea, \u00een aceast\u0103 legend\u0103 este scris c\u0103 turmalina a trecut prin curcubeu \u0219i astfel apare \u00een multe culori. Acest lucru nu este deloc departe de adev\u0103r, deoarece aceast\u0103 bijuterie poate ap\u0103rea \u00eentr-o mul\u021bime de culori \u0219i nuan\u021be.<\/p>\n<p>O turmalin\u0103 roz numit\u0103 Rubelit este un cristal excep\u021bional pentru purificarea vechilor cicatrici de pe suflet care s-au acumulat de-a lungul timpului. Relaxeaz\u0103 starea de vin\u0103, depresie \u0219i anxietate.<\/p>\n<p>Vibra\u021biile pozitive ale turmalinei \u00een nuan\u021be verzi, Vendelit, aduc bucurie la via\u021b\u0103. Aprinde compasiune, r\u0103bdare \u0219i suprim\u0103 frica de schimbare.<\/p>\n<p>Turmalina neagr\u0103 este o piatr\u0103 tradi\u021bional\u0103 de protec\u021bie care protejeaz\u0103 \u00eempotriva negativit\u0103\u021bii \u0219i a fricii \u00een general.<\/p>\n<p>Element: <strong>Ap\u0103, P\u0103m\u00e2nt<\/strong><\/p>\n<p>Semne zodiacale: <strong>Capricorn, Gemeni, Scorpion \u0219i Balan\u021b\u0103<\/strong><\/p>\n<p>Aceast\u0103 br\u0103\u021bar\u0103 armonizeaz\u0103 chakra r\u0103d\u0103cin\u0103, chakra inimii, chakra celui de-al treilea ochi, chakra coroanei<\/p>\n<p><a href=\"https:\/\/trimakasi.eu\/wp-content\/uploads\/\u010dakra1.jpg\"><img loading=\"lazy\" decoding=\"async\" class=\"alignnone size-full wp-image-138513\" src=\"https:\/\/trimakasi.eu\/wp-content\/uploads\/\u010dakra1.jpg\" alt=\"Chakra r\u0103d\u0103cinii\" width=\"81\" height=\"88\" srcset=\"https:\/\/trimakasi.eu\/wp-content\/uploads\/\u010dakra1.jpg 81w, https:\/\/trimakasi.eu\/wp-content\/uploads\/\u010dakra1-11x12.jpg 11w\" sizes=\"auto, (max-width: 81px) 100vw, 81px\" \/><\/a><a href=\"https:\/\/trimakasi.eu\/wp-content\/uploads\/2020\/07\/\u010dakra4.jpg\"><img loading=\"lazy\" decoding=\"async\" class=\"alignnone size-full wp-image-83566\" src=\"https:\/\/trimakasi.eu\/wp-content\/uploads\/2020\/07\/\u010dakra4.jpg\" alt=\"Chakra inimii\" width=\"79\" height=\"93\" srcset=\"https:\/\/trimakasi.eu\/wp-content\/uploads\/2020\/07\/\u010dakra4.jpg 79w, https:\/\/trimakasi.eu\/wp-content\/uploads\/2020\/07\/\u010dakra4-10x12.jpg 10w\" sizes=\"auto, (max-width: 79px) 100vw, 79px\" \/><\/a><a href=\"https:\/\/trimakasi.eu\/wp-content\/uploads\/\u010dakra6.jpg\"><img loading=\"lazy\" decoding=\"async\" class=\"alignnone size-full wp-image-138516\" src=\"https:\/\/trimakasi.eu\/wp-content\/uploads\/\u010dakra6.jpg\" alt=\"Chakra al treilea ochi\" width=\"103\" height=\"98\" srcset=\"https:\/\/trimakasi.eu\/wp-content\/uploads\/\u010dakra6.jpg 103w, https:\/\/trimakasi.eu\/wp-content\/uploads\/\u010dakra6-13x12.jpg 13w\" sizes=\"auto, (max-width: 103px) 100vw, 103px\" \/><\/a><a href=\"https:\/\/trimakasi.eu\/wp-content\/uploads\/crown-chakra.jpg\"><img loading=\"lazy\" decoding=\"async\" class=\"alignnone size-full wp-image-132743\" src=\"https:\/\/trimakasi.eu\/wp-content\/uploads\/crown-chakra.jpg\" alt=\"\" width=\"92\" height=\"102\" srcset=\"https:\/\/trimakasi.eu\/wp-content\/uploads\/crown-chakra.jpg 92w, https:\/\/trimakasi.eu\/wp-content\/uploads\/crown-chakra-11x12.jpg 11w\" sizes=\"auto, (max-width: 92px) 100vw, 92px\" \/><\/a><\/p>\n<p><a href=\"https:\/\/trimakasi.eu\/ro\/vlog\/\"><u>Vizita\u021bi blogul nostru video pentru a descoperi conexiunile dintre pietre pre\u021bioase, semne zodiacale, chakre \u0219i multe altele.<\/u><\/a><\/p>","protected":false},"excerpt":{"rendered":"<p>Turmalina este o piatr\u0103 pre\u021bioas\u0103 fascinant\u0103, disponibil\u0103 \u00eentr-o gam\u0103 uimitoare de culori \u0219i nuan\u021be, fiecare av\u00e2nd o energie unic\u0103. Fie c\u0103 este intens\u0103 sau delicat\u0103, frumuse\u021bea sa captivant\u0103 \u00ee\u021bi va ridica moralul \u0219i \u00ee\u021bi va aduce un z\u00e2mbet pe fa\u021b\u0103! Afl\u0103 mai multe despre propriet\u0103\u021bile acestei pietre mai jos.<\/p>\n<p>Alege\u021bi br\u0103\u021bara dup\u0103 m\u0103rime \u0219i dup\u0103 culoarea ultimei m\u0103rgele.\u00a0<a href=\"https:\/\/trimakasi.eu\/ro\/cum-se-alege-marimea-bratarii\/\">Instruc\u021biunile despre cum s\u0103 alege\u021bi corect dimensiunea pot fi g\u0103site aici.<\/a><\/p>","protected":false},"featured_media":75789,"comment_status":"open","ping_status":"closed","template":"","meta":{"_acf_changed":false,"_themeisle_gutenberg_block_has_review":false},"product_brand":[],"product_cat":[1687,554,553],"product_tag":[],"class_list":{"0":"post-75711","1":"product","2":"type-product","3":"status-publish","4":"has-post-thumbnail","6":"product_cat-elastic-bracelets","7":"product_cat-natural-gemstone-bracelets","8":"product_cat-womens-jewellery","10":"first","11":"instock","12":"taxable","13":"shipping-taxable","14":"purchasable","15":"product-type-variable","16":"has-default-attributes"},"acf":[],"_links":{"self":[{"href":"https:\/\/trimakasi.eu\/ro\/wp-json\/wp\/v2\/product\/75711","targetHints":{"allow":["GET"]}}],"collection":[{"href":"https:\/\/trimakasi.eu\/ro\/wp-json\/wp\/v2\/product"}],"about":[{"href":"https:\/\/trimakasi.eu\/ro\/wp-json\/wp\/v2\/types\/product"}],"replies":[{"embeddable":true,"href":"https:\/\/trimakasi.eu\/ro\/wp-json\/wp\/v2\/comments?post=75711"}],"wp:featuredmedia":[{"embeddable":true,"href":"https:\/\/trimakasi.eu\/ro\/wp-json\/wp\/v2\/media\/75789"}],"wp:attachment":[{"href":"https:\/\/trimakasi.eu\/ro\/wp-json\/wp\/v2\/media?parent=75711"}],"wp:term":[{"taxonomy":"product_brand","embeddable":true,"href":"https:\/\/trimakasi.eu\/ro\/wp-json\/wp\/v2\/product_brand?post=75711"},{"taxonomy":"product_cat","embeddable":true,"href":"https:\/\/trimakasi.eu\/ro\/wp-json\/wp\/v2\/product_cat?post=75711"},{"taxonomy":"product_tag","embeddable":true,"href":"https:\/\/trimakasi.eu\/ro\/wp-json\/wp\/v2\/product_tag?post=75711"}],"curies":[{"name":"wp","href":"https:\/\/api.w.org\/{rel}","templated":true}]}}