{"id":75698,"date":"2019-12-15T13:20:41","date_gmt":"2019-12-15T12:20:41","guid":{"rendered":"https:\/\/trimakasi.eu\/?post_type=product&#038;p=75698"},"modified":"2025-07-09T00:23:23","modified_gmt":"2025-07-08T22:23:23","slug":"ametrina","status":"publish","type":"product","link":"https:\/\/trimakasi.eu\/ro\/product\/ametrine\/","title":{"rendered":"Br\u0103\u021bara Ametrine"},"content":{"rendered":"<h3>Ametrin\u0103 \u2013 propriet\u0103\u021bi<\/h3>\n<p>Este o combina\u021bie rar\u0103, pu\u021bin cunoscut\u0103 de citrin \u0219i ametist \u00eentr-un singur cristal. Este exploatat doar \u00eentr-un singur loc de pe P\u0103m\u00e2nt \u00een mina bolivian\u0103 Anahi. Conform legendei, aceast\u0103 piatr\u0103 pre\u021bioas\u0103 \u00een dou\u0103 culori a fost venerat\u0103 de tribul indian local Ayoreo timp de 500 de ani, dar oficial a fost documentat\u0103 pentru prima dat\u0103 \u00een 1925. Din p\u0103cate, aprovizionarea cu acest mineral este foarte limitat\u0103 \u0219i dac\u0103 nu vor fi g\u0103site noi depozite, ne putem a\u0219tepta ca valoarea acestui mineral s\u0103 creasc\u0103.<\/p>\n<p><img loading=\"lazy\" decoding=\"async\" class=\"size-medium wp-image-75704 aligncenter\" src=\"https:\/\/trimakasi.eu\/wp-content\/uploads\/2019\/12\/ametr\u00edn-300x116.png\" alt=\"\" width=\"300\" height=\"116\" srcset=\"\" sizes=\"auto, (max-width: 300px) 100vw, 300px\" data-srcset=\"\" \/><\/p>\n<p>Ametrina este un puternic amplificator de energie care combin\u0103 energia masculin\u0103 \u0219i feminin\u0103. Din punctul de vedere al chakrelor, chakra fizic\u0103 a plexului solar este legat\u0103 de energia spiritual\u0103 a chakrei celui de-al treilea ochi \u0219i de energia superioar\u0103 a chakrei coroanei. Ametrina ofer\u0103, de asemenea, propriet\u0103\u021bi ale ambelor pietre pre\u021bioase: ametist \u0219i citrin.<\/p>\n<p>Tara de origine: <strong>Bolivia<\/strong><\/p>\n<p>Element: <strong>Ap\u0103, aer, foc<\/strong><\/p>\n<p>Semn zodiacal: <strong>Potrivit pentru fiecare semn<\/strong><\/p>\n<p>Br\u0103\u021bara armonizeaz\u0103 chakra plexului solar, chakra celui de-al treilea ochi \u0219i chakra coroanei<\/p>\n<p><a href=\"https:\/\/trimakasi.eu\/wp-content\/uploads\/2020\/07\/\u010dakra3.jpg\"><img loading=\"lazy\" decoding=\"async\" class=\"alignnone size-full wp-image-83567\" src=\"https:\/\/trimakasi.eu\/wp-content\/uploads\/2020\/07\/\u010dakra3.jpg\" alt=\"Chakra plexului solar\" width=\"77\" height=\"86\" srcset=\"https:\/\/trimakasi.eu\/wp-content\/uploads\/2020\/07\/\u010dakra3.jpg 77w, https:\/\/trimakasi.eu\/wp-content\/uploads\/2020\/07\/\u010dakra3-11x12.jpg 11w\" sizes=\"auto, (max-width: 77px) 100vw, 77px\" \/><\/a><a href=\"https:\/\/trimakasi.eu\/wp-content\/uploads\/\u010dakra6.jpg\"><img loading=\"lazy\" decoding=\"async\" class=\"alignnone size-full wp-image-138516\" src=\"https:\/\/trimakasi.eu\/wp-content\/uploads\/\u010dakra6.jpg\" alt=\"Chakra al treilea ochi\" width=\"103\" height=\"98\" srcset=\"https:\/\/trimakasi.eu\/wp-content\/uploads\/\u010dakra6.jpg 103w, https:\/\/trimakasi.eu\/wp-content\/uploads\/\u010dakra6-13x12.jpg 13w\" sizes=\"auto, (max-width: 103px) 100vw, 103px\" \/><\/a><a href=\"https:\/\/trimakasi.eu\/wp-content\/uploads\/crown-chakra.jpg\"><img loading=\"lazy\" decoding=\"async\" class=\"alignnone size-full wp-image-132743\" src=\"https:\/\/trimakasi.eu\/wp-content\/uploads\/crown-chakra.jpg\" alt=\"\" width=\"92\" height=\"102\" srcset=\"https:\/\/trimakasi.eu\/wp-content\/uploads\/crown-chakra.jpg 92w, https:\/\/trimakasi.eu\/wp-content\/uploads\/crown-chakra-11x12.jpg 11w\" sizes=\"auto, (max-width: 92px) 100vw, 92px\" \/><\/a><\/p>\n<p><a href=\"https:\/\/trimakasi.eu\/ro\/vlog\/\"><u>Vizita\u021bi blogul nostru video pentru a descoperi conexiunile dintre pietre pre\u021bioase, semne zodiacale, chakre \u0219i multe altele.<\/u><\/a><\/p>","protected":false},"excerpt":{"rendered":"<p>Ametrin \u2013 o combina\u021bie rar\u0103 \u0219i uimitoare de ametist \u0219i citrin, care \u00eembin\u0103 cele mai puternice calit\u0103\u021bi ale acestora \u00eentr-o piatr\u0103 pre\u021bioas\u0103 extraordinar\u0103. Aceast\u0103 combina\u021bie natural\u0103 unic\u0103 armonizeaz\u0103 energiile opuse, echilibr\u00e2nd lini\u0219tea \u0219i vitalitatea. O alegere perfect\u0103 pentru cei care caut\u0103 pace interioar\u0103, claritate \u0219i transformare pozitiv\u0103. Afl\u0103 mai multe despre propriet\u0103\u021bile acestei pietre mai jos.<\/p>\n<p>Alege\u021bi br\u0103\u021bara dup\u0103 m\u0103rime \u0219i dup\u0103 culoarea ultimei m\u0103rgele.\u00a0<a href=\"https:\/\/trimakasi.eu\/ro\/cum-se-alege-marimea-bratarii\/\">Instruc\u021biunile despre cum s\u0103 alege\u021bi corect dimensiunea pot fi g\u0103site aici.<\/a><\/p>","protected":false},"featured_media":105021,"comment_status":"open","ping_status":"closed","template":"","meta":{"_acf_changed":false,"_themeisle_gutenberg_block_has_review":false},"product_brand":[],"product_cat":[1687,1064,554,1068,1316,553],"product_tag":[],"class_list":{"0":"post-75698","1":"product","2":"type-product","3":"status-publish","4":"has-post-thumbnail","6":"product_cat-elastic-bracelets","7":"product_cat-mens-jewellery","8":"product_cat-natural-gemstone-bracelets","9":"product_cat-natural-gemstone-bracelets-for-men","10":"product_cat-rare-gemstone-bracelets","11":"product_cat-womens-jewellery","13":"first","14":"instock","15":"taxable","16":"shipping-taxable","17":"purchasable","18":"product-type-variable","19":"has-default-attributes"},"acf":[],"_links":{"self":[{"href":"https:\/\/trimakasi.eu\/ro\/wp-json\/wp\/v2\/product\/75698","targetHints":{"allow":["GET"]}}],"collection":[{"href":"https:\/\/trimakasi.eu\/ro\/wp-json\/wp\/v2\/product"}],"about":[{"href":"https:\/\/trimakasi.eu\/ro\/wp-json\/wp\/v2\/types\/product"}],"replies":[{"embeddable":true,"href":"https:\/\/trimakasi.eu\/ro\/wp-json\/wp\/v2\/comments?post=75698"}],"wp:featuredmedia":[{"embeddable":true,"href":"https:\/\/trimakasi.eu\/ro\/wp-json\/wp\/v2\/media\/105021"}],"wp:attachment":[{"href":"https:\/\/trimakasi.eu\/ro\/wp-json\/wp\/v2\/media?parent=75698"}],"wp:term":[{"taxonomy":"product_brand","embeddable":true,"href":"https:\/\/trimakasi.eu\/ro\/wp-json\/wp\/v2\/product_brand?post=75698"},{"taxonomy":"product_cat","embeddable":true,"href":"https:\/\/trimakasi.eu\/ro\/wp-json\/wp\/v2\/product_cat?post=75698"},{"taxonomy":"product_tag","embeddable":true,"href":"https:\/\/trimakasi.eu\/ro\/wp-json\/wp\/v2\/product_tag?post=75698"}],"curies":[{"name":"wp","href":"https:\/\/api.w.org\/{rel}","templated":true}]}}