{"id":75690,"date":"2019-12-15T12:27:45","date_gmt":"2019-12-15T11:27:45","guid":{"rendered":"https:\/\/trimakasi.eu\/?post_type=product&#038;p=75690"},"modified":"2025-03-26T18:26:46","modified_gmt":"2025-03-26T17:26:46","slug":"pietre-pretioase-ale-lumii","status":"publish","type":"product","link":"https:\/\/trimakasi.eu\/ro\/product\/gemstones-of-the-world\/","title":{"rendered":"Br\u0103\u021bara Pietrele pre\u021bioase ale lumii"},"content":{"rendered":"<h3>Pietre pre\u021bioase ale lumii<\/h3>\n<p id=\"tw-target-text\" class=\"tw-data-text tw-ta tw-text-small\" dir=\"ltr\" data-placeholder=\"P\u0159eklad\"><span lang=\"en\">Am selectat cu aten\u021bie 16 dintre cele mai rare pietre semipre\u021bioase din oferta noastr\u0103 \u0219i le-am ad\u0103ugat piatr\u0103 universal\u0103 de lav\u0103.<\/span><\/p>\n<div><strong>Granat - Almandine<\/strong><\/div>\n<div><\/div>\n<div><strong>Cianitul ( Disten )<\/strong><\/div>\n<div><\/div>\n<div><strong>Serafinite<\/strong><\/div>\n<div><\/div>\n<div><strong>Ametist<\/strong><\/div>\n<div><\/div>\n<div><strong>Malachit<\/strong><\/div>\n<div><\/div>\n<div><strong>Piatra solar\u0103<\/strong><\/div>\n<div><\/div>\n<div><strong>Charoite<\/strong><\/div>\n<div><\/div>\n<div><strong>Cuar\u021b himalayan<\/strong><\/div>\n<div><\/div>\n<div><strong>Dumortierit<\/strong><\/div>\n<div><\/div>\n<div><strong>Crisocol<\/strong><\/div>\n<div><\/div>\n<div><strong>Acvamarin<\/strong><\/div>\n<div><\/div>\n<div><strong>Ochi de \u0219oim<\/strong><\/div>\n<div><\/div>\n<div><strong>Citrin<\/strong><\/div>\n<div><\/div>\n<div><strong>Lepidolit<\/strong><\/div>\n<div><\/div>\n<div><strong>Selenit alb<\/strong><\/div>\n<div><\/div>\n<div><strong>Apatit albastru<\/strong><\/div>\n<div><\/div>\n<div><a href=\"https:\/\/trimakasi.eu\/ro\/vlog\/\"><u>Vizita\u021bi blogul nostru video pentru a descoperi conexiunile dintre pietre pre\u021bioase, semne zodiacale, chakre \u0219i multe altele.<\/u><\/a><\/div>","protected":false},"excerpt":{"rendered":"<p id=\"tw-target-text\" class=\"tw-data-text tw-ta tw-text-small\" dir=\"ltr\" data-placeholder=\"P\u0159eklad\"><span lang=\"en\">Specialitatea noastr\u0103! Bratara din minerale din intreaga lume! De exemplu Kyanit din Brazilia, Malachit din Zambia sau Serafinit din Rusia. Am selectat cu aten\u021bie 16 dintre cele mai rare pietre semipre\u021bioase din oferta noastr\u0103 \u0219i le-am completat cu piatr\u0103 de lav\u0103 universal\u0103. Afla\u021bi mai multe despre pietrele folosite mai jos.<\/span><\/p>\n<p>Alege o br\u0103\u021bar\u0103 dup\u0103 m\u0103rimea ei.\u00a0<a href=\"https:\/\/trimakasi.eu\/ro\/cum-se-alege-marimea-bratarii\/\">Instruc\u021biunile despre cum s\u0103 alege\u021bi corect dimensiunea pot fi g\u0103site aici.<\/a><\/p>","protected":false},"featured_media":75781,"comment_status":"open","ping_status":"closed","template":"","meta":{"_acf_changed":false,"_themeisle_gutenberg_block_has_review":false},"product_brand":[],"product_cat":[1687,1064,554,1068,1316,553],"product_tag":[],"class_list":{"0":"post-75690","1":"product","2":"type-product","3":"status-publish","4":"has-post-thumbnail","6":"product_cat-elastic-bracelets","7":"product_cat-mens-jewellery","8":"product_cat-natural-gemstone-bracelets","9":"product_cat-natural-gemstone-bracelets-for-men","10":"product_cat-rare-gemstone-bracelets","11":"product_cat-womens-jewellery","13":"first","14":"instock","15":"taxable","16":"shipping-taxable","17":"purchasable","18":"product-type-variable","19":"has-default-attributes"},"acf":[],"_links":{"self":[{"href":"https:\/\/trimakasi.eu\/ro\/wp-json\/wp\/v2\/product\/75690","targetHints":{"allow":["GET"]}}],"collection":[{"href":"https:\/\/trimakasi.eu\/ro\/wp-json\/wp\/v2\/product"}],"about":[{"href":"https:\/\/trimakasi.eu\/ro\/wp-json\/wp\/v2\/types\/product"}],"replies":[{"embeddable":true,"href":"https:\/\/trimakasi.eu\/ro\/wp-json\/wp\/v2\/comments?post=75690"}],"wp:featuredmedia":[{"embeddable":true,"href":"https:\/\/trimakasi.eu\/ro\/wp-json\/wp\/v2\/media\/75781"}],"wp:attachment":[{"href":"https:\/\/trimakasi.eu\/ro\/wp-json\/wp\/v2\/media?parent=75690"}],"wp:term":[{"taxonomy":"product_brand","embeddable":true,"href":"https:\/\/trimakasi.eu\/ro\/wp-json\/wp\/v2\/product_brand?post=75690"},{"taxonomy":"product_cat","embeddable":true,"href":"https:\/\/trimakasi.eu\/ro\/wp-json\/wp\/v2\/product_cat?post=75690"},{"taxonomy":"product_tag","embeddable":true,"href":"https:\/\/trimakasi.eu\/ro\/wp-json\/wp\/v2\/product_tag?post=75690"}],"curies":[{"name":"wp","href":"https:\/\/api.w.org\/{rel}","templated":true}]}}