{"id":75678,"date":"2020-12-15T11:00:24","date_gmt":"2020-12-15T10:00:24","guid":{"rendered":"https:\/\/trimakasi.eu\/?post_type=product&#038;p=75678"},"modified":"2025-05-14T18:30:41","modified_gmt":"2025-05-14T16:30:41","slug":"sange-chihlimbar","status":"publish","type":"product","link":"https:\/\/trimakasi.eu\/ro\/product\/blood-amber\/","title":{"rendered":"Br\u0103\u021bara Blood Amber"},"content":{"rendered":"<h3>Chihlimbar \u2013 propriet\u0103\u021bi<\/h3>\n<p>Chihlimbarul este r\u0103\u0219ina fosilizat\u0103 a copacilor preistorici \u0219i poate fi g\u0103sit\u0103 \u00een diverse locuri din lume. Culoarea \u0219i structura chihlimbarului variaz\u0103 \u00een func\u021bie de tipurile de copaci din care a provenit \u0219i, de asemenea, \u00een func\u021bie de locul \u00een care au crescut copacii. Cu aproximativ 25-40 de milioane de ani \u00een urm\u0103, condi\u021biile climatice din nordul Europei erau potrivite pentru cre\u0219terea rapid\u0103 a copacilor \u0219i, datorit\u0103 temperaturilor \u0219i umidit\u0103\u021bii ridicate, copacii au produs cantit\u0103\u021bi excesive de r\u0103\u0219in\u0103. Arborii au produs r\u0103\u0219ina \u00een cazul r\u0103nirii unui trunchi sau a unor ramuri. Dec\u00e2t \u00een timpul ploilor abundente, r\u0103\u0219ina a fost decojit\u0103 \u0219i a \u00eenceput p\u00e2n\u0103 ast\u0103zi procesul lung de transformare a chihlimbarului. Chihlimbarul real con\u021bine, de asemenea, adesea mici impurit\u0103\u021bi, corpurile insectelor preistorice, care acum c\u00e2\u021biva ani st\u0103teau pe r\u0103\u0219in\u0103 proasp\u0103t\u0103 \u0219i care erau blocate \u00een ea literalmente pentru totdeauna. Aceste impurit\u0103\u021bi pot cre\u0219te pre\u021bul chihlimbarului, deoarece fiecare bucat\u0103 din acest material preistoric este o inconfundabil original!<\/p>\n<p>Chihlimbarul a fost folosit de omenire pentru a face bijuterii \u00eenc\u0103 din epoca de piatr\u0103, iar \u00een mii de ani a fost numit cu multe nume: Aurul nordului, Lacrimile zeilor, Miere pietrificat\u0103 sau Lumina solar\u0103 solid\u0103. Chihlimbarul baltic apare, de exemplu, \u00een legendele vikingilor, unde a fost folosit ca amulet\u0103 de protec\u021bie. Se credea c\u0103 piesele de chihlimbar sunt lacrimi \u00eempietrite ale zei\u021bei nordice a frumuse\u021bii \u0219i iubirii numit\u0103 Freya.<\/p>\n<p>Aceast\u0103 origine pre\u021bioas\u0103 organic\u0103 semi-pre\u021bioas\u0103 este apreciat\u0103 pentru capacitatea sa de a transforma energia negativ\u0103 \u0219i blocat\u0103 \u00een energie pozitiv\u0103. De asemenea, se crede c\u0103 poate \u00eembun\u0103t\u0103\u021bi vitalitatea general\u0103 \u0219i regenerarea corpului. Este, de asemenea, o piatr\u0103 de fericire \u0219i pasiune care v\u0103 poate ajuta s\u0103 v\u0103 atinge\u021bi dorin\u021bele de dragoste. Chihlimbarul ajut\u0103 \u00een primul r\u00e2nd la echilibrarea emo\u021biilor, calmarea min\u021bii \u0219i suprim\u0103 depresiile, fricile sau fobiile.<\/p>\n<p>Chihlimbarul este una dintre cele mai u\u0219oare \u0219i vulnerabile pietre pre\u021bioase. Br\u0103\u021bara de chihlimbar poate fi u\u0219or deteriorat\u0103 de temperaturile ridicate sau de diverse substan\u021be chimice, cum ar fi alcoolul, acizii, benzina, precum \u0219i parfumurile obi\u0219nuite.<\/p>\n<p>Tara de origine: <strong>\u021a\u0103rile Baltice\/Marea Baltic\u0103<\/strong><\/p>\n<p>Element: <strong>Foc, P\u0103m\u00e2nt<\/strong><\/p>\n<p>Semn zodiacal: <strong>Taur, Leu, Berbec, Gemeni, Rac<\/strong><\/p>\n<p>Br\u0103\u021bara armonizeaz\u0103 chakra sacral\u0103 \u0219i chakra plexului solar:<\/p>\n<p><a href=\"https:\/\/trimakasi.eu\/wp-content\/uploads\/\u010dakra2.jpg\"><img loading=\"lazy\" decoding=\"async\" class=\"alignnone size-full wp-image-138514\" src=\"https:\/\/trimakasi.eu\/wp-content\/uploads\/\u010dakra2.jpg\" alt=\"Chakra sacral\u0103\" width=\"76\" height=\"96\" srcset=\"https:\/\/trimakasi.eu\/wp-content\/uploads\/\u010dakra2.jpg 76w, https:\/\/trimakasi.eu\/wp-content\/uploads\/\u010dakra2-10x12.jpg 10w\" sizes=\"auto, (max-width: 76px) 100vw, 76px\" \/><\/a><a href=\"https:\/\/trimakasi.eu\/wp-content\/uploads\/2020\/07\/\u010dakra3.jpg\"><img loading=\"lazy\" decoding=\"async\" class=\"alignnone size-full wp-image-83567\" src=\"https:\/\/trimakasi.eu\/wp-content\/uploads\/2020\/07\/\u010dakra3.jpg\" alt=\"Chakra plexului solar\" width=\"77\" height=\"86\" srcset=\"https:\/\/trimakasi.eu\/wp-content\/uploads\/2020\/07\/\u010dakra3.jpg 77w, https:\/\/trimakasi.eu\/wp-content\/uploads\/2020\/07\/\u010dakra3-11x12.jpg 11w\" sizes=\"auto, (max-width: 77px) 100vw, 77px\" \/><\/a><\/p>\n<p><a href=\"https:\/\/trimakasi.eu\/ro\/vlog\/\"><u>Vizita\u021bi blogul nostru video pentru a descoperi conexiunile dintre pietre pre\u021bioase, semne zodiacale, chakre \u0219i multe altele.<\/u><\/a><\/p>","protected":false},"excerpt":{"rendered":"<p>Chihlimbarul este denumit \u201eaurul nordului\u201d \u0219i este \u00een esen\u021b\u0103 o r\u0103\u0219in\u0103 fosilizat\u0103 a copacilor preistorici. Varianta rar\u0103 de \u201es\u00e2nge\u201d portocaliu \u00eenchis este extrem de popular\u0103 pentru bijuterii.<br \/>\nAlege\u021bi br\u0103\u021bara dup\u0103 m\u0103rime \u0219i dup\u0103 culoarea ultimei m\u0103rgele. <a href=\"https:\/\/trimakasi.eu\/ro\/cum-se-alege-marimea-bratarii\/\">Instruc\u021biunile despre cum s\u0103 alege\u021bi corect dimensiunea pot fi g\u0103site aici.<\/a><\/p>","protected":false},"featured_media":105086,"comment_status":"open","ping_status":"closed","template":"","meta":{"_acf_changed":false,"_themeisle_gutenberg_block_has_review":false},"product_brand":[],"product_cat":[1687,1064,554,1068,1316,553],"product_tag":[],"class_list":{"0":"post-75678","1":"product","2":"type-product","3":"status-publish","4":"has-post-thumbnail","6":"product_cat-elastic-bracelets","7":"product_cat-mens-jewellery","8":"product_cat-natural-gemstone-bracelets","9":"product_cat-natural-gemstone-bracelets-for-men","10":"product_cat-rare-gemstone-bracelets","11":"product_cat-womens-jewellery","13":"first","14":"outofstock","15":"taxable","16":"shipping-taxable","17":"purchasable","18":"product-type-variable","19":"has-default-attributes"},"acf":[],"_links":{"self":[{"href":"https:\/\/trimakasi.eu\/ro\/wp-json\/wp\/v2\/product\/75678","targetHints":{"allow":["GET"]}}],"collection":[{"href":"https:\/\/trimakasi.eu\/ro\/wp-json\/wp\/v2\/product"}],"about":[{"href":"https:\/\/trimakasi.eu\/ro\/wp-json\/wp\/v2\/types\/product"}],"replies":[{"embeddable":true,"href":"https:\/\/trimakasi.eu\/ro\/wp-json\/wp\/v2\/comments?post=75678"}],"wp:featuredmedia":[{"embeddable":true,"href":"https:\/\/trimakasi.eu\/ro\/wp-json\/wp\/v2\/media\/105086"}],"wp:attachment":[{"href":"https:\/\/trimakasi.eu\/ro\/wp-json\/wp\/v2\/media?parent=75678"}],"wp:term":[{"taxonomy":"product_brand","embeddable":true,"href":"https:\/\/trimakasi.eu\/ro\/wp-json\/wp\/v2\/product_brand?post=75678"},{"taxonomy":"product_cat","embeddable":true,"href":"https:\/\/trimakasi.eu\/ro\/wp-json\/wp\/v2\/product_cat?post=75678"},{"taxonomy":"product_tag","embeddable":true,"href":"https:\/\/trimakasi.eu\/ro\/wp-json\/wp\/v2\/product_tag?post=75678"}],"curies":[{"name":"wp","href":"https:\/\/api.w.org\/{rel}","templated":true}]}}