{"id":75669,"date":"2022-12-15T10:32:21","date_gmt":"2022-12-15T09:32:21","guid":{"rendered":"https:\/\/trimakasi.eu\/?post_type=product&#038;p=75669"},"modified":"2025-07-14T22:51:04","modified_gmt":"2025-07-14T20:51:04","slug":"ochi-de-soim","status":"publish","type":"product","link":"https:\/\/trimakasi.eu\/ro\/product\/hawks-eye\/","title":{"rendered":"Br\u0103\u021bara Hawk&#039;s Eye"},"content":{"rendered":"<h3>Ochiul de \u0219oim \u2013 propriet\u0103\u021bi<\/h3>\n<p>Ochiul de \u0219oim este similar cu ochiul de tigru, dar este mai rar. De asemenea, v\u0103 poate ajuta s\u0103 privi\u021bi \u00een spatele perdelei \u00een subcon\u0219tientul dvs. \u0219i s\u0103 vede\u021bi ce nu este evident la prima vedere.<\/p>\n<p>Hawkeye te protejeaz\u0103 \u0219i de co\u0219maruri, inten\u021bii rele \u0219i, mai ales, gelozie. Hawk's Eye Energy v\u0103 va ajuta s\u0103 elimina\u021bi oboseala \u0219i s\u0103 ameliora\u021bi simptomele depresiei. Aceast\u0103 piatr\u0103 v\u0103 poate \u00eencuraja, de asemenea, s\u0103 ie\u0219i\u021bi din zona de confort \u0219i s\u0103 v\u0103 deschide\u021bi poten\u021bialul ascuns \u00een abilit\u0103\u021bi sau talente.<\/p>\n<p>Element: <strong>P\u0103m\u00e2nt, Aer<\/strong><\/p>\n<p>Semn zodiacal: <strong>Capricorn, S\u0103get\u0103tor, Taur<\/strong><\/p>\n<p>Br\u0103\u021bara armonizeaz\u0103 chakra g\u00e2tului \u0219i chakra celui de-al treilea ochi<\/p>\n<p><a href=\"https:\/\/trimakasi.eu\/wp-content\/uploads\/\u010dakra5.jpg\"><img loading=\"lazy\" decoding=\"async\" class=\"alignnone size-full wp-image-138515\" src=\"https:\/\/trimakasi.eu\/wp-content\/uploads\/\u010dakra5.jpg\" alt=\"Chakra g\u00e2tului\" width=\"81\" height=\"87\" srcset=\"https:\/\/trimakasi.eu\/wp-content\/uploads\/\u010dakra5.jpg 81w, https:\/\/trimakasi.eu\/wp-content\/uploads\/\u010dakra5-11x12.jpg 11w\" sizes=\"auto, (max-width: 81px) 100vw, 81px\" \/><\/a><a href=\"https:\/\/trimakasi.eu\/wp-content\/uploads\/\u010dakra6.jpg\"><img loading=\"lazy\" decoding=\"async\" class=\"alignnone size-full wp-image-138516\" src=\"https:\/\/trimakasi.eu\/wp-content\/uploads\/\u010dakra6.jpg\" alt=\"Chakra al treilea ochi\" width=\"103\" height=\"98\" srcset=\"https:\/\/trimakasi.eu\/wp-content\/uploads\/\u010dakra6.jpg 103w, https:\/\/trimakasi.eu\/wp-content\/uploads\/\u010dakra6-13x12.jpg 13w\" sizes=\"auto, (max-width: 103px) 100vw, 103px\" \/><\/a><\/p>\n<p><a href=\"https:\/\/trimakasi.eu\/ro\/vlog\/\"><u>Vizita\u021bi blogul nostru video pentru a descoperi conexiunile dintre pietre pre\u021bioase, semne zodiacale, chakre \u0219i multe altele.<\/u><\/a><\/p>","protected":false},"excerpt":{"rendered":"<p id=\"tw-target-text\" class=\"tw-data-text tw-text-large tw-ta\" dir=\"ltr\" data-placeholder=\"P\u0159eklad\">Piatr\u0103 pre\u021bioas\u0103 natural\u0103 pentru ochi de \u0219oim cu reflexii magice de culoare albastru intens. O alegere ideal\u0103 pentru cei care caut\u0103 originalitate.Ochiul de \u0219oim = fratele albastru al Ochiului de Tigru<\/p>\n<p>Alege\u021bi br\u0103\u021bara dup\u0103 m\u0103rime \u0219i dup\u0103 culoarea ultimei m\u0103rgele. <a href=\"https:\/\/trimakasi.eu\/ro\/cum-se-alege-marimea-bratarii\/\">Instruc\u021biunile despre cum s\u0103 alege\u021bi corect dimensiunea pot fi g\u0103site aici.<\/a><\/p>","protected":false},"featured_media":123929,"comment_status":"open","ping_status":"closed","template":"","meta":{"_acf_changed":false,"_themeisle_gutenberg_block_has_review":false},"product_brand":[],"product_cat":[1687,1064,554,1068,553],"product_tag":[],"class_list":{"0":"post-75669","1":"product","2":"type-product","3":"status-publish","4":"has-post-thumbnail","6":"product_cat-elastic-bracelets","7":"product_cat-mens-jewellery","8":"product_cat-natural-gemstone-bracelets","9":"product_cat-natural-gemstone-bracelets-for-men","10":"product_cat-womens-jewellery","12":"first","13":"instock","14":"taxable","15":"shipping-taxable","16":"purchasable","17":"product-type-variable","18":"has-default-attributes"},"acf":[],"_links":{"self":[{"href":"https:\/\/trimakasi.eu\/ro\/wp-json\/wp\/v2\/product\/75669","targetHints":{"allow":["GET"]}}],"collection":[{"href":"https:\/\/trimakasi.eu\/ro\/wp-json\/wp\/v2\/product"}],"about":[{"href":"https:\/\/trimakasi.eu\/ro\/wp-json\/wp\/v2\/types\/product"}],"replies":[{"embeddable":true,"href":"https:\/\/trimakasi.eu\/ro\/wp-json\/wp\/v2\/comments?post=75669"}],"wp:featuredmedia":[{"embeddable":true,"href":"https:\/\/trimakasi.eu\/ro\/wp-json\/wp\/v2\/media\/123929"}],"wp:attachment":[{"href":"https:\/\/trimakasi.eu\/ro\/wp-json\/wp\/v2\/media?parent=75669"}],"wp:term":[{"taxonomy":"product_brand","embeddable":true,"href":"https:\/\/trimakasi.eu\/ro\/wp-json\/wp\/v2\/product_brand?post=75669"},{"taxonomy":"product_cat","embeddable":true,"href":"https:\/\/trimakasi.eu\/ro\/wp-json\/wp\/v2\/product_cat?post=75669"},{"taxonomy":"product_tag","embeddable":true,"href":"https:\/\/trimakasi.eu\/ro\/wp-json\/wp\/v2\/product_tag?post=75669"}],"curies":[{"name":"wp","href":"https:\/\/api.w.org\/{rel}","templated":true}]}}