{"id":75658,"date":"2022-09-07T17:19:03","date_gmt":"2022-09-07T15:19:03","guid":{"rendered":"https:\/\/trimakasi.eu\/?post_type=product&#038;p=75658"},"modified":"2025-09-23T17:30:15","modified_gmt":"2025-09-23T15:30:15","slug":"chakra-bratara-piatra-lava","status":"publish","type":"product","link":"https:\/\/trimakasi.eu\/ro\/product\/chakra-bracelet-lava-stone\/","title":{"rendered":"Br\u0103\u021bara Chakra - piatr\u0103 de lav\u0103"},"content":{"rendered":"<h3>Br\u0103\u021bar\u0103 Chakra<\/h3>\n<p id=\"tw-target-text\" class=\"tw-data-text tw-ta tw-text-small\" dir=\"ltr\" data-placeholder=\"P\u0159eklad\"><span lang=\"en\">Aceast\u0103 bijuterie este unic\u0103 nu numai pentru aspectul s\u0103u, ci \u0219i pentru semnifica\u021bia sa. Vibra\u021bia culorilor \u0219i structura intern\u0103 a pietrelor semi-pre\u021bioase naturale utilizate corespund direct vibra\u021biilor chakrelor. Drept urmare, br\u0103\u021bara re\u00eencarc\u0103 energia corpului, a min\u021bii \u0219i a sufletului. Combina\u021bia de pietre colorate, \u00eempreun\u0103 cu cuar\u021b de cristal transparent care reprezint\u0103 chakra coroanei, creeaz\u0103 o polaritate perfect echilibrat\u0103 a energiilor cu piatra de lav\u0103 care are un puternic efect de \u00eemp\u0103m\u00e2ntare.<\/span><\/p>\n<p>Jasper ro\u0219u\u00a0 \u00a0 \u00a0 \u00a0 \u00a0 \u00a0 \u00a0 \u00a0 \u00a0<a href=\"https:\/\/trimakasi.eu\/wp-content\/uploads\/\u010dakra1.jpg\"><img loading=\"lazy\" decoding=\"async\" class=\"alignnone size-full wp-image-138513\" src=\"https:\/\/trimakasi.eu\/wp-content\/uploads\/\u010dakra1.jpg\" alt=\"Chakra r\u0103d\u0103cinii\" width=\"81\" height=\"88\" srcset=\"https:\/\/trimakasi.eu\/wp-content\/uploads\/\u010dakra1.jpg 81w, https:\/\/trimakasi.eu\/wp-content\/uploads\/\u010dakra1-11x12.jpg 11w\" sizes=\"auto, (max-width: 81px) 100vw, 81px\" \/><\/a>\u00a0 \u00a0 \u00a0 \u00a0 \u00a0 \u00a0 \u00a0 \u00a0 Chakra r\u0103d\u0103cinii-For\u021ba vie\u021bii, instinctele de supravie\u021buire, stabilitatea<\/p>\n<p>Carnelian\u00a0 \u00a0 \u00a0 \u00a0 \u00a0 \u00a0 \u00a0 \u00a0 \u00a0 \u00a0<a href=\"https:\/\/trimakasi.eu\/wp-content\/uploads\/\u010dakra2.jpg\"><img loading=\"lazy\" decoding=\"async\" class=\"alignnone wp-image-138514\" src=\"https:\/\/trimakasi.eu\/wp-content\/uploads\/\u010dakra2.jpg\" alt=\"Chakra sacral\u0103\" width=\"82\" height=\"104\" srcset=\"https:\/\/trimakasi.eu\/wp-content\/uploads\/\u010dakra2.jpg 76w, https:\/\/trimakasi.eu\/wp-content\/uploads\/\u010dakra2-10x12.jpg 10w\" sizes=\"auto, (max-width: 82px) 100vw, 82px\" \/><\/a>\u00a0 \u00a0 \u00a0 \u00a0 \u00a0 \u00a0 \u00a0 Chakra sacral\u0103\u00a0 \u00a0 \u00a0 \u00a0 \u00a0 \u00a0\u00a0 \u00a0 \u00a0 \u00a0<span lang=\"en\">-Emo\u021bii, dorin\u021be, sexualitate, crea\u021bie creativ\u0103<\/span><\/p>\n<p>Citrin\u00a0 \u00a0 \u00a0 \u00a0 \u00a0 \u00a0 \u00a0 \u00a0 \u00a0 \u00a0 \u00a0 \u00a0 <a href=\"https:\/\/trimakasi.eu\/wp-content\/uploads\/2020\/07\/\u010dakra3.jpg\"><img loading=\"lazy\" decoding=\"async\" class=\"alignnone wp-image-83567\" src=\"https:\/\/trimakasi.eu\/wp-content\/uploads\/2020\/07\/\u010dakra3.jpg\" alt=\"Chakra plexului solar\" width=\"83\" height=\"92\" srcset=\"https:\/\/trimakasi.eu\/wp-content\/uploads\/2020\/07\/\u010dakra3.jpg 77w, https:\/\/trimakasi.eu\/wp-content\/uploads\/2020\/07\/\u010dakra3-11x12.jpg 11w\" sizes=\"auto, (max-width: 83px) 100vw, 83px\" \/><\/a>\u00a0 \u00a0 \u00a0 \u00a0 \u00a0 \u00a0 \u00a0 Chakra plexului solar -Puterea voin\u021bei<\/p>\n<p>Serafinite\u00a0 \u00a0 \u00a0 \u00a0 \u00a0 \u00a0 \u00a0 \u00a0 <a href=\"https:\/\/trimakasi.eu\/wp-content\/uploads\/2020\/07\/\u010dakra4.jpg\"><img loading=\"lazy\" decoding=\"async\" class=\"alignnone size-full wp-image-83566\" src=\"https:\/\/trimakasi.eu\/wp-content\/uploads\/2020\/07\/\u010dakra4.jpg\" alt=\"Chakra inimii\" width=\"79\" height=\"93\" srcset=\"https:\/\/trimakasi.eu\/wp-content\/uploads\/2020\/07\/\u010dakra4.jpg 79w, https:\/\/trimakasi.eu\/wp-content\/uploads\/2020\/07\/\u010dakra4-10x12.jpg 10w\" sizes=\"auto, (max-width: 79px) 100vw, 79px\" \/><\/a>\u00a0 \u00a0 \u00a0 \u00a0 \u00a0 \u00a0 \u00a0 \u00a0 Chakra iubirii- Iubire, pace, iertare, \u00eencredere<\/p>\n<p>Apatit\u00a0 \u00a0 \u00a0 \u00a0 \u00a0 \u00a0 \u00a0\u00a0 \u00a0\u00a0 \u00a0\u00a0 \u00a0\u00a0 <a href=\"https:\/\/trimakasi.eu\/wp-content\/uploads\/\u010dakra5.jpg\"><img loading=\"lazy\" decoding=\"async\" class=\"alignnone size-full wp-image-138515\" src=\"https:\/\/trimakasi.eu\/wp-content\/uploads\/\u010dakra5.jpg\" alt=\"Chakra g\u00e2tului\" width=\"81\" height=\"87\" srcset=\"https:\/\/trimakasi.eu\/wp-content\/uploads\/\u010dakra5.jpg 81w, https:\/\/trimakasi.eu\/wp-content\/uploads\/\u010dakra5-11x12.jpg 11w\" sizes=\"auto, (max-width: 81px) 100vw, 81px\" \/><\/a>\u00a0 \u00a0 \u00a0 \u00a0 \u00a0 \u00a0 \u00a0 \u00a0Chakra g\u00e2tului -Comunicare, exprimare de sine, judecat\u0103<\/p>\n<p>Charoite\u00a0 \u00a0 \u00a0 \u00a0 \u00a0 \u00a0 \u00a0 \u00a0 \u00a0 \u00a0<a href=\"https:\/\/trimakasi.eu\/wp-content\/uploads\/\u010dakra6.jpg\"><img loading=\"lazy\" decoding=\"async\" class=\"alignnone size-full wp-image-138516\" src=\"https:\/\/trimakasi.eu\/wp-content\/uploads\/\u010dakra6.jpg\" alt=\"Chakra al treilea ochi\" width=\"103\" height=\"98\" srcset=\"https:\/\/trimakasi.eu\/wp-content\/uploads\/\u010dakra6.jpg 103w, https:\/\/trimakasi.eu\/wp-content\/uploads\/\u010dakra6-13x12.jpg 13w\" sizes=\"auto, (max-width: 103px) 100vw, 103px\" \/><\/a>\u00a0 \u00a0 \u00a0 \u00a0 \u00a0 \u00a0 \u00a0Chakra celui de-al treilea ochi -Intui\u021bie, \u00een\u021belepciune, con\u0219tientizare<\/p>\n<p>Cuar\u021b de munte\u00a0 \u00a0 \u00a0 \u00a0 <a href=\"https:\/\/trimakasi.eu\/wp-content\/uploads\/crown-chakra.jpg\"><img loading=\"lazy\" decoding=\"async\" class=\"alignnone size-full wp-image-132743\" src=\"https:\/\/trimakasi.eu\/wp-content\/uploads\/crown-chakra.jpg\" alt=\"\" width=\"92\" height=\"102\" srcset=\"https:\/\/trimakasi.eu\/wp-content\/uploads\/crown-chakra.jpg 92w, https:\/\/trimakasi.eu\/wp-content\/uploads\/crown-chakra-11x12.jpg 11w\" sizes=\"auto, (max-width: 92px) 100vw, 92px\" \/><\/a>\u00a0 \u00a0 \u00a0 \u00a0 \u00a0 \u00a0 \u00a0 \u00a0Chakra coroanei Conectarea cu Universul \/ Dumnezeu, cre\u0219terea con\u0219tiin\u021bei<\/p>\n<p>&nbsp;<\/p>\n<p><a href=\"https:\/\/trimakasi.eu\/ro\/vlog\/\"><u>Vizita\u021bi blogul nostru video pentru a descoperi conexiunile dintre pietre pre\u021bioase, semne zodiacale, chakre \u0219i multe altele.<\/u><\/a><\/p>","protected":false},"excerpt":{"rendered":"<p id=\"tw-target-text\" class=\"tw-data-text tw-ta tw-text-small\" dir=\"ltr\" data-placeholder=\"P\u0159eklad\">Aceast\u0103 br\u0103\u021bar\u0103 de chakre a fost conceput\u0103 din pietre pre\u021bioase semipre\u021bioase selectate pentru a v\u0103 ajuta s\u0103 echilibra\u021bi \u0219i s\u0103 debloca\u021bi toate cele 7 chakre. Afla\u021bi mai multe despre pietrele utilizate mai jos.<\/p>\n<p>Alege o br\u0103\u021bar\u0103 dup\u0103 m\u0103rimea ei.\u00a0<a href=\"https:\/\/trimakasi.eu\/ro\/cum-se-alege-marimea-bratarii\/\">Instruc\u021biunile despre cum s\u0103 alege\u021bi corect dimensiunea pot fi g\u0103site aici.<\/a><\/p>","protected":false},"featured_media":75644,"comment_status":"open","ping_status":"closed","template":"","meta":{"_acf_changed":false,"_themeisle_gutenberg_block_has_review":false},"product_brand":[],"product_cat":[1687,1064,554,1068,1316,553],"product_tag":[],"class_list":{"0":"post-75658","1":"product","2":"type-product","3":"status-publish","4":"has-post-thumbnail","6":"product_cat-elastic-bracelets","7":"product_cat-mens-jewellery","8":"product_cat-natural-gemstone-bracelets","9":"product_cat-natural-gemstone-bracelets-for-men","10":"product_cat-rare-gemstone-bracelets","11":"product_cat-womens-jewellery","13":"first","14":"instock","15":"taxable","16":"shipping-taxable","17":"purchasable","18":"product-type-variable","19":"has-default-attributes"},"acf":[],"_links":{"self":[{"href":"https:\/\/trimakasi.eu\/ro\/wp-json\/wp\/v2\/product\/75658","targetHints":{"allow":["GET"]}}],"collection":[{"href":"https:\/\/trimakasi.eu\/ro\/wp-json\/wp\/v2\/product"}],"about":[{"href":"https:\/\/trimakasi.eu\/ro\/wp-json\/wp\/v2\/types\/product"}],"replies":[{"embeddable":true,"href":"https:\/\/trimakasi.eu\/ro\/wp-json\/wp\/v2\/comments?post=75658"}],"wp:featuredmedia":[{"embeddable":true,"href":"https:\/\/trimakasi.eu\/ro\/wp-json\/wp\/v2\/media\/75644"}],"wp:attachment":[{"href":"https:\/\/trimakasi.eu\/ro\/wp-json\/wp\/v2\/media?parent=75658"}],"wp:term":[{"taxonomy":"product_brand","embeddable":true,"href":"https:\/\/trimakasi.eu\/ro\/wp-json\/wp\/v2\/product_brand?post=75658"},{"taxonomy":"product_cat","embeddable":true,"href":"https:\/\/trimakasi.eu\/ro\/wp-json\/wp\/v2\/product_cat?post=75658"},{"taxonomy":"product_tag","embeddable":true,"href":"https:\/\/trimakasi.eu\/ro\/wp-json\/wp\/v2\/product_tag?post=75658"}],"curies":[{"name":"wp","href":"https:\/\/api.w.org\/{rel}","templated":true}]}}