{"id":75523,"date":"2021-05-17T13:41:16","date_gmt":"2021-05-17T11:41:16","guid":{"rendered":"https:\/\/trimakasi.eu\/?post_type=product&#038;p=75523"},"modified":"2025-11-21T13:03:08","modified_gmt":"2025-11-21T12:03:08","slug":"lust-bratara-femei","status":"publish","type":"product","link":"https:\/\/trimakasi.eu\/ro\/product\/lust-womens-bracelet\/","title":{"rendered":"Bratara dama Lust"},"content":{"rendered":"<h3>O\u021bel inoxidabil cu acoperire PVD din aur roz real<\/h3>\n<p>Datorit\u0103 durit\u0103\u021bii \u0219i durabilit\u0103\u021bii sale, o\u021belul inoxidabil este un metal excelent pentru bijuterii.<\/p>\n<p>Acoperirea PVD este o solu\u021bie excelent\u0103 pentru br\u0103\u021b\u0103ri datorit\u0103 rezisten\u021bei sale ridicate la abraziune, anomalii de temperatur\u0103 \u0219i coroziune.<\/p>\n<h3><a href=\"https:\/\/trimakasi.eu\/ro\/product\/morganite\/\">Morganite<\/a><\/h3>\n<p>Morganita este un membru al familiei berilului, precum \u0219i acvamarin sau smarald. Este foarte apreciat pe pia\u021b\u0103 pentru duritatea, str\u0103lucirea \u0219i, mai presus de toate, varietatea de nuan\u021be roz \u00een care se g\u0103se\u0219te. Acest mineral v\u0103 va oferi un sentiment de pace \u0219i lini\u0219te \u00een zilele cele mai nebune\u0219ti sau agitate. Cur\u0103\u021b\u0103 corpul de stres, anxietate, traume ascunse sau r\u0103ni vechi ale sufletului \u0219i \u00ee\u021bi poate oferi chiar \u00eencredere pentru a-\u021bi atinge visele \u0219i obiectivele.<\/p>\n<h3><a href=\"https:\/\/trimakasi.eu\/ro\/product\/roz-botswana-agat\/\">Agat Botswana<\/a><\/h3>\n<p>Agata Botswana este apreciat\u0103 ast\u0103zi pentru capacitatea sa de a ne ajuta s\u0103 facem schimb\u0103ri fundamentale \u00een via\u021ba noastr\u0103 \u0219i s\u0103 vedem solu\u021bii dec\u00e2t s\u0103 g\u0103sim probleme. Agatele promoveaz\u0103, \u00een general, stabilitatea intern\u0103, calmul \u0219i maturitatea. Vibra\u021biile lor pl\u0103cute au propriet\u0103\u021bi protectoare care promoveaz\u0103 \u00eencrederea \u00een sine \u0219i un sentiment de siguran\u021b\u0103.<\/p>\n<h3><a href=\"https:\/\/trimakasi.eu\/ro\/product\/piatra-soarelui\/\">Piatra solar\u0103<\/a><\/h3>\n<p>Vibra\u021biile acestei pietre pre\u021bioase semipre\u021bioase poart\u0103 energia puternic\u0103 \u0219i creativ\u0103 a zeului soarelui egiptean numit Ra. Aceast\u0103 energie puternic\u0103 la oameni re\u00eennoie\u0219te bucuria vie\u021bii, buna dispozi\u021bie \u0219i pozitivitatea.<\/p>\n<p>Piatra Soarelui este un simbol al conducerii, al carismei, al libert\u0103\u021bii \u0219i al con\u0219tiin\u021bei extinse. Poate aduce lumin\u0103 \u00een zonele vie\u021bii noastre care necesit\u0103 aten\u021bie. De asemenea, aceast\u0103 piatr\u0103 poate ajuta la risipirea fricii, stresului \u0219i a tuturor vibra\u021biilor negative.<\/p>\n<p>Element: <strong>Ap\u0103, Foc<\/strong><\/p>\n<p>Semn zodiacal: <strong>Balan\u021b\u0103, Pe\u0219ti, Taur, Rac, Capricorn, Leu, Berbec, Gemeni, Scorpion, V\u0103rs\u0103tor<\/strong><\/p>\n<p>Br\u0103\u021bara armonizeaz\u0103 r\u0103d\u0103cina, sacrul, plexul solat \u0219i chakra inimii.<\/p>\n<p><img loading=\"lazy\" decoding=\"async\" class=\"lazyloaded\" src=\"https:\/\/trimakasi.cz\/wp-content\/uploads\/2018\/08\/%C4%8Dakra1.jpg\" alt=\"Z\u00e1kladn\u00ed \u010dakra\" width=\"74\" height=\"80\" data-lazy-src=\"https:\/\/trimakasi.cz\/wp-content\/uploads\/2018\/08\/%C4%8Dakra1.jpg\" data-was-processed=\"true\" \/><img loading=\"lazy\" decoding=\"async\" class=\"alignnone wp-image-72744 lazyloaded\" src=\"https:\/\/trimakasi.cz\/wp-content\/uploads\/2018\/07\/%C4%8Dakra2.jpg\" alt=\"Sakr\u00e1ln\u00ed \u010dakra\" width=\"67\" height=\"85\" data-lazy-src=\"https:\/\/trimakasi.cz\/wp-content\/uploads\/2018\/07\/\u010dakra2.jpg\" data-was-processed=\"true\" \/><img loading=\"lazy\" decoding=\"async\" class=\"lazyloaded\" src=\"https:\/\/trimakasi.cz\/wp-content\/uploads\/2018\/07\/%C4%8Dakra3.jpg\" alt=\"Plexul solar \u010dakra\" width=\"71\" height=\"79\" data-lazy-src=\"https:\/\/trimakasi.cz\/wp-content\/uploads\/2018\/07\/%C4%8Dakra3.jpg\" data-was-processed=\"true\" \/><img loading=\"lazy\" decoding=\"async\" class=\"alignnone wp-image-72746 lazyloaded\" src=\"https:\/\/trimakasi.cz\/wp-content\/uploads\/2018\/07\/%C4%8Dakra4.jpg\" alt=\"Srde\u010dn\u00ed \u010dakra\" width=\"74\" height=\"87\" data-lazy-src=\"https:\/\/trimakasi.cz\/wp-content\/uploads\/2018\/07\/\u010dakra4.jpg\" data-was-processed=\"true\" \/><\/p>\n<p><a href=\"https:\/\/trimakasi.eu\/ro\/vlog\/\"><u>Vizita\u021bi blogul nostru video pentru a descoperi conexiunile dintre pietre pre\u021bioase, semne zodiacale, chakre \u0219i multe altele.<\/u><\/a><\/p>","protected":false},"excerpt":{"rendered":"<p>O varietate de nuan\u021be moi, de la bej la roz, creat\u0103 dintr-o combina\u021bie neobi\u0219nuit\u0103 de morganit, piatr\u0103 solar\u0103 \u0219i agat botswana roz. O\u021bel inoxidabil de \u00eenalt\u0103 calitate cu acoperire PVD din aur real foarte durabil\u0103.<\/p>\n<p>Alege\u021bi br\u0103\u021bara \u00een func\u021bie de m\u0103rime.\u00a0<a href=\"https:\/\/trimakasi.eu\/ro\/cum-se-alege-marimea-bratarii\/\">Instruc\u021biunile despre cum s\u0103 alege\u021bi corect dimensiunea pot fi g\u0103site aici.<\/a>\u00a0Cutie de cadou neagr\u0103 de lux gratuit!<\/p>","protected":false},"featured_media":75562,"comment_status":"open","ping_status":"closed","template":"","meta":{"_acf_changed":false,"_themeisle_gutenberg_block_has_review":false},"product_brand":[],"product_cat":[1687,568,553],"product_tag":[],"class_list":{"0":"post-75523","1":"product","2":"type-product","3":"status-publish","4":"has-post-thumbnail","6":"product_cat-elastic-bracelets","7":"product_cat-premium-bracelets-for-women","8":"product_cat-womens-jewellery","10":"first","11":"outofstock","12":"taxable","13":"shipping-taxable","14":"purchasable","15":"product-type-variable","16":"has-default-attributes"},"acf":[],"_links":{"self":[{"href":"https:\/\/trimakasi.eu\/ro\/wp-json\/wp\/v2\/product\/75523","targetHints":{"allow":["GET"]}}],"collection":[{"href":"https:\/\/trimakasi.eu\/ro\/wp-json\/wp\/v2\/product"}],"about":[{"href":"https:\/\/trimakasi.eu\/ro\/wp-json\/wp\/v2\/types\/product"}],"replies":[{"embeddable":true,"href":"https:\/\/trimakasi.eu\/ro\/wp-json\/wp\/v2\/comments?post=75523"}],"wp:featuredmedia":[{"embeddable":true,"href":"https:\/\/trimakasi.eu\/ro\/wp-json\/wp\/v2\/media\/75562"}],"wp:attachment":[{"href":"https:\/\/trimakasi.eu\/ro\/wp-json\/wp\/v2\/media?parent=75523"}],"wp:term":[{"taxonomy":"product_brand","embeddable":true,"href":"https:\/\/trimakasi.eu\/ro\/wp-json\/wp\/v2\/product_brand?post=75523"},{"taxonomy":"product_cat","embeddable":true,"href":"https:\/\/trimakasi.eu\/ro\/wp-json\/wp\/v2\/product_cat?post=75523"},{"taxonomy":"product_tag","embeddable":true,"href":"https:\/\/trimakasi.eu\/ro\/wp-json\/wp\/v2\/product_tag?post=75523"}],"curies":[{"name":"wp","href":"https:\/\/api.w.org\/{rel}","templated":true}]}}