{"id":75496,"date":"2023-12-16T23:17:41","date_gmt":"2023-12-16T22:17:41","guid":{"rendered":"https:\/\/trimakasi.eu\/?post_type=product&#038;p=75496"},"modified":"2026-01-15T11:34:59","modified_gmt":"2026-01-15T10:34:59","slug":"meadow-femei-bratara","status":"publish","type":"product","link":"https:\/\/trimakasi.eu\/ro\/product\/meadow-womens-bracelet\/","title":{"rendered":"Br\u0103\u021bar\u0103 de dam\u0103 Meadow"},"content":{"rendered":"<h3>O\u021bel inoxidabil<\/h3>\n<p>Datorit\u0103 durit\u0103\u021bii \u0219i durabilit\u0103\u021bii sale, o\u021belul inoxidabil este un metal excelent pentru bijuterii.<\/p>\n<h3><a href=\"https:\/\/trimakasi.eu\/ro\/product\/madagascar-rose-quartz\/\"><u>Cuar\u021b rose Madagascar<\/u><\/a><\/h3>\n<p>Aceast\u0103 piatr\u0103 este un simbol al iubirii, frumuse\u021bii \u0219i s\u0103n\u0103t\u0103\u021bii. Ne \u00eenva\u021b\u0103 r\u0103bdarea \u00een rezolvarea problemelor, iubirea de sine \u0219i d\u0103 putere s\u0103 iert\u0103m pe cei care ne fac r\u0103u. Re\u00eenvie fantezia \u0219i g\u00e2ndirea creativ\u0103.<\/p>\n<h3><a href=\"https:\/\/trimakasi.eu\/ro\/product\/citrin\/\"><u>Citrin<\/u><\/a><\/h3>\n<p>Citrinul rezoneaz\u0103 cu vibra\u021bia energiei soarelui \u0219i ajut\u0103 oamenii s\u0103 dep\u0103\u0219easc\u0103 depresiile, fricile \u0219i fobiile. Acest mineral v\u0103 poate \u00eenc\u0103lzi inima \u0219i \u00een acela\u0219i timp stimuleaz\u0103 g\u00e2ndirea creativ\u0103 \u0219i mai presus de toate voin\u021ba uman\u0103. Furnizeaz\u0103 energie la toate nivelurile vie\u021bii.<\/p>\n<h3>Cuar\u021b de cristal cr\u0103pat<\/h3>\n<p>Protejeaz\u0103 puritatea sufletului, \u00eembun\u0103t\u0103\u021be\u0219te concentrarea, protejeaz\u0103 \u00eempotriva negativit\u0103\u021bii, este potrivit pentru medita\u021bie \u0219i, \u00een general, cre\u0219te for\u021ba mental\u0103. Cuar\u021b de cristal natural cr\u0103pat cu tratament termic.<\/p>\n<h3>Drag\u0103 jad<\/h3>\n<p>Echilibreaz\u0103 emo\u021biile, restabile\u0219te armonia, atrage prosperitatea \u0219i risipeste negativitatea. A fost folosit de triburile primitive ca o piatr\u0103 sacr\u0103 pentru a ajuta la accesarea lumii spirituale.<\/p>\n<h3><a href=\"https:\/\/trimakasi.eu\/ro\/product\/piatra-lunii\/\"><u>Piatra lunii<\/u><\/a><\/h3>\n<p>Piatra lunii armonizeaz\u0103 emo\u021biile la nivelul subcon\u0219tientului uman, \u00eent\u0103re\u0219te semnificativ intui\u021bia \u0219i ne ajut\u0103 s\u0103 ne ascult\u0103m vocea interioar\u0103. Armonizarea profund\u0103 a emo\u021biilor are un puternic efect de vindecare asupra min\u021bii \u0219i corpului uman, deoarece ajut\u0103 la exprimarea, nu suprimarea, a emo\u021biilor blocate la nivelul subcon\u0219tientului nostru. Moonstone suprim\u0103, de asemenea, stresul asociat angajamentului ridicat de munc\u0103.<\/p>\n<p>Element:<strong> P\u0103m\u00e2nt, Foc, Ap\u0103, Aer<\/strong><\/p>\n<p>Semn zodiacal: <strong>Potrivit pentru orice semn.<\/strong><\/p>\n<p>Br\u0103\u021bara armonizeaz\u0103 chakra Inim\u0103, G\u00e2t, Al treilea ochi \u0219i coroan\u0103.<\/p>\n<p><img loading=\"lazy\" decoding=\"async\" class=\"alignnone wp-image-72745\" style=\"color: #333333;\" src=\"https:\/\/trimakasi.cz\/wp-content\/uploads\/2018\/07\/\u010dakra3.jpg\" alt=\"Plexul solar \u010dakra\" width=\"70\" height=\"78\" \/><img loading=\"lazy\" decoding=\"async\" class=\"alignnone wp-image-72746\" src=\"https:\/\/trimakasi.cz\/wp-content\/uploads\/2018\/07\/\u010dakra4.jpg\" alt=\"Srde\u010dn\u00ed \u010dakra\" width=\"71\" height=\"84\" \/><a href=\"https:\/\/trimakasi.eu\/wp-content\/uploads\/\u010dakra5.jpg\"><img loading=\"lazy\" decoding=\"async\" class=\"alignnone wp-image-138515\" src=\"https:\/\/trimakasi.eu\/wp-content\/uploads\/\u010dakra5.jpg\" alt=\"Chakra g\u00e2tului\" width=\"73\" height=\"78\" srcset=\"https:\/\/trimakasi.eu\/wp-content\/uploads\/\u010dakra5.jpg 81w, https:\/\/trimakasi.eu\/wp-content\/uploads\/\u010dakra5-11x12.jpg 11w\" sizes=\"auto, (max-width: 73px) 100vw, 73px\" \/><\/a><img loading=\"lazy\" decoding=\"async\" class=\"alignnone wp-image-72749 lazyloaded\" src=\"https:\/\/trimakasi.cz\/wp-content\/uploads\/2018\/07\/%C4%8Dakra7.jpg\" alt=\"Korunn\u00ed \u010dakra\" width=\"68\" height=\"75\" data-lazy-src=\"https:\/\/trimakasi.cz\/wp-content\/uploads\/2018\/07\/\u010dakra7.jpg\" data-was-processed=\"true\" \/><\/p>\n<p><a href=\"https:\/\/trimakasi.eu\/ro\/vlog\/\"><u>Vizita\u021bi blogul nostru video pentru a descoperi conexiunile dintre pietre pre\u021bioase, semne zodiacale, chakre \u0219i multe altele.<\/u><\/a><\/p>","protected":false},"excerpt":{"rendered":"<p id=\"tw-target-text\" class=\"tw-data-text tw-text-large tw-ta\" dir=\"ltr\" data-placeholder=\"P\u0159eklad\">Br\u0103\u021bara care simbolizeaz\u0103 o paji\u0219te de prim\u0103var\u0103 plin\u0103 de flori \u00eenflorite va aduce energie \u0219i bucurie \u00een via\u021ba ta. O\u021bel inoxidabil de \u00eenalt\u0103 calitate \u00een combina\u021bie cu pietre pre\u021bioase naturale. .<\/p>\n<p>Alege\u021bi br\u0103\u021bara \u00een func\u021bie de m\u0103rime.\u00a0<a href=\"https:\/\/trimakasi.eu\/ro\/cum-se-alege-marimea-bratarii\/\">Instruc\u021biunile despre cum s\u0103 alege\u021bi corect dimensiunea pot fi g\u0103site aici.<\/a>\u00a0Cutie de cadou neagr\u0103 de lux gratuit!<\/p>","protected":false},"featured_media":163053,"comment_status":"open","ping_status":"closed","template":"","meta":{"_acf_changed":false,"_themeisle_gutenberg_block_has_review":false},"product_brand":[],"product_cat":[1687,568,553],"product_tag":[],"class_list":{"0":"post-75496","1":"product","2":"type-product","3":"status-publish","4":"has-post-thumbnail","6":"product_cat-elastic-bracelets","7":"product_cat-premium-bracelets-for-women","8":"product_cat-womens-jewellery","10":"first","11":"instock","12":"taxable","13":"shipping-taxable","14":"purchasable","15":"product-type-variable","16":"has-default-attributes"},"acf":[],"_links":{"self":[{"href":"https:\/\/trimakasi.eu\/ro\/wp-json\/wp\/v2\/product\/75496","targetHints":{"allow":["GET"]}}],"collection":[{"href":"https:\/\/trimakasi.eu\/ro\/wp-json\/wp\/v2\/product"}],"about":[{"href":"https:\/\/trimakasi.eu\/ro\/wp-json\/wp\/v2\/types\/product"}],"replies":[{"embeddable":true,"href":"https:\/\/trimakasi.eu\/ro\/wp-json\/wp\/v2\/comments?post=75496"}],"wp:featuredmedia":[{"embeddable":true,"href":"https:\/\/trimakasi.eu\/ro\/wp-json\/wp\/v2\/media\/163053"}],"wp:attachment":[{"href":"https:\/\/trimakasi.eu\/ro\/wp-json\/wp\/v2\/media?parent=75496"}],"wp:term":[{"taxonomy":"product_brand","embeddable":true,"href":"https:\/\/trimakasi.eu\/ro\/wp-json\/wp\/v2\/product_brand?post=75496"},{"taxonomy":"product_cat","embeddable":true,"href":"https:\/\/trimakasi.eu\/ro\/wp-json\/wp\/v2\/product_cat?post=75496"},{"taxonomy":"product_tag","embeddable":true,"href":"https:\/\/trimakasi.eu\/ro\/wp-json\/wp\/v2\/product_tag?post=75496"}],"curies":[{"name":"wp","href":"https:\/\/api.w.org\/{rel}","templated":true}]}}