{"id":75489,"date":"2018-11-16T23:04:20","date_gmt":"2018-11-16T22:04:20","guid":{"rendered":"https:\/\/trimakasi.eu\/?post_type=product&#038;p=75489"},"modified":"2024-09-19T21:58:09","modified_gmt":"2024-09-19T19:58:09","slug":"elune-dame-bratara","status":"publish","type":"product","link":"https:\/\/trimakasi.eu\/ro\/product\/elune-womens-bracelet\/","title":{"rendered":"Bratara de dama Elune"},"content":{"rendered":"<h3>O\u021bel inoxidabil<\/h3>\n<p>Datorit\u0103 durit\u0103\u021bii \u0219i durabilit\u0103\u021bii sale, o\u021belul inoxidabil este un metal excelent pentru bijuterii.<\/p>\n<h3><a href=\"https:\/\/trimakasi.eu\/ro\/product\/miezul-noptii-ametist\/\"><u>Ametist<\/u><\/a><\/h3>\n<p id=\"tw-target-text\" class=\"tw-data-text tw-ta tw-text-small\" dir=\"ltr\" data-placeholder=\"P\u0159eklad\">Ametistul este un simbol al mai multor calit\u0103\u021bi pozitive, cum ar fi prosperitatea, curajul, puritatea mental\u0103 \u0219i prietenia. De exemplu, Leonardo Da Vinci credea c\u0103 aceast\u0103 piatr\u0103 ajut\u0103 la controlul g\u00e2ndurilor rele, \u00eent\u0103re\u0219te inteligen\u021ba, accelereaz\u0103 g\u00e2ndirea \u0219i ajut\u0103 oamenii s\u0103 aduc\u0103 un rezultat pozitiv \u00een timpul negocierilor de afaceri!<\/p>\n<h3><a href=\"https:\/\/trimakasi.eu\/ro\/product\/acvamarin\/\"><u>Acvamarin<\/u><\/a><\/h3>\n<p id=\"tw-target-text\" class=\"tw-data-text tw-ta tw-text-small\" dir=\"ltr\" data-placeholder=\"P\u0159eklad\">Acvamarinul din mintea uman\u0103 evoc\u0103 puritatea apei limpezi \u0219i, \u00een acela\u0219i timp, o stare de relaxare profund\u0103 care aduce sunetul valurilor m\u0103rii care lovesc coasta. Este o piatr\u0103 pre\u021bioas\u0103 care cur\u0103\u021b\u0103 \u0219i calmeaz\u0103, care \u00eencurajeaz\u0103 \u00eencrederea \u0219i adev\u0103rul. \u00cen tradi\u021bia antic\u0103, acvamarinul era considerat lacrimile fosilizate ale sirenelor \u0219i era folosit de marinari ca un farmec norocos pentru ne\u00eenfricare \u0219i protec\u021bie.<\/p>\n<h3><a href=\"https:\/\/trimakasi.eu\/ro\/product\/piatra-lunii\/\"><u>Piatra lunii<\/u><\/a><\/h3>\n<p>Piatra lunii armonizeaz\u0103 emo\u021biile la nivelul subcon\u0219tientului uman, \u00eent\u0103re\u0219te semnificativ intui\u021bia \u0219i ne ajut\u0103 s\u0103 ne ascult\u0103m vocea interioar\u0103. Armonizarea profund\u0103 a emo\u021biilor are un puternic efect de vindecare asupra min\u021bii \u0219i corpului uman, deoarece ajut\u0103 la exprimarea, nu suprimarea, a emo\u021biilor blocate la nivelul subcon\u0219tientului nostru. Moonstone suprim\u0103, de asemenea, stresul asociat angajamentului ridicat de munc\u0103.<\/p>\n<div>Element: <strong>Ap\u0103, aer<\/strong><\/div>\n<div><\/div>\n<div>Semne zodiacale:<strong> V\u0103rs\u0103tor, Fecioar\u0103, S\u0103get\u0103tor, Capricorn, Pe\u0219ti, Rac, Berbec, Gemeni \u0219i Scorpion<\/strong><\/div>\n<p>Br\u0103\u021bara armonizeaz\u0103 Br\u0103\u021bara armonizeaz\u0103 g\u00e2tul, al treilea ochi \u0219i chakrele coroanei:<\/p>\n<p><img loading=\"lazy\" decoding=\"async\" class=\"alignnone wp-image-72747 lazyloaded\" src=\"https:\/\/trimakasi.cz\/wp-content\/uploads\/2018\/07\/%C4%8Dakra5.jpg\" alt=\"Hrdeln\u00ed \u010dakra\" width=\"61\" height=\"66\" data-lazy-src=\"https:\/\/trimakasi.cz\/wp-content\/uploads\/2018\/07\/\u010dakra5.jpg\" data-was-processed=\"true\" \/><img loading=\"lazy\" decoding=\"async\" class=\"alignnone wp-image-72748 lazyloaded\" src=\"https:\/\/trimakasi.cz\/wp-content\/uploads\/2018\/07\/%C4%8Dakra6.jpg\" alt=\"\" width=\"70\" height=\"67\" data-lazy-src=\"https:\/\/trimakasi.cz\/wp-content\/uploads\/2018\/07\/\u010dakra6.jpg\" data-was-processed=\"true\" \/><img loading=\"lazy\" decoding=\"async\" class=\"alignnone wp-image-72749 lazyloaded\" src=\"https:\/\/trimakasi.cz\/wp-content\/uploads\/2018\/07\/%C4%8Dakra7.jpg\" alt=\"\" width=\"67\" height=\"74\" data-lazy-src=\"https:\/\/trimakasi.cz\/wp-content\/uploads\/2018\/07\/\u010dakra7.jpg\" data-was-processed=\"true\" \/><\/p>\n<p><a href=\"https:\/\/trimakasi.eu\/ro\/vlog\/\"><u>Vizita\u021bi blogul nostru video pentru a descoperi conexiunile dintre pietre pre\u021bioase, semne zodiacale, chakre \u0219i multe altele.<\/u><\/a><\/p>","protected":false},"excerpt":{"rendered":"<p id=\"tw-target-text\" class=\"tw-data-text tw-text-large tw-ta\" dir=\"ltr\" data-placeholder=\"P\u0159eklad\">Selec\u021bie original\u0103 din acvamarin albastru, piatr\u0103 de lun\u0103 alb\u0103 \u0219i ametist violet. O\u021bel inoxidabil de \u00eenalt\u0103 calitate \u00een combina\u021bie cu pietre pre\u021bioase naturale.<\/p>\n<p>Alege\u021bi br\u0103\u021bara \u00een func\u021bie de m\u0103rime.\u00a0<a href=\"https:\/\/trimakasi.eu\/ro\/cum-se-alege-marimea-bratarii\/\">Instruc\u021biunile despre cum s\u0103 alege\u021bi corect dimensiunea pot fi g\u0103site aici.<\/a>\u00a0Cutie de cadou neagr\u0103 de lux gratuit!<\/p>","protected":false},"featured_media":163055,"comment_status":"open","ping_status":"closed","template":"","meta":{"_acf_changed":false,"_themeisle_gutenberg_block_has_review":false},"product_brand":[],"product_cat":[1687,568,553],"product_tag":[],"class_list":{"0":"post-75489","1":"product","2":"type-product","3":"status-publish","4":"has-post-thumbnail","6":"product_cat-elastic-bracelets","7":"product_cat-premium-bracelets-for-women","8":"product_cat-womens-jewellery","10":"first","11":"instock","12":"taxable","13":"shipping-taxable","14":"purchasable","15":"product-type-variable","16":"has-default-attributes"},"acf":[],"_links":{"self":[{"href":"https:\/\/trimakasi.eu\/ro\/wp-json\/wp\/v2\/product\/75489","targetHints":{"allow":["GET"]}}],"collection":[{"href":"https:\/\/trimakasi.eu\/ro\/wp-json\/wp\/v2\/product"}],"about":[{"href":"https:\/\/trimakasi.eu\/ro\/wp-json\/wp\/v2\/types\/product"}],"replies":[{"embeddable":true,"href":"https:\/\/trimakasi.eu\/ro\/wp-json\/wp\/v2\/comments?post=75489"}],"wp:featuredmedia":[{"embeddable":true,"href":"https:\/\/trimakasi.eu\/ro\/wp-json\/wp\/v2\/media\/163055"}],"wp:attachment":[{"href":"https:\/\/trimakasi.eu\/ro\/wp-json\/wp\/v2\/media?parent=75489"}],"wp:term":[{"taxonomy":"product_brand","embeddable":true,"href":"https:\/\/trimakasi.eu\/ro\/wp-json\/wp\/v2\/product_brand?post=75489"},{"taxonomy":"product_cat","embeddable":true,"href":"https:\/\/trimakasi.eu\/ro\/wp-json\/wp\/v2\/product_cat?post=75489"},{"taxonomy":"product_tag","embeddable":true,"href":"https:\/\/trimakasi.eu\/ro\/wp-json\/wp\/v2\/product_tag?post=75489"}],"curies":[{"name":"wp","href":"https:\/\/api.w.org\/{rel}","templated":true}]}}