{"id":75201,"date":"2019-11-09T11:25:37","date_gmt":"2019-11-09T10:25:37","guid":{"rendered":"https:\/\/trimakasi.eu\/?post_type=product&#038;p=75201"},"modified":"2025-06-28T21:49:03","modified_gmt":"2025-06-28T19:49:03","slug":"bratara-eclipse-barbati","status":"publish","type":"product","link":"https:\/\/trimakasi.eu\/ro\/product\/eclipse-mens-bracelet\/","title":{"rendered":"Br\u0103\u021bar\u0103 pentru b\u0103rba\u021bi Eclipse"},"content":{"rendered":"<h3>O\u021bel inoxidabil foarte lustruit<\/h3>\n<div>Datorit\u0103 durit\u0103\u021bii \u0219i durabilit\u0103\u021bii sale, o\u021belul inoxidabil este un metal excelent pentru bijuterii.<\/div>\n<div><\/div>\n<div>\n<h3 class=\"LC20lb\"><a href=\"https:\/\/trimakasi.eu\/ro\/product\/trimakasi-bracelet-northern-light\/\">Labradorit<\/a><\/h3>\n<p>Este o piatr\u0103 de \u0219amani, druizi, vindec\u0103tori \u0219i to\u021bi cei care caut\u0103 o \u00een\u021belegere mai profund\u0103 a acestei lumi \u0219i o cunoa\u0219tere spiritual\u0103 mai profund\u0103. Labradoritul aprinde focul imagina\u021biei creative \u0219i calmeaz\u0103 mintea de fric\u0103 \u0219i anxietate.<\/p>\n<h3>Piatra solar\u0103 \u00eentunecat\u0103<\/h3>\n<p>O varietate rar\u0103 de piatr\u0103 solar\u0103, care nu este \u00eenc\u0103 descris\u0103 prea mult.<\/p>\n<p>Vibra\u021biile acestei pietre pre\u021bioase semipre\u021bioase poart\u0103 energia puternic\u0103 \u0219i creativ\u0103 a zeului soarelui egiptean numit Ra. Aceast\u0103 energie puternic\u0103 la oameni re\u00eennoie\u0219te bucuria vie\u021bii, buna dispozi\u021bie \u0219i pozitivitatea.<\/p>\n<p>Piatra Soarelui este un simbol al conducerii, al carismei, al libert\u0103\u021bii \u0219i al con\u0219tiin\u021bei extinse. Poate aduce lumin\u0103 \u00een zonele vie\u021bii noastre care necesit\u0103 aten\u021bie. De asemenea, aceast\u0103 piatr\u0103 poate ajuta la risipirea fricii, stresului \u0219i a tuturor vibra\u021biilor negative.<\/p>\n<p>Element: <strong>Foc, ap\u0103, aer<\/strong><\/p>\n<p>Semn zodiacal: <strong>Leu, Berbec, Balan\u021b\u0103, Capricorn, Rac<\/strong><\/p>\n<p>Bratara armonizeaza toate chakrele datorita Labradoritului.<\/p>\n<p><a href=\"https:\/\/trimakasi.eu\/ro\/vlog\/\"><u>Vizita\u021bi blogul nostru video pentru a descoperi conexiunile dintre pietre pre\u021bioase, semne zodiacale, chakre \u0219i multe altele.<\/u><\/a><\/p>\n<\/div>","protected":false},"excerpt":{"rendered":"<p id=\"tw-target-text\" class=\"tw-data-text tw-text-large tw-ta\" dir=\"ltr\" data-placeholder=\"P\u0159eklad\">Br\u0103\u021bar\u0103 simpl\u0103 \u0219i elegant\u0103 cu simbolul eclipsei de soare: un labradorit opac, care aminte\u0219te de lun\u0103 \u0219i rara piatr\u0103 de soare \u00eentunecat\u0103.<\/p>\n<p>Alege\u021bi br\u0103\u021bara \u00een func\u021bie de m\u0103rime.\u00a0<a href=\"https:\/\/trimakasi.eu\/ro\/cum-se-alege-marimea-bratarii\/\">Instruc\u021biunile despre cum s\u0103 alege\u021bi corect dimensiunea pot fi g\u0103site aici.<\/a>\u00a0Cutie de cadou neagr\u0103 de lux gratuit!<\/p>","protected":false},"featured_media":75236,"comment_status":"open","ping_status":"closed","template":"","meta":{"_acf_changed":false,"_themeisle_gutenberg_block_has_review":false},"product_brand":[],"product_cat":[1687,1064,1067],"product_tag":[],"class_list":{"0":"post-75201","1":"product","2":"type-product","3":"status-publish","4":"has-post-thumbnail","6":"product_cat-elastic-bracelets","7":"product_cat-mens-jewellery","8":"product_cat-premium-bracelets-for-men","10":"first","11":"instock","12":"taxable","13":"shipping-taxable","14":"purchasable","15":"product-type-variable","16":"has-default-attributes"},"acf":[],"_links":{"self":[{"href":"https:\/\/trimakasi.eu\/ro\/wp-json\/wp\/v2\/product\/75201","targetHints":{"allow":["GET"]}}],"collection":[{"href":"https:\/\/trimakasi.eu\/ro\/wp-json\/wp\/v2\/product"}],"about":[{"href":"https:\/\/trimakasi.eu\/ro\/wp-json\/wp\/v2\/types\/product"}],"replies":[{"embeddable":true,"href":"https:\/\/trimakasi.eu\/ro\/wp-json\/wp\/v2\/comments?post=75201"}],"wp:featuredmedia":[{"embeddable":true,"href":"https:\/\/trimakasi.eu\/ro\/wp-json\/wp\/v2\/media\/75236"}],"wp:attachment":[{"href":"https:\/\/trimakasi.eu\/ro\/wp-json\/wp\/v2\/media?parent=75201"}],"wp:term":[{"taxonomy":"product_brand","embeddable":true,"href":"https:\/\/trimakasi.eu\/ro\/wp-json\/wp\/v2\/product_brand?post=75201"},{"taxonomy":"product_cat","embeddable":true,"href":"https:\/\/trimakasi.eu\/ro\/wp-json\/wp\/v2\/product_cat?post=75201"},{"taxonomy":"product_tag","embeddable":true,"href":"https:\/\/trimakasi.eu\/ro\/wp-json\/wp\/v2\/product_tag?post=75201"}],"curies":[{"name":"wp","href":"https:\/\/api.w.org\/{rel}","templated":true}]}}