{"id":75186,"date":"2022-11-09T10:59:34","date_gmt":"2022-11-09T09:59:34","guid":{"rendered":"https:\/\/trimakasi.eu\/?post_type=product&#038;p=75186"},"modified":"2025-06-28T21:42:54","modified_gmt":"2025-06-28T19:42:54","slug":"bratara-furtuna-barbati","status":"publish","type":"product","link":"https:\/\/trimakasi.eu\/ro\/product\/tempest-mens-bracelet\/","title":{"rendered":"Br\u0103\u021bar\u0103 pentru b\u0103rba\u021bi Tempest"},"content":{"rendered":"<h3>O\u021bel inoxidabil acoperit cu PVD negru<\/h3>\n<h3>Lapis lazuli<\/h3>\n<p>Aceast\u0103 misterioas\u0103 piatr\u0103 albastr\u0103 profund\u0103 din versiunea mat\u0103 este uneori denumit\u0103 \u201ePiatra magilor\u201d. Este un simbol al adev\u0103rului \u0219i al \u00een\u021belepciunii care ajut\u0103 la armonizarea \u00eemprejurimilor sale.<\/p>\n<h3>Piatra de lav\u0103<\/h3>\n<p>Piatra de lav\u0103 este supranumit\u0103 \u0219i \u201ePiatra rena\u0219terii\u201d, deoarece are capacitatea de a-i ajuta pe cei care o poart\u0103 s\u0103 scape de emo\u021biile inutile \u0219i nes\u0103n\u0103toase. Piatra de lav\u0103 ne men\u021bine stabili mental \u0219i ne ajut\u0103 s\u0103 sc\u0103dem furia.<\/p>\n<p>Element: <strong>Ap\u0103, Foc, P\u0103m\u00e2nt<\/strong><\/p>\n<p>Semne zodiacale: <strong>Fiecare semn poate beneficia de efectul de \u00eemp\u0103m\u00e2ntare a pietrei de lav\u0103<\/strong><\/p>\n<p>Br\u0103\u021bara armonizeaz\u0103 chakra r\u0103d\u0103cinii, chakra g\u00e2tului \u0219i chakra celui de-al treilea ochi<\/p>\n<p><a href=\"https:\/\/trimakasi.eu\/wp-content\/uploads\/\u010dakra1.jpg\"><img loading=\"lazy\" decoding=\"async\" class=\"alignnone size-full wp-image-138513\" src=\"https:\/\/trimakasi.eu\/wp-content\/uploads\/\u010dakra1.jpg\" alt=\"Chakra r\u0103d\u0103cinii\" width=\"81\" height=\"88\" srcset=\"https:\/\/trimakasi.eu\/wp-content\/uploads\/\u010dakra1.jpg 81w, https:\/\/trimakasi.eu\/wp-content\/uploads\/\u010dakra1-11x12.jpg 11w\" sizes=\"auto, (max-width: 81px) 100vw, 81px\" \/><\/a><a href=\"https:\/\/trimakasi.eu\/wp-content\/uploads\/\u010dakra5.jpg\"><img loading=\"lazy\" decoding=\"async\" class=\"alignnone size-full wp-image-138515\" src=\"https:\/\/trimakasi.eu\/wp-content\/uploads\/\u010dakra5.jpg\" alt=\"Chakra g\u00e2tului\" width=\"81\" height=\"87\" srcset=\"https:\/\/trimakasi.eu\/wp-content\/uploads\/\u010dakra5.jpg 81w, https:\/\/trimakasi.eu\/wp-content\/uploads\/\u010dakra5-11x12.jpg 11w\" sizes=\"auto, (max-width: 81px) 100vw, 81px\" \/><\/a><a href=\"https:\/\/trimakasi.eu\/wp-content\/uploads\/\u010dakra6.jpg\"><img loading=\"lazy\" decoding=\"async\" class=\"alignnone size-full wp-image-138516\" src=\"https:\/\/trimakasi.eu\/wp-content\/uploads\/\u010dakra6.jpg\" alt=\"Chakra al treilea ochi\" width=\"103\" height=\"98\" srcset=\"https:\/\/trimakasi.eu\/wp-content\/uploads\/\u010dakra6.jpg 103w, https:\/\/trimakasi.eu\/wp-content\/uploads\/\u010dakra6-13x12.jpg 13w\" sizes=\"auto, (max-width: 103px) 100vw, 103px\" \/><\/a><\/p>\n<p><a href=\"https:\/\/trimakasi.eu\/ro\/vlog\/\"><u>Vizita\u021bi blogul nostru video pentru a descoperi conexiunile dintre pietre pre\u021bioase, semne zodiacale, chakre \u0219i multe altele.<\/u><\/a><\/p>","protected":false},"excerpt":{"rendered":"<p>Br\u0103\u021bara Tempest reune\u0219te trei pietre pre\u021bioase mate - onix negru, piatr\u0103 vulcanic\u0103 \u0219i lapis lazuli - fiecare cunoscut\u0103 pentru propriet\u0103\u021bile sale revigorante \u0219i energizante. \u00cempreun\u0103 cu o\u021bel inoxidabil de \u00eenalt\u0103 calitate \u0219i finisat\u0103 cu un strat PVD negru durabil, aceast\u0103 br\u0103\u021bar\u0103 este conceput\u0103 pentru b\u0103rba\u021bii care \u00eembr\u0103\u021bi\u0219eaz\u0103 rezisten\u021ba discret\u0103 \u0219i stilul atemporal.<\/p>\n<p>Alege\u021bi br\u0103\u021bara \u00een func\u021bie de m\u0103rime.\u00a0<a href=\"https:\/\/trimakasi.eu\/ro\/cum-se-alege-marimea-bratarii\/\">Instruc\u021biunile despre cum s\u0103 alege\u021bi corect dimensiunea pot fi g\u0103site aici.<\/a>\u00a0Cutie de cadou neagr\u0103 de lux gratuit!<\/p>","protected":false},"featured_media":75266,"comment_status":"open","ping_status":"closed","template":"","meta":{"_acf_changed":false,"_themeisle_gutenberg_block_has_review":false},"product_brand":[],"product_cat":[1687,1064,1067],"product_tag":[],"class_list":{"0":"post-75186","1":"product","2":"type-product","3":"status-publish","4":"has-post-thumbnail","6":"product_cat-elastic-bracelets","7":"product_cat-mens-jewellery","8":"product_cat-premium-bracelets-for-men","10":"first","11":"instock","12":"taxable","13":"shipping-taxable","14":"purchasable","15":"product-type-variable","16":"has-default-attributes"},"acf":[],"_links":{"self":[{"href":"https:\/\/trimakasi.eu\/ro\/wp-json\/wp\/v2\/product\/75186","targetHints":{"allow":["GET"]}}],"collection":[{"href":"https:\/\/trimakasi.eu\/ro\/wp-json\/wp\/v2\/product"}],"about":[{"href":"https:\/\/trimakasi.eu\/ro\/wp-json\/wp\/v2\/types\/product"}],"replies":[{"embeddable":true,"href":"https:\/\/trimakasi.eu\/ro\/wp-json\/wp\/v2\/comments?post=75186"}],"wp:featuredmedia":[{"embeddable":true,"href":"https:\/\/trimakasi.eu\/ro\/wp-json\/wp\/v2\/media\/75266"}],"wp:attachment":[{"href":"https:\/\/trimakasi.eu\/ro\/wp-json\/wp\/v2\/media?parent=75186"}],"wp:term":[{"taxonomy":"product_brand","embeddable":true,"href":"https:\/\/trimakasi.eu\/ro\/wp-json\/wp\/v2\/product_brand?post=75186"},{"taxonomy":"product_cat","embeddable":true,"href":"https:\/\/trimakasi.eu\/ro\/wp-json\/wp\/v2\/product_cat?post=75186"},{"taxonomy":"product_tag","embeddable":true,"href":"https:\/\/trimakasi.eu\/ro\/wp-json\/wp\/v2\/product_tag?post=75186"}],"curies":[{"name":"wp","href":"https:\/\/api.w.org\/{rel}","templated":true}]}}