{"id":75170,"date":"2023-02-08T23:31:45","date_gmt":"2023-02-08T22:31:45","guid":{"rendered":"https:\/\/trimakasi.eu\/?post_type=product&#038;p=75170"},"modified":"2025-06-28T21:41:24","modified_gmt":"2025-06-28T19:41:24","slug":"bratara-poltergeist-barbatar","status":"publish","type":"product","link":"https:\/\/trimakasi.eu\/ro\/product\/poltergeist-mens-bracelet\/","title":{"rendered":"Br\u0103\u021bar\u0103 pentru b\u0103rba\u021bi Poltergeist"},"content":{"rendered":"<h3>O\u021bel inoxidabil acoperit cu PVD negru<\/h3>\n<div>Datorit\u0103 durit\u0103\u021bii \u0219i durabilit\u0103\u021bii sale, o\u021belul inoxidabil este un metal excelent pentru bijuterii.<\/div>\n<div>Acoperirea PVD este o solu\u021bie excelent\u0103 pentru br\u0103\u021b\u0103ri datorit\u0103 rezisten\u021bei sale ridicate la abraziune, anomalii de temperatur\u0103 \u0219i coroziune.<\/div>\n<div>\n<h3><a href=\"https:\/\/trimakasi.eu\/ro\/product\/piatra-de-lava\/\">Piatra de lav\u0103<\/a><\/h3>\n<p>Piatra de lav\u0103 este supranumit\u0103 \u0219i \u201ePiatra rena\u0219terii\u201d, deoarece are capacitatea de a-i ajuta pe cei care o poart\u0103 s\u0103 scape de emo\u021biile inutile \u0219i nes\u0103n\u0103toase. Piatra de lav\u0103 ne men\u021bine stabili mental \u0219i ne ajut\u0103 s\u0103 sc\u0103dem furia.<\/p>\n<h3><a href=\"https:\/\/trimakasi.eu\/ro\/product\/granat-hesonit\/\">Hesonit granat<\/a><\/h3>\n<p>Hesonitul de foc este o varietate pur\u0103 de granat care aprinde curaj, \u00eent\u0103re\u0219te carisma \u0219i vitalitatea \u0219i, de asemenea, ajut\u0103 la g\u0103sirea puterii creatoare \u00een ad\u00e2ncul t\u0103u. Granatul ca piatr\u0103 protectoare a s\u0103n\u0103t\u0103\u021bii spore\u0219te vitalitatea \u0219i instinctele esen\u021biale de supravie\u021buire.<\/p>\n<p>Element: <strong>Foc, P\u0103m\u00e2nt<\/strong><\/p>\n<p>Semn zodiacal:<strong> Datorit\u0103 pietrei de lav\u0103, potrivit\u0103 pentru fiecare semn<\/strong><\/p>\n<p>Br\u0103\u021bara armonizeaz\u0103 chakra r\u0103d\u0103cinii \u0219i chakra coroanei<\/p>\n<p><a href=\"https:\/\/trimakasi.eu\/wp-content\/uploads\/\u010dakra1.jpg\"><img loading=\"lazy\" decoding=\"async\" class=\"alignnone size-full wp-image-138513\" src=\"https:\/\/trimakasi.eu\/wp-content\/uploads\/\u010dakra1.jpg\" alt=\"Chakra r\u0103d\u0103cinii\" width=\"81\" height=\"88\" srcset=\"https:\/\/trimakasi.eu\/wp-content\/uploads\/\u010dakra1.jpg 81w, https:\/\/trimakasi.eu\/wp-content\/uploads\/\u010dakra1-11x12.jpg 11w\" sizes=\"auto, (max-width: 81px) 100vw, 81px\" \/><\/a><a href=\"https:\/\/trimakasi.eu\/wp-content\/uploads\/crown-chakra.jpg\"><img loading=\"lazy\" decoding=\"async\" class=\"alignnone size-full wp-image-132743\" src=\"https:\/\/trimakasi.eu\/wp-content\/uploads\/crown-chakra.jpg\" alt=\"\" width=\"92\" height=\"102\" srcset=\"https:\/\/trimakasi.eu\/wp-content\/uploads\/crown-chakra.jpg 92w, https:\/\/trimakasi.eu\/wp-content\/uploads\/crown-chakra-11x12.jpg 11w\" sizes=\"auto, (max-width: 92px) 100vw, 92px\" \/><\/a><\/p>\n<p><a href=\"https:\/\/trimakasi.eu\/ro\/vlog\/\"><u>Vizita\u021bi blogul nostru video pentru a descoperi conexiunile dintre pietre pre\u021bioase, semne zodiacale, chakre \u0219i multe altele.<\/u><\/a><\/p>\n<\/div>","protected":false},"excerpt":{"rendered":"<p id=\"tw-target-text\" class=\"tw-data-text tw-text-large tw-ta\" dir=\"ltr\" data-placeholder=\"P\u0159eklad\">Combina\u021bie unic\u0103 de granat exonit, descris drept \u201efoc viu\u201d, \u0219i piatr\u0103 de lav\u0103 cu efect de \u00eenr\u0103d\u0103cinare. Accesoriu excelent nu numai pentru \u00eent\u00e2lniri de afaceri, ci \u0219i pentru timpul liber. O\u021bel inoxidabil de \u00eenalt\u0103 calitate cu acoperire PVD neagr\u0103 foarte rezistent\u0103.<\/p>\n<p>Alege\u021bi br\u0103\u021bara \u00een func\u021bie de m\u0103rime.\u00a0<a href=\"https:\/\/trimakasi.eu\/ro\/cum-se-alege-marimea-bratarii\/\">Instruc\u021biunile despre cum s\u0103 alege\u021bi corect dimensiunea pot fi g\u0103site aici.<\/a>\u00a0Cutie de cadou neagr\u0103 de lux gratuit!<\/p>","protected":false},"featured_media":125015,"comment_status":"open","ping_status":"closed","template":"","meta":{"_acf_changed":false,"_themeisle_gutenberg_block_has_review":false},"product_brand":[],"product_cat":[1687,1064,1067],"product_tag":[],"class_list":{"0":"post-75170","1":"product","2":"type-product","3":"status-publish","4":"has-post-thumbnail","6":"product_cat-elastic-bracelets","7":"product_cat-mens-jewellery","8":"product_cat-premium-bracelets-for-men","10":"first","11":"instock","12":"taxable","13":"shipping-taxable","14":"purchasable","15":"product-type-variable","16":"has-default-attributes"},"acf":[],"_links":{"self":[{"href":"https:\/\/trimakasi.eu\/ro\/wp-json\/wp\/v2\/product\/75170","targetHints":{"allow":["GET"]}}],"collection":[{"href":"https:\/\/trimakasi.eu\/ro\/wp-json\/wp\/v2\/product"}],"about":[{"href":"https:\/\/trimakasi.eu\/ro\/wp-json\/wp\/v2\/types\/product"}],"replies":[{"embeddable":true,"href":"https:\/\/trimakasi.eu\/ro\/wp-json\/wp\/v2\/comments?post=75170"}],"wp:featuredmedia":[{"embeddable":true,"href":"https:\/\/trimakasi.eu\/ro\/wp-json\/wp\/v2\/media\/125015"}],"wp:attachment":[{"href":"https:\/\/trimakasi.eu\/ro\/wp-json\/wp\/v2\/media?parent=75170"}],"wp:term":[{"taxonomy":"product_brand","embeddable":true,"href":"https:\/\/trimakasi.eu\/ro\/wp-json\/wp\/v2\/product_brand?post=75170"},{"taxonomy":"product_cat","embeddable":true,"href":"https:\/\/trimakasi.eu\/ro\/wp-json\/wp\/v2\/product_cat?post=75170"},{"taxonomy":"product_tag","embeddable":true,"href":"https:\/\/trimakasi.eu\/ro\/wp-json\/wp\/v2\/product_tag?post=75170"}],"curies":[{"name":"wp","href":"https:\/\/api.w.org\/{rel}","templated":true}]}}