{"id":75082,"date":"2020-09-06T14:07:22","date_gmt":"2020-09-06T12:07:22","guid":{"rendered":"https:\/\/trimakasi.eu\/?post_type=product&#038;p=75082"},"modified":"2025-04-09T12:55:46","modified_gmt":"2025-04-09T10:55:46","slug":"inferno-bratara-barbateasca","status":"publish","type":"product","link":"https:\/\/trimakasi.eu\/ro\/product\/inferno-mens-bracelet\/","title":{"rendered":"Br\u0103\u021bar\u0103 pentru b\u0103rba\u021bi Inferno"},"content":{"rendered":"<h3>O\u021bel inoxidabil placat cu aur PVD<\/h3>\n<div>Datorit\u0103 durit\u0103\u021bii \u0219i durabilit\u0103\u021bii sale, o\u021belul inoxidabil este un metal excelent pentru bijuterii.<\/div>\n<div>Acoperirea PVD este o solu\u021bie excelent\u0103 pentru br\u0103\u021b\u0103ri datorit\u0103 rezisten\u021bei sale ridicate la abraziune, anomalii de temperatur\u0103 \u0219i coroziune.<\/div>\n<h3 id=\"tw-target-text\" class=\"tw-data-text tw-ta tw-text-small\" dir=\"ltr\" data-placeholder=\"P\u0159eklad\">Piatra de lav\u0103<\/h3>\n<p id=\"tw-target-text\" class=\"tw-data-text tw-ta tw-text-small\" dir=\"ltr\" data-placeholder=\"P\u0159eklad\"><span lang=\"en\" tabindex=\"0\">Datorit\u0103 structurii naturale poroase a acestor pietre, numite uneori Vulkanite, nu ve\u021bi g\u0103si niciodat\u0103 dou\u0103 m\u0103rgele identice. Lava provine direct din miezul p\u0103m\u00e2ntului, iar semnifica\u021bia sa spiritual\u0103 este legat\u0103 de legarea la p\u0103m\u00e2nt \u0219i conectarea cu natura. Nativii americani au purtat o bucat\u0103 de piatr\u0103 de lav\u0103 \u00een lupte, deoarece credeau c\u0103 puterea acesteia le va aduce curaj \u0219i putere. <\/span><\/p>\n<p class=\"tw-data-text tw-ta tw-text-small\" dir=\"ltr\" data-placeholder=\"P\u0159eklad\"><span lang=\"en\" tabindex=\"0\">Piatra de lav\u0103 este poreclit\u0103 \u0219i \u201ePiatra rena\u0219terii\u201d, deoarece are capacitatea de a-i ajuta pe cei care o poart\u0103 s\u0103 scape de emo\u021biile inutile \u0219i nes\u0103n\u0103toase. Piatra de lav\u0103 ne men\u021bine stabili mental \u0219i ne ajut\u0103 s\u0103 sc\u0103dem furia. Efectul de \u00eemp\u0103m\u00e2ntare a pietrei de lav\u0103 este, de asemenea, utilizat, de exemplu, pentru masaje.\u00a0<\/span><\/p>\n<p>Element: <strong>Foc, P\u0103m\u00e2nt<\/strong><\/p>\n<p>Zodia: B<strong>neeficient pentru toate semnele zodiacale<\/strong><\/p>\n<p>Piatra de lav\u0103 armonizeaz\u0103 chakra r\u0103d\u0103cinii<\/p>\n<p><a href=\"https:\/\/trimakasi.eu\/wp-content\/uploads\/\u010dakra1.jpg\"><img loading=\"lazy\" decoding=\"async\" class=\"alignnone size-full wp-image-138513\" src=\"https:\/\/trimakasi.eu\/wp-content\/uploads\/\u010dakra1.jpg\" alt=\"Chakra r\u0103d\u0103cinii\" width=\"81\" height=\"88\" srcset=\"https:\/\/trimakasi.eu\/wp-content\/uploads\/\u010dakra1.jpg 81w, https:\/\/trimakasi.eu\/wp-content\/uploads\/\u010dakra1-11x12.jpg 11w\" sizes=\"auto, (max-width: 81px) 100vw, 81px\" \/><\/a><\/p>\n<p><a href=\"https:\/\/trimakasi.eu\/ro\/vlog\/\"><u>Vizita\u021bi blogul nostru video pentru a descoperi conexiunile dintre pietre pre\u021bioase, semne zodiacale, chakre \u0219i multe altele.<\/u><\/a><\/p>","protected":false},"excerpt":{"rendered":"<p>Aceast\u0103 br\u0103\u021bar\u0103 elegant\u0103 este realizat\u0103 din piatr\u0103 de lav\u0103, un mineral care este un simbol al \u00eemp\u0103m\u00e2nt\u0103rii \u0219i rena\u0219terii. O\u021bel inoxidabil de \u00eenalt\u0103 calitate cu acoperire PVD foarte durabil\u0103.<br \/>\nAlege\u021bi o br\u0103\u021bar\u0103 dup\u0103 m\u0103rime \u0219i dup\u0103 culoarea pieselor metalice.\u00a0<a href=\"https:\/\/trimakasi.eu\/ro\/cum-se-alege-marimea-bratarii\/\">Instruc\u021biunile despre cum s\u0103 alege\u021bi corect dimensiunea pot fi g\u0103site aici.<\/a>\u00a0Cutie de cadou neagr\u0103 de lux gratuit!<\/p>","protected":false},"featured_media":75293,"comment_status":"open","ping_status":"closed","template":"","meta":{"_acf_changed":false,"_themeisle_gutenberg_block_has_review":false},"product_brand":[],"product_cat":[1687,1064,1067],"product_tag":[],"class_list":{"0":"post-75082","1":"product","2":"type-product","3":"status-publish","4":"has-post-thumbnail","6":"product_cat-elastic-bracelets","7":"product_cat-mens-jewellery","8":"product_cat-premium-bracelets-for-men","10":"first","11":"instock","12":"taxable","13":"shipping-taxable","14":"purchasable","15":"product-type-variable","16":"has-default-attributes"},"acf":[],"_links":{"self":[{"href":"https:\/\/trimakasi.eu\/ro\/wp-json\/wp\/v2\/product\/75082","targetHints":{"allow":["GET"]}}],"collection":[{"href":"https:\/\/trimakasi.eu\/ro\/wp-json\/wp\/v2\/product"}],"about":[{"href":"https:\/\/trimakasi.eu\/ro\/wp-json\/wp\/v2\/types\/product"}],"replies":[{"embeddable":true,"href":"https:\/\/trimakasi.eu\/ro\/wp-json\/wp\/v2\/comments?post=75082"}],"wp:featuredmedia":[{"embeddable":true,"href":"https:\/\/trimakasi.eu\/ro\/wp-json\/wp\/v2\/media\/75293"}],"wp:attachment":[{"href":"https:\/\/trimakasi.eu\/ro\/wp-json\/wp\/v2\/media?parent=75082"}],"wp:term":[{"taxonomy":"product_brand","embeddable":true,"href":"https:\/\/trimakasi.eu\/ro\/wp-json\/wp\/v2\/product_brand?post=75082"},{"taxonomy":"product_cat","embeddable":true,"href":"https:\/\/trimakasi.eu\/ro\/wp-json\/wp\/v2\/product_cat?post=75082"},{"taxonomy":"product_tag","embeddable":true,"href":"https:\/\/trimakasi.eu\/ro\/wp-json\/wp\/v2\/product_tag?post=75082"}],"curies":[{"name":"wp","href":"https:\/\/api.w.org\/{rel}","templated":true}]}}