{"id":75028,"date":"2019-11-05T18:07:05","date_gmt":"2019-11-05T17:07:05","guid":{"rendered":"https:\/\/trimakasi.eu\/?post_type=product&#038;p=75028"},"modified":"2025-06-15T11:27:54","modified_gmt":"2025-06-15T09:27:54","slug":"negru-mat-agat","status":"publish","type":"product","link":"https:\/\/trimakasi.eu\/ro\/product\/black-matte-onyx\/","title":{"rendered":"Bratara de onix neagra mat"},"content":{"rendered":"<h3>Onix negru \u2013 propriet\u0103\u021bi<\/h3>\n<p>Onixul promoveaz\u0103 \u00een general stabilitatea interioar\u0103, calmul \u0219i maturitatea mental\u0103. Vibra\u021biile sale pl\u0103cute au propriet\u0103\u021bi de protec\u021bie \u0219i promoveaz\u0103 \u00eencrederea \u00een sine \u0219i ofer\u0103, de asemenea, un sentiment de siguran\u021b\u0103.<\/p>\n<p>Onixul negru are capacitatea de a cre\u0219te puterea de voin\u021b\u0103 a proprietarului s\u0103u \u0219i \u00eel ajut\u0103 s\u0103 fac\u0103 fa\u021b\u0103 problemelor cu curaj. Ne ajut\u0103 s\u0103 g\u0103sim solu\u021bii \u00een loc s\u0103 g\u0103sim probleme \u0219i s\u0103 alung\u0103m ideea de a renun\u021ba. Onixul negru este o piatr\u0103 universal\u0103 potrivit\u0103 pentru aproape toate semnele zodiacale.<\/p>\n<p>Element: <strong>Foc<\/strong><\/p>\n<p>Semn zodiacal: <strong>Fecioar\u0103, Gemeni, Scorpion, Pe\u0219ti, V\u0103rs\u0103tor, Capricorn, Rac, Taur, Berbec<\/strong><\/p>\n<p>Br\u0103\u021bara armonizeaz\u0103 chakra r\u0103d\u0103cinii<\/p>\n<p><a href=\"https:\/\/trimakasi.eu\/wp-content\/uploads\/\u010dakra1.jpg\"><img loading=\"lazy\" decoding=\"async\" class=\"alignnone size-full wp-image-138513\" src=\"https:\/\/trimakasi.eu\/wp-content\/uploads\/\u010dakra1.jpg\" alt=\"Chakra r\u0103d\u0103cinii\" width=\"81\" height=\"88\" srcset=\"https:\/\/trimakasi.eu\/wp-content\/uploads\/\u010dakra1.jpg 81w, https:\/\/trimakasi.eu\/wp-content\/uploads\/\u010dakra1-11x12.jpg 11w\" sizes=\"auto, (max-width: 81px) 100vw, 81px\" \/><\/a><\/p>\n<p><a href=\"https:\/\/trimakasi.eu\/ro\/vlog\/\"><u>Vizita\u021bi blogul nostru video pentru a descoperi conexiunile dintre pietre pre\u021bioase, semne zodiacale, chakre \u0219i multe altele.<\/u><\/a><\/p>","protected":false},"excerpt":{"rendered":"<p>Onixul elegant, mat, negru este un accesoriu de moda grozav, apreciat recent mai ales de barbati. Afla\u021bi mai multe despre propriet\u0103\u021bile acestei pietre mai jos.<\/p>\n<p>Alege\u021bi br\u0103\u021bara dup\u0103 m\u0103rime \u0219i dup\u0103 culoarea ultimei m\u0103rgele.\u00a0<a href=\"https:\/\/trimakasi.eu\/ro\/cum-se-alege-marimea-bratarii\/\">Instruc\u021biunile despre cum s\u0103 alege\u021bi corect dimensiunea pot fi g\u0103site aici.<\/a><\/p>","protected":false},"featured_media":105129,"comment_status":"open","ping_status":"closed","template":"","meta":{"_acf_changed":false,"_themeisle_gutenberg_block_has_review":false},"product_brand":[],"product_cat":[1687,1064,554,1068,553],"product_tag":[],"class_list":{"0":"post-75028","1":"product","2":"type-product","3":"status-publish","4":"has-post-thumbnail","6":"product_cat-elastic-bracelets","7":"product_cat-mens-jewellery","8":"product_cat-natural-gemstone-bracelets","9":"product_cat-natural-gemstone-bracelets-for-men","10":"product_cat-womens-jewellery","12":"first","13":"instock","14":"taxable","15":"shipping-taxable","16":"purchasable","17":"product-type-variable","18":"has-default-attributes"},"acf":[],"_links":{"self":[{"href":"https:\/\/trimakasi.eu\/ro\/wp-json\/wp\/v2\/product\/75028","targetHints":{"allow":["GET"]}}],"collection":[{"href":"https:\/\/trimakasi.eu\/ro\/wp-json\/wp\/v2\/product"}],"about":[{"href":"https:\/\/trimakasi.eu\/ro\/wp-json\/wp\/v2\/types\/product"}],"replies":[{"embeddable":true,"href":"https:\/\/trimakasi.eu\/ro\/wp-json\/wp\/v2\/comments?post=75028"}],"wp:featuredmedia":[{"embeddable":true,"href":"https:\/\/trimakasi.eu\/ro\/wp-json\/wp\/v2\/media\/105129"}],"wp:attachment":[{"href":"https:\/\/trimakasi.eu\/ro\/wp-json\/wp\/v2\/media?parent=75028"}],"wp:term":[{"taxonomy":"product_brand","embeddable":true,"href":"https:\/\/trimakasi.eu\/ro\/wp-json\/wp\/v2\/product_brand?post=75028"},{"taxonomy":"product_cat","embeddable":true,"href":"https:\/\/trimakasi.eu\/ro\/wp-json\/wp\/v2\/product_cat?post=75028"},{"taxonomy":"product_tag","embeddable":true,"href":"https:\/\/trimakasi.eu\/ro\/wp-json\/wp\/v2\/product_tag?post=75028"}],"curies":[{"name":"wp","href":"https:\/\/api.w.org\/{rel}","templated":true}]}}