{"id":74593,"date":"2024-03-23T13:44:46","date_gmt":"2024-03-23T12:44:46","guid":{"rendered":"https:\/\/trimakasi.eu\/product\/cerny-obsidian-naramek\/"},"modified":"2026-02-05T04:21:09","modified_gmt":"2026-02-05T03:21:09","slug":"negru-obsidian","status":"publish","type":"product","link":"https:\/\/trimakasi.eu\/ro\/product\/black-obsidian\/","title":{"rendered":"Br\u0103\u021bara Obsidian negru"},"content":{"rendered":"<h3>Obsidian \u2013 propriet\u0103\u021bi<\/h3>\n<p><span lang=\"en\" tabindex=\"0\">Obsidianul este o form\u0103 special\u0103 de sticl\u0103 natural\u0103, creat\u0103 prin r\u0103cirea rapid\u0103 a lavei fierbin\u021bi de pe suprafa\u021ba p\u0103m\u00e2ntului. A fost folosit de omenire \u00eenc\u0103 din epoca de piatr\u0103, c\u00e2nd v\u00e2n\u0103torii \u00ee\u0219i f\u0103ceau v\u00e2rfurile armelor din a\u0219chii ascu\u021bi\u021bi. Aceast\u0103 piatr\u0103 a fost de asemenea\u00a0<\/span><span lang=\"en\" tabindex=\"0\">apreciat de vechii azteci, care o numeau \u201ePiatra lui Dumnezeu\u201d. Pumnalul lor sacru, conceput pentru ritualul lor infam de a aduce sacrificii umane c\u0103tre zei, a fost f\u0103cut din aceast\u0103 piatr\u0103.<\/span><\/p>\n<p><span lang=\"en\" tabindex=\"0\">Onixul negru, turmalina neagr\u0103 \u0219i obsidianul negru sunt considerate pietre de protec\u021bie tradi\u021bionale datorit\u0103 culorii lor \u00eenchise. Ele v\u0103 pot \u00eenconjura cu o atmosfer\u0103 protectoare care absoarbe toat\u0103 negativitatea din mediul \u00eenconjur\u0103tor. Cel mai important, ele ajut\u0103 la dep\u0103\u0219irea tiparelor de g\u00e2ndire negative care apar din cele mai debilitante \u0219i toxice emo\u021bii: frica.<\/span><\/p>\n<p>Element: <strong>Foc<\/strong><\/p>\n<p>Semn zodiacal:\u00a0<strong>S\u0103get\u0103tor, Scorpion<\/strong><\/p>\n<p>Br\u0103\u021bara armonizeaz\u0103 chakra r\u0103d\u0103cinii<\/p>\n<p><a href=\"https:\/\/trimakasi.eu\/wp-content\/uploads\/\u010dakra1.jpg\"><img loading=\"lazy\" decoding=\"async\" class=\"alignnone size-full wp-image-138513\" src=\"https:\/\/trimakasi.eu\/wp-content\/uploads\/\u010dakra1.jpg\" alt=\"Chakra r\u0103d\u0103cinii\" width=\"81\" height=\"88\" srcset=\"https:\/\/trimakasi.eu\/wp-content\/uploads\/\u010dakra1.jpg 81w, https:\/\/trimakasi.eu\/wp-content\/uploads\/\u010dakra1-11x12.jpg 11w\" sizes=\"auto, (max-width: 81px) 100vw, 81px\" \/><\/a><\/p>\n<p><a href=\"https:\/\/trimakasi.eu\/ro\/vlog\/\"><u>Vizita\u021bi blogul nostru video pentru a descoperi conexiunile dintre pietre pre\u021bioase, semne zodiacale, chakre \u0219i multe altele.<\/u><\/a><\/p>","protected":false},"excerpt":{"rendered":"<p>\u00cembr\u0103\u021bi\u0219a\u021bi energia protectoare a br\u0103\u021b\u0103rii noastre obsidiane negre. Fabricat\u0103 din obsidian negru autentic, aceast\u0103 br\u0103\u021bar\u0103 serve\u0219te ca un scut puternic \u00eempotriva negativit\u0103\u021bii, ajut\u00e2ndu-v\u0103 s\u0103 r\u0103m\u00e2ne\u021bi \u00eemp\u0103m\u00e2ntat \u0219i protejat \u00een eforturile voastre zilnice. Afla\u021bi mai multe despre propriet\u0103\u021bile acestei pietre mai jos.<\/p>\n<p>Alege\u021bi br\u0103\u021bara dup\u0103 m\u0103rime \u0219i dup\u0103 culoarea ultimei m\u0103rgele.\u00a0<a href=\"https:\/\/trimakasi.eu\/ro\/cum-se-alege-marimea-bratarii\/\">Instruc\u021biunile despre cum s\u0103 alege\u021bi corect dimensiunea pot fi g\u0103site aici.<\/a><\/p>","protected":false},"featured_media":105151,"comment_status":"open","ping_status":"closed","template":"","meta":{"_acf_changed":false,"_themeisle_gutenberg_block_has_review":false},"product_brand":[],"product_cat":[1687,1064,554,1068,553],"product_tag":[],"class_list":{"0":"post-74593","1":"product","2":"type-product","3":"status-publish","4":"has-post-thumbnail","6":"product_cat-elastic-bracelets","7":"product_cat-mens-jewellery","8":"product_cat-natural-gemstone-bracelets","9":"product_cat-natural-gemstone-bracelets-for-men","10":"product_cat-womens-jewellery","12":"first","13":"instock","14":"taxable","15":"shipping-taxable","16":"purchasable","17":"product-type-variable","18":"has-default-attributes"},"acf":[],"_links":{"self":[{"href":"https:\/\/trimakasi.eu\/ro\/wp-json\/wp\/v2\/product\/74593","targetHints":{"allow":["GET"]}}],"collection":[{"href":"https:\/\/trimakasi.eu\/ro\/wp-json\/wp\/v2\/product"}],"about":[{"href":"https:\/\/trimakasi.eu\/ro\/wp-json\/wp\/v2\/types\/product"}],"replies":[{"embeddable":true,"href":"https:\/\/trimakasi.eu\/ro\/wp-json\/wp\/v2\/comments?post=74593"}],"wp:featuredmedia":[{"embeddable":true,"href":"https:\/\/trimakasi.eu\/ro\/wp-json\/wp\/v2\/media\/105151"}],"wp:attachment":[{"href":"https:\/\/trimakasi.eu\/ro\/wp-json\/wp\/v2\/media?parent=74593"}],"wp:term":[{"taxonomy":"product_brand","embeddable":true,"href":"https:\/\/trimakasi.eu\/ro\/wp-json\/wp\/v2\/product_brand?post=74593"},{"taxonomy":"product_cat","embeddable":true,"href":"https:\/\/trimakasi.eu\/ro\/wp-json\/wp\/v2\/product_cat?post=74593"},{"taxonomy":"product_tag","embeddable":true,"href":"https:\/\/trimakasi.eu\/ro\/wp-json\/wp\/v2\/product_tag?post=74593"}],"curies":[{"name":"wp","href":"https:\/\/api.w.org\/{rel}","templated":true}]}}