{"id":74584,"date":"2019-05-23T13:44:36","date_gmt":"2019-05-23T11:44:36","guid":{"rendered":"https:\/\/trimakasi.eu\/product\/lavovy-kamen-naramek\/"},"modified":"2025-08-05T20:45:58","modified_gmt":"2025-08-05T18:45:58","slug":"piatra-de-lava","status":"publish","type":"product","link":"https:\/\/trimakasi.eu\/ro\/product\/lava-stone\/","title":{"rendered":"Br\u0103\u021bara Piatr\u0103 de lav\u0103"},"content":{"rendered":"<h3>Piatra de lav\u0103 \u2013 propriet\u0103\u021bi<\/h3>\n<p>Datorit\u0103 structurii naturale poroase a acestor pietre, numite uneori Vulkanite, nu ve\u021bi g\u0103si niciodat\u0103 dou\u0103 m\u0103rgele identice. Lava provine direct din miezul p\u0103m\u00e2ntului, iar semnifica\u021bia sa spiritual\u0103 este legat\u0103 de legarea la p\u0103m\u00e2nt \u0219i conectarea cu natura. Nativii americani au purtat o bucat\u0103 de piatr\u0103 de lav\u0103 \u00een lupte, deoarece credeau c\u0103 puterea acesteia le va aduce curaj \u0219i putere.<\/p>\n<p>Piatra de lav\u0103 este poreclit\u0103 \u0219i \u201ePiatra rena\u0219terii\u201d, deoarece are capacitatea de a-i ajuta pe cei care o poart\u0103 s\u0103 scape de emo\u021biile inutile \u0219i nes\u0103n\u0103toase. Piatra de lav\u0103 ne men\u021bine stabili mental \u0219i ne ajut\u0103 s\u0103 sc\u0103dem furia. Efectul de \u00eemp\u0103m\u00e2ntare a pietrei de lav\u0103 este, de asemenea, utilizat, de exemplu, pentru masaje.<\/p>\n<p>Element:<strong> Foc, P\u0103m\u00e2nt<\/strong><\/p>\n<p>Semn zodiacal:<strong> Benefic pentru toate zodiile<\/strong><\/p>\n<p>Piatra de lav\u0103 armonizeaz\u0103 chakra r\u0103d\u0103cinii:<\/p>\n<p><a href=\"https:\/\/trimakasi.eu\/wp-content\/uploads\/\u010dakra1.jpg\"><img loading=\"lazy\" decoding=\"async\" class=\"alignnone size-full wp-image-138513\" src=\"https:\/\/trimakasi.eu\/wp-content\/uploads\/\u010dakra1.jpg\" alt=\"Chakra r\u0103d\u0103cinii\" width=\"81\" height=\"88\" srcset=\"https:\/\/trimakasi.eu\/wp-content\/uploads\/\u010dakra1.jpg 81w, https:\/\/trimakasi.eu\/wp-content\/uploads\/\u010dakra1-11x12.jpg 11w\" sizes=\"auto, (max-width: 81px) 100vw, 81px\" \/><\/a><\/p>\n<p><a href=\"https:\/\/trimakasi.eu\/ro\/vlog\/\"><u>Vizita\u021bi blogul nostru video pentru a descoperi conexiunile dintre pietre pre\u021bioase, semne zodiacale, chakre \u0219i multe altele.<\/u><\/a><\/p>\n<p>&nbsp;<\/p>","protected":false},"excerpt":{"rendered":"<p>\u00cembun\u0103t\u0103\u021be\u0219te-\u021bi stilul zilnic cu aceast\u0103 br\u0103\u021bar\u0103 impresionant\u0103 din piatr\u0103 vulcanic\u0103. Extras\u0103 din roc\u0103 vulcanic\u0103, fiecare m\u0103rgea simbolizeaz\u0103 echilibrul \u0219i re\u00eennoirea, reamintindu-\u021bi s\u0103 r\u0103m\u00e2i ancorat \u00een timp ce \u00eembr\u0103\u021bi\u0219ezi noi \u00eenceputuri. Afl\u0103 mai multe despre propriet\u0103\u021bile sale unice mai jos.<\/p>\n<p>Alege\u021bi br\u0103\u021bara dup\u0103 m\u0103rime \u0219i dup\u0103 culoarea ultimei m\u0103rgele.\u00a0<a href=\"https:\/\/trimakasi.eu\/ro\/cum-se-alege-marimea-bratarii\/\">Instruc\u021biunile despre cum s\u0103 alege\u021bi corect dimensiunea pot fi g\u0103site aici.<\/a><\/p>","protected":false},"featured_media":74833,"comment_status":"open","ping_status":"closed","template":"","meta":{"_acf_changed":false,"_themeisle_gutenberg_block_has_review":false},"product_brand":[],"product_cat":[1687,1064,554,1068,553],"product_tag":[],"class_list":{"0":"post-74584","1":"product","2":"type-product","3":"status-publish","4":"has-post-thumbnail","6":"product_cat-elastic-bracelets","7":"product_cat-mens-jewellery","8":"product_cat-natural-gemstone-bracelets","9":"product_cat-natural-gemstone-bracelets-for-men","10":"product_cat-womens-jewellery","12":"first","13":"instock","14":"taxable","15":"shipping-taxable","16":"purchasable","17":"product-type-variable","18":"has-default-attributes"},"acf":[],"_links":{"self":[{"href":"https:\/\/trimakasi.eu\/ro\/wp-json\/wp\/v2\/product\/74584","targetHints":{"allow":["GET"]}}],"collection":[{"href":"https:\/\/trimakasi.eu\/ro\/wp-json\/wp\/v2\/product"}],"about":[{"href":"https:\/\/trimakasi.eu\/ro\/wp-json\/wp\/v2\/types\/product"}],"replies":[{"embeddable":true,"href":"https:\/\/trimakasi.eu\/ro\/wp-json\/wp\/v2\/comments?post=74584"}],"wp:featuredmedia":[{"embeddable":true,"href":"https:\/\/trimakasi.eu\/ro\/wp-json\/wp\/v2\/media\/74833"}],"wp:attachment":[{"href":"https:\/\/trimakasi.eu\/ro\/wp-json\/wp\/v2\/media?parent=74584"}],"wp:term":[{"taxonomy":"product_brand","embeddable":true,"href":"https:\/\/trimakasi.eu\/ro\/wp-json\/wp\/v2\/product_brand?post=74584"},{"taxonomy":"product_cat","embeddable":true,"href":"https:\/\/trimakasi.eu\/ro\/wp-json\/wp\/v2\/product_cat?post=74584"},{"taxonomy":"product_tag","embeddable":true,"href":"https:\/\/trimakasi.eu\/ro\/wp-json\/wp\/v2\/product_tag?post=74584"}],"curies":[{"name":"wp","href":"https:\/\/api.w.org\/{rel}","templated":true}]}}