{"id":74575,"date":"2019-05-23T13:44:26","date_gmt":"2019-05-23T11:44:26","guid":{"rendered":"https:\/\/trimakasi.eu\/product\/howlit-naramek\/"},"modified":"2024-04-04T23:18:33","modified_gmt":"2024-04-04T21:18:33","slug":"howlit","status":"publish","type":"product","link":"https:\/\/trimakasi.eu\/ro\/product\/howlite\/","title":{"rendered":"Br\u0103\u021bara Howlite"},"content":{"rendered":"<h3>Howlite \u2013 propriet\u0103\u021bi<\/h3>\n<p>Aceast\u0103 piatr\u0103 alb\u0103 aduce pace profund\u0103, relaxare, armonie \u0219i calmeaz\u0103 emo\u021biile \u0219i ne face mai rezisten\u021bi la stres. Howlitul este, de asemenea, cunoscut sub numele de L\u00e1pis Howlit, Turcoaz alb \u0219i Kaolinit\u0103. Prin calmarea emo\u021biilor, aceast\u0103 piatr\u0103 poate \u00eencetini mintea hiperactiv\u0103 \u0219i poate ajuta la realizarea unui somn profund \u0219i lini\u0219tit. Prin calmarea subcon\u0219tientului nostru, poate ajuta, de asemenea, la eliberarea emo\u021biilor blocate, precum \u0219i la eliminarea durerii, stresului sau furiei.<\/p>\n<p>Element: <strong>Aer<\/strong><\/p>\n<p id=\"tw-target-text\" class=\"tw-data-text tw-ta tw-text-small\" dir=\"ltr\" data-placeholder=\"P\u0159eklad\"><span lang=\"en\" tabindex=\"0\">Semn zodiacal: <strong>S\u0103get\u0103tor, Leu, Fecioar\u0103<\/strong><\/span><\/p>\n<p>Aceast\u0103 br\u0103\u021bar\u0103 armonizeaz\u0103 chakra Inimii:<\/p>\n<p><a href=\"https:\/\/trimakasi.eu\/wp-content\/uploads\/2020\/07\/\u010dakra4.jpg\"><img loading=\"lazy\" decoding=\"async\" class=\"alignnone size-full wp-image-83566\" src=\"https:\/\/trimakasi.eu\/wp-content\/uploads\/2020\/07\/\u010dakra4.jpg\" alt=\"Chakra inimii\" width=\"79\" height=\"93\" srcset=\"https:\/\/trimakasi.eu\/wp-content\/uploads\/2020\/07\/\u010dakra4.jpg 79w, https:\/\/trimakasi.eu\/wp-content\/uploads\/2020\/07\/\u010dakra4-10x12.jpg 10w\" sizes=\"auto, (max-width: 79px) 100vw, 79px\" \/><\/a><\/p>\n<p><a href=\"https:\/\/trimakasi.eu\/ro\/vlog\/\"><u>Vizita\u021bi blogul nostru video pentru a descoperi conexiunile dintre pietre pre\u021bioase, semne zodiacale, chakre \u0219i multe altele.<\/u><\/a><\/p>","protected":false},"excerpt":{"rendered":"<p id=\"tw-target-text\" class=\"tw-data-text tw-ta tw-text-small\" dir=\"ltr\" data-placeholder=\"P\u0159eklad\"><span lang=\"en\" tabindex=\"0\">Aceast\u0103 br\u0103\u021bar\u0103 elegant\u0103 este realizat\u0103 din howlit, un mineral care arat\u0103 ca marmura de lux.\u00a0<\/span>Afla\u021bi mai multe despre propriet\u0103\u021bile acestei pietre mai jos.<\/p>\n<p>Alege\u021bi br\u0103\u021bara dup\u0103 m\u0103rime \u0219i dup\u0103 culoarea ultimei m\u0103rgele.\u00a0<a href=\"https:\/\/trimakasi.eu\/ro\/cum-se-alege-marimea-bratarii\/\">Instruc\u021biunile despre cum s\u0103 alege\u021bi corect dimensiunea pot fi g\u0103site aici.<\/a><\/p>","protected":false},"featured_media":104813,"comment_status":"open","ping_status":"closed","template":"","meta":{"_acf_changed":false,"_themeisle_gutenberg_block_has_review":false},"product_brand":[],"product_cat":[1687,1064,554,1068,553],"product_tag":[],"class_list":{"0":"post-74575","1":"product","2":"type-product","3":"status-publish","4":"has-post-thumbnail","6":"product_cat-elastic-bracelets","7":"product_cat-mens-jewellery","8":"product_cat-natural-gemstone-bracelets","9":"product_cat-natural-gemstone-bracelets-for-men","10":"product_cat-womens-jewellery","12":"first","13":"outofstock","14":"taxable","15":"shipping-taxable","16":"purchasable","17":"product-type-variable","18":"has-default-attributes"},"acf":[],"_links":{"self":[{"href":"https:\/\/trimakasi.eu\/ro\/wp-json\/wp\/v2\/product\/74575","targetHints":{"allow":["GET"]}}],"collection":[{"href":"https:\/\/trimakasi.eu\/ro\/wp-json\/wp\/v2\/product"}],"about":[{"href":"https:\/\/trimakasi.eu\/ro\/wp-json\/wp\/v2\/types\/product"}],"replies":[{"embeddable":true,"href":"https:\/\/trimakasi.eu\/ro\/wp-json\/wp\/v2\/comments?post=74575"}],"wp:featuredmedia":[{"embeddable":true,"href":"https:\/\/trimakasi.eu\/ro\/wp-json\/wp\/v2\/media\/104813"}],"wp:attachment":[{"href":"https:\/\/trimakasi.eu\/ro\/wp-json\/wp\/v2\/media?parent=74575"}],"wp:term":[{"taxonomy":"product_brand","embeddable":true,"href":"https:\/\/trimakasi.eu\/ro\/wp-json\/wp\/v2\/product_brand?post=74575"},{"taxonomy":"product_cat","embeddable":true,"href":"https:\/\/trimakasi.eu\/ro\/wp-json\/wp\/v2\/product_cat?post=74575"},{"taxonomy":"product_tag","embeddable":true,"href":"https:\/\/trimakasi.eu\/ro\/wp-json\/wp\/v2\/product_tag?post=74575"}],"curies":[{"name":"wp","href":"https:\/\/api.w.org\/{rel}","templated":true}]}}