{"id":74335,"date":"2019-05-23T13:39:21","date_gmt":"2019-05-23T11:39:21","guid":{"rendered":"https:\/\/trimakasi.eu\/product\/bronzit-naramek\/"},"modified":"2025-06-14T15:23:49","modified_gmt":"2025-06-14T13:23:49","slug":"bronzit","status":"publish","type":"product","link":"https:\/\/trimakasi.eu\/ro\/product\/bronzite\/","title":{"rendered":"Br\u0103\u021bara Bronzite"},"content":{"rendered":"<h3>Bronzit \u2013 propriet\u0103\u021bi<\/h3>\n<p>Aceast\u0103 piatr\u0103 pre\u021bioas\u0103 maro ciocolat\u0103 cu reflexii metalice poate echilibra energia masculin\u0103 \u0219i cre\u0219te asertivitatea. Un alt beneficiu al bronzitului este abilitatea de a servi ca piatr\u0103 de protec\u021bie care poate cre\u0219te foarte mult armonia spiritului \u0219i stima de sine, mai ales atunci c\u00e2nd v\u0103 sim\u021bi\u021bi neajutorat. Este o piatr\u0103 de r\u0103zboinici care d\u0103 curajul de a face fa\u021b\u0103 celor mai mari provoc\u0103ri din via\u021ba noastr\u0103.<\/p>\n<p>Element:<strong> P\u0103m\u00e2nt<\/strong><\/p>\n<p>Semn zodiacal: <strong>S\u0103get\u0103tor, Leu<\/strong><\/p>\n<p>Br\u0103\u021bara armonizeaz\u0103 chakra plexului solar, chakra sacral\u0103 \u0219i chakra r\u0103d\u0103cinii:<\/p>\n<p><img loading=\"lazy\" decoding=\"async\" class=\"alignnone wp-image-72745\" src=\"https:\/\/trimakasi.cz\/wp-content\/uploads\/2018\/07\/\u010dakra3.jpg\" alt=\"Plexul solar \u010dakra\" width=\"70\" height=\"79\" \/><img loading=\"lazy\" decoding=\"async\" class=\"alignnone wp-image-72744\" src=\"https:\/\/trimakasi.cz\/wp-content\/uploads\/2018\/07\/\u010dakra2.jpg\" alt=\"Sakr\u00e1ln\u00ed \u010dakra\" width=\"70\" height=\"88\" \/><img loading=\"lazy\" decoding=\"async\" class=\"alignnone wp-image-72742\" src=\"https:\/\/trimakasi.cz\/wp-content\/uploads\/2018\/08\/\u010dakra1.jpg\" alt=\"Z\u00e1kladn\u00ed \u010dakra\" width=\"75\" height=\"81\" \/><\/p>\n<p><a href=\"https:\/\/trimakasi.eu\/ro\/vlog\/\"><u>Vizita\u021bi blogul nostru video pentru a descoperi conexiunile dintre pietre pre\u021bioase, semne zodiacale, chakre \u0219i multe altele.<\/u><\/a><\/p>","protected":false},"excerpt":{"rendered":"<p>F\u0103 o declara\u021bie puternic\u0103 cu aceast\u0103 br\u0103\u021bar\u0103 din Bronzit, o piatr\u0103 apreciat\u0103 din timpuri str\u0103vechi pentru energia sa stabilizatoare \u0219i for\u021ba masculin\u0103. Venerat\u0103 de r\u0103zboinicii antici, Bronzitul este cunoscut pentru capacitatea sa de a inspira rezisten\u021b\u0103, curaj \u0219i hot\u0103r\u00e2re\u2014calit\u0103\u021bi reflectate \u00een str\u0103lucirea sa metalic\u0103 cald\u0103. Adaug\u0103 acest accesoriu atemporal colec\u021biei tale \u0219i descoper\u0103 cum Bronzitul \u00ee\u021bi poate \u00eent\u0103ri at\u00e2t stilul, c\u00e2t \u0219i spiritul. Afl\u0103 mai multe despre propriet\u0103\u021bile acestei pietre mai jos.<\/p>\n<p>Alege\u021bi br\u0103\u021bara dup\u0103 m\u0103rime \u0219i dup\u0103 culoarea ultimei m\u0103rgele.\u00a0<a href=\"https:\/\/trimakasi.eu\/ro\/cum-se-alege-marimea-bratarii\/\">Instruc\u021biunile despre cum s\u0103 alege\u021bi corect dimensiunea pot fi g\u0103site aici.<\/a><\/p>","protected":false},"featured_media":104428,"comment_status":"open","ping_status":"closed","template":"","meta":{"_acf_changed":false,"_themeisle_gutenberg_block_has_review":false},"product_brand":[],"product_cat":[1687,1064,1068,554,553],"product_tag":[],"class_list":{"0":"post-74335","1":"product","2":"type-product","3":"status-publish","4":"has-post-thumbnail","6":"product_cat-elastic-bracelets","7":"product_cat-mens-jewellery","8":"product_cat-natural-gemstone-bracelets-for-men","9":"product_cat-natural-gemstone-bracelets","10":"product_cat-womens-jewellery","12":"first","13":"instock","14":"taxable","15":"shipping-taxable","16":"purchasable","17":"product-type-variable","18":"has-default-attributes"},"acf":[],"_links":{"self":[{"href":"https:\/\/trimakasi.eu\/ro\/wp-json\/wp\/v2\/product\/74335","targetHints":{"allow":["GET"]}}],"collection":[{"href":"https:\/\/trimakasi.eu\/ro\/wp-json\/wp\/v2\/product"}],"about":[{"href":"https:\/\/trimakasi.eu\/ro\/wp-json\/wp\/v2\/types\/product"}],"replies":[{"embeddable":true,"href":"https:\/\/trimakasi.eu\/ro\/wp-json\/wp\/v2\/comments?post=74335"}],"wp:featuredmedia":[{"embeddable":true,"href":"https:\/\/trimakasi.eu\/ro\/wp-json\/wp\/v2\/media\/104428"}],"wp:attachment":[{"href":"https:\/\/trimakasi.eu\/ro\/wp-json\/wp\/v2\/media?parent=74335"}],"wp:term":[{"taxonomy":"product_brand","embeddable":true,"href":"https:\/\/trimakasi.eu\/ro\/wp-json\/wp\/v2\/product_brand?post=74335"},{"taxonomy":"product_cat","embeddable":true,"href":"https:\/\/trimakasi.eu\/ro\/wp-json\/wp\/v2\/product_cat?post=74335"},{"taxonomy":"product_tag","embeddable":true,"href":"https:\/\/trimakasi.eu\/ro\/wp-json\/wp\/v2\/product_tag?post=74335"}],"curies":[{"name":"wp","href":"https:\/\/api.w.org\/{rel}","templated":true}]}}