{"id":74313,"date":"2019-05-23T13:38:51","date_gmt":"2019-05-23T11:38:51","guid":{"rendered":"https:\/\/trimakasi.eu\/product\/karneol-naramek\/"},"modified":"2025-10-18T13:27:03","modified_gmt":"2025-10-18T11:27:03","slug":"carneol","status":"publish","type":"product","link":"https:\/\/trimakasi.eu\/ro\/product\/carnelian\/","title":{"rendered":"Br\u0103\u021bar\u0103 Carnelian"},"content":{"rendered":"<h3>Carnelian \u2013 propriet\u0103\u021bi<\/h3>\n<p>Carnelianul este o piatra Soarelui care \u0219i-a absorbit energia \u0219i \u0219i-a c\u00e2\u0219tigat culoarea cald\u0103 \u0219i radiant\u0103. Cunoscut\u0103 sub numele de Piatra Motiva\u021biei, Perseveren\u021bei, Conducerii \u0219i Curajului, Carnelian protejeaz\u0103 \u0219i inspir\u0103 omenirea de-a lungul istoriei sale. R\u0103zboinicii antici purtau cornul la g\u00e2t pentru a le da curaj \u0219i putere fizic\u0103 pentru a-\u0219i \u00eenvinge du\u0219manii. Carnelian aduce curajul necesar pentru a dep\u0103\u0219i dificult\u0103\u021bile \u0219i sus\u021bine idealismul, pragmatismul \u0219i schimb\u0103rile pozitive de via\u021b\u0103.<\/p>\n<p>\u00cen mod tradi\u021bional, carnelianul ar trebui s\u0103-\u0219i protejeze purt\u0103torul de c\u0103derea obiectului \u0219i de r\u0103nile cauzate de accidente de munc\u0103. Se mai spune c\u0103 Carnelian atrage prosperitatea \u0219i fericirea. Carnelian sus\u021bine acceptarea ciclului vie\u021bii \u0219i ajut\u0103 la eliminarea fricii de moarte. Ca o piatr\u0103 veche, a fost folosit\u0103 de multe ori pentru a proteja mor\u021bii \u00een drumul lor spre via\u021ba de apoi. Se credea, de asemenea, c\u0103 aceast\u0103 piatr\u0103 poate ajuta la \u00eembun\u0103t\u0103\u021birea circula\u021biei s\u00e2ngelui c\u0103tre organele vitale.<\/p>\n<p>Element: <strong>Foc<\/strong><\/p>\n<p>Semne zodiacale: <strong>Capricorn, Fecioar\u0103, Rac<\/strong><\/p>\n<p>Aceast\u0103 br\u0103\u021bar\u0103 armonizeaz\u0103 r\u0103d\u0103cina \u0219i chakra sacral\u0103.<\/p>\n<p><a href=\"https:\/\/trimakasi.eu\/wp-content\/uploads\/\u010dakra1.jpg\"><img loading=\"lazy\" decoding=\"async\" class=\"alignnone size-full wp-image-138513\" src=\"https:\/\/trimakasi.eu\/wp-content\/uploads\/\u010dakra1.jpg\" alt=\"Chakra r\u0103d\u0103cinii\" width=\"81\" height=\"88\" srcset=\"https:\/\/trimakasi.eu\/wp-content\/uploads\/\u010dakra1.jpg 81w, https:\/\/trimakasi.eu\/wp-content\/uploads\/\u010dakra1-11x12.jpg 11w\" sizes=\"auto, (max-width: 81px) 100vw, 81px\" \/><\/a><a href=\"https:\/\/trimakasi.eu\/wp-content\/uploads\/\u010dakra2.jpg\"><img loading=\"lazy\" decoding=\"async\" class=\"alignnone size-full wp-image-138514\" src=\"https:\/\/trimakasi.eu\/wp-content\/uploads\/\u010dakra2.jpg\" alt=\"Chakra sacral\u0103\" width=\"76\" height=\"96\" srcset=\"https:\/\/trimakasi.eu\/wp-content\/uploads\/\u010dakra2.jpg 76w, https:\/\/trimakasi.eu\/wp-content\/uploads\/\u010dakra2-10x12.jpg 10w\" sizes=\"auto, (max-width: 76px) 100vw, 76px\" \/><\/a><\/p>\n<p><a href=\"https:\/\/trimakasi.eu\/ro\/vlog\/\"><u>Vizita\u021bi blogul nostru video pentru a descoperi conexiunile dintre pietre pre\u021bioase, semne zodiacale, chakre \u0219i multe altele.<\/u><\/a><\/p>","protected":false},"excerpt":{"rendered":"<p id=\"tw-target-text\" class=\"tw-data-text tw-ta tw-text-small\" dir=\"ltr\" data-placeholder=\"P\u0159eklad\"><span lang=\"en\" tabindex=\"0\">Este o piatr\u0103 de motiva\u021bie \u0219i curaj care protejeaz\u0103 via\u021ba \u0219i familia purt\u0103torului s\u0103u. Egiptenii antici au descris Carnelianul ca \u201eun apus de soare prins \u00een piatr\u0103\u201d.\u00a0<\/span>Afla\u021bi mai multe despre propriet\u0103\u021bile acestei pietre mai jos.<\/p>\n<p>Alege\u021bi br\u0103\u021bara dup\u0103 m\u0103rime \u0219i dup\u0103 culoarea ultimei m\u0103rgele.\u00a0<a href=\"https:\/\/trimakasi.eu\/ro\/cum-se-alege-marimea-bratarii\/\">Instruc\u021biunile despre cum s\u0103 alege\u021bi corect dimensiunea pot fi g\u0103site aici.<\/a><\/p>","protected":false},"featured_media":74858,"comment_status":"open","ping_status":"closed","template":"","meta":{"_acf_changed":false,"_themeisle_gutenberg_block_has_review":false},"product_brand":[],"product_cat":[1687,554,553],"product_tag":[],"class_list":{"0":"post-74313","1":"product","2":"type-product","3":"status-publish","4":"has-post-thumbnail","6":"product_cat-elastic-bracelets","7":"product_cat-natural-gemstone-bracelets","8":"product_cat-womens-jewellery","10":"first","11":"instock","12":"taxable","13":"shipping-taxable","14":"purchasable","15":"product-type-variable","16":"has-default-attributes"},"acf":[],"_links":{"self":[{"href":"https:\/\/trimakasi.eu\/ro\/wp-json\/wp\/v2\/product\/74313","targetHints":{"allow":["GET"]}}],"collection":[{"href":"https:\/\/trimakasi.eu\/ro\/wp-json\/wp\/v2\/product"}],"about":[{"href":"https:\/\/trimakasi.eu\/ro\/wp-json\/wp\/v2\/types\/product"}],"replies":[{"embeddable":true,"href":"https:\/\/trimakasi.eu\/ro\/wp-json\/wp\/v2\/comments?post=74313"}],"wp:featuredmedia":[{"embeddable":true,"href":"https:\/\/trimakasi.eu\/ro\/wp-json\/wp\/v2\/media\/74858"}],"wp:attachment":[{"href":"https:\/\/trimakasi.eu\/ro\/wp-json\/wp\/v2\/media?parent=74313"}],"wp:term":[{"taxonomy":"product_brand","embeddable":true,"href":"https:\/\/trimakasi.eu\/ro\/wp-json\/wp\/v2\/product_brand?post=74313"},{"taxonomy":"product_cat","embeddable":true,"href":"https:\/\/trimakasi.eu\/ro\/wp-json\/wp\/v2\/product_cat?post=74313"},{"taxonomy":"product_tag","embeddable":true,"href":"https:\/\/trimakasi.eu\/ro\/wp-json\/wp\/v2\/product_tag?post=74313"}],"curies":[{"name":"wp","href":"https:\/\/api.w.org\/{rel}","templated":true}]}}