{"id":74305,"date":"2019-05-23T13:38:41","date_gmt":"2019-05-23T11:38:41","guid":{"rendered":"https:\/\/trimakasi.eu\/product\/zeleny-jadeit-naramek\/"},"modified":"2025-07-28T14:41:24","modified_gmt":"2025-07-28T12:41:24","slug":"verde-jad","status":"publish","type":"product","link":"https:\/\/trimakasi.eu\/ro\/product\/green-jade\/","title":{"rendered":"Br\u0103\u021bara Jad Verde"},"content":{"rendered":"<h3>Jad verde \u2013 propriet\u0103\u021bi<\/h3>\n<p>Jadul verde este o piatr\u0103 de cur\u0103\u021bare foarte puternic\u0103, care risipe\u0219te g\u00e2ndurile negative \u0219i iritabilitatea. Purtarea jadului ca talisman ar trebui s\u0103 protejeze \u00eempotriva e\u0219ecului \u0219i a nenorocirii. Jadul verde ar trebui s\u0103 protejeze universal \u00eempotriva bolilor, sporind for\u021bele vitale ale corpului uman. Datorit\u0103 efectelor sale de \u00eentinerire, este supranumit\u0103 \u201ePiatra Tineretii Ve\u0219nice\u201d. \u00cen Asia,<\/p>\n<p id=\"tw-target-text\" class=\"tw-data-text tw-ta tw-text-small\" dir=\"ltr\" data-placeholder=\"Translation\"><span lang=\"en\" tabindex=\"0\">\u00cen Asia, jadul era \u00eentotdeauna venerat ca o piatr\u0103 nobil\u0103, deoarece chinezii credeau c\u0103 jadul era un remediu pentru toate bolile \u0219i, prin urmare, aceast\u0103 piatr\u0103 era piatra de temelie a medicinei chineze. Jadul a fost, de asemenea, sculptat \u00een diferite amulete \u0219i sculpturi, cele mai faimoase fiind sculpturile dragonului care au decorat palatul \u00eemp\u0103ratului chinez.<\/span><\/p>\n<p>Element: <strong>P\u0103m\u00e2nt<\/strong><\/p>\n<p>Semne zodiacale: <strong>Fecioar\u0103, Berbec, Taur \u0219i Balan\u021b\u0103<\/strong><\/p>\n<p>Br\u0103\u021bara armonizeaz\u0103 chakra inimii:<\/p>\n<p><img loading=\"lazy\" decoding=\"async\" class=\"alignnone wp-image-72746\" src=\"https:\/\/trimakasi.cz\/wp-content\/uploads\/2018\/07\/\u010dakra4.jpg\" alt=\"Srde\u010dn\u00ed \u010dakra\" width=\"74\" height=\"87\" \/><u><\/u><\/p>\n<p><a href=\"https:\/\/trimakasi.eu\/ro\/vlog\/\"><u>Vizita\u021bi blogul nostru video pentru a descoperi conexiunile dintre pietre pre\u021bioase, semne zodiacale, chakre \u0219i multe altele.<\/u><\/a><\/p>","protected":false},"excerpt":{"rendered":"<p>Jadul verde este considerat \u00een mod tradi\u021bional ca una dintre cele mai nobile pietre vindec\u0103toare, iar \u00een Asia este cunoscut sub pseudonimul: \u201ePiatra Tineretii Eterne\u201d. Jadul nostru verde are o suprafa\u021b\u0103 mat\u0103 exclusiv\u0103. Afla\u021bi mai multe despre propriet\u0103\u021bile acestei pietre de mai jos.<\/p>\n<p>Alege\u021bi br\u0103\u021bara dup\u0103 m\u0103rime \u0219i dup\u0103 culoarea ultimei m\u0103rgele.\u00a0<a href=\"https:\/\/trimakasi.eu\/ro\/cum-se-alege-marimea-bratarii\/\">Instruc\u021biunile despre cum s\u0103 alege\u021bi corect dimensiunea pot fi g\u0103site aici.<\/a><\/p>","protected":false},"featured_media":105008,"comment_status":"open","ping_status":"closed","template":"","meta":{"_acf_changed":false,"_themeisle_gutenberg_block_has_review":false},"product_brand":[],"product_cat":[1687,1064,554,1068,553],"product_tag":[],"class_list":{"0":"post-74305","1":"product","2":"type-product","3":"status-publish","4":"has-post-thumbnail","6":"product_cat-elastic-bracelets","7":"product_cat-mens-jewellery","8":"product_cat-natural-gemstone-bracelets","9":"product_cat-natural-gemstone-bracelets-for-men","10":"product_cat-womens-jewellery","12":"first","13":"instock","14":"taxable","15":"shipping-taxable","16":"purchasable","17":"product-type-variable","18":"has-default-attributes"},"acf":[],"_links":{"self":[{"href":"https:\/\/trimakasi.eu\/ro\/wp-json\/wp\/v2\/product\/74305","targetHints":{"allow":["GET"]}}],"collection":[{"href":"https:\/\/trimakasi.eu\/ro\/wp-json\/wp\/v2\/product"}],"about":[{"href":"https:\/\/trimakasi.eu\/ro\/wp-json\/wp\/v2\/types\/product"}],"replies":[{"embeddable":true,"href":"https:\/\/trimakasi.eu\/ro\/wp-json\/wp\/v2\/comments?post=74305"}],"wp:featuredmedia":[{"embeddable":true,"href":"https:\/\/trimakasi.eu\/ro\/wp-json\/wp\/v2\/media\/105008"}],"wp:attachment":[{"href":"https:\/\/trimakasi.eu\/ro\/wp-json\/wp\/v2\/media?parent=74305"}],"wp:term":[{"taxonomy":"product_brand","embeddable":true,"href":"https:\/\/trimakasi.eu\/ro\/wp-json\/wp\/v2\/product_brand?post=74305"},{"taxonomy":"product_cat","embeddable":true,"href":"https:\/\/trimakasi.eu\/ro\/wp-json\/wp\/v2\/product_cat?post=74305"},{"taxonomy":"product_tag","embeddable":true,"href":"https:\/\/trimakasi.eu\/ro\/wp-json\/wp\/v2\/product_tag?post=74305"}],"curies":[{"name":"wp","href":"https:\/\/api.w.org\/{rel}","templated":true}]}}