{"id":74290,"date":"2019-05-23T13:38:17","date_gmt":"2019-05-23T11:38:17","guid":{"rendered":"https:\/\/trimakasi.eu\/product\/dumortierit-naramek\/"},"modified":"2025-12-24T12:36:41","modified_gmt":"2025-12-24T11:36:41","slug":"dumortierit-bratara","status":"publish","type":"product","link":"https:\/\/trimakasi.eu\/ro\/product\/dumortierite-bracelet\/","title":{"rendered":"Br\u0103\u021bara Dumortierite"},"content":{"rendered":"<h3>Dumortierit \u2013 propriet\u0103\u021bi<\/h3>\n<p>Dumortieritul albastru denim promoveaz\u0103 o atitudine pozitiv\u0103 fa\u021b\u0103 de via\u021b\u0103 \u0219i ne ajut\u0103 s\u0103 p\u0103str\u0103m \u201etineretul \u00een inim\u0103\u201d. Este o piatr\u0103 a r\u0103bd\u0103rii care ne deschide u\u0219a intui\u021biei. Dac\u0103 sunte\u021bi haotic \u0219i dezordonat, aceast\u0103 piatr\u0103 pre\u021bioas\u0103 v\u0103 va ajuta s\u0103 v\u0103 lua\u021bi via\u021ba \u00eenapoi sub control. Acest mineral poate ajuta la vindecarea fricii, timidit\u0103\u021bii, stresului, fobiei, insomniei, panicii, depresiei sau \u00eenc\u0103p\u0103\u021b\u00e2n\u0103rii. Este, de asemenea, foarte util pentru cei care au dificult\u0103\u021bi \u00een atingerea stadiului min\u021bii pure profunde \u00een timpul medita\u021biei.<\/p>\n<p>Element: <strong>Ap\u0103<\/strong><\/p>\n<p>Semn zodiacal: <strong>Leu<\/strong><\/p>\n<p>Aceasta armonizeaz\u0103 chakra g\u00e2tului \u0219i chakra celui de-al treilea ochi<\/p>\n<div><a href=\"https:\/\/trimakasi.eu\/wp-content\/uploads\/\u010dakra5.jpg\"><img loading=\"lazy\" decoding=\"async\" class=\"alignnone size-full wp-image-138515\" src=\"https:\/\/trimakasi.eu\/wp-content\/uploads\/\u010dakra5.jpg\" alt=\"Chakra g\u00e2tului\" width=\"81\" height=\"87\" srcset=\"https:\/\/trimakasi.eu\/wp-content\/uploads\/\u010dakra5.jpg 81w, https:\/\/trimakasi.eu\/wp-content\/uploads\/\u010dakra5-11x12.jpg 11w\" sizes=\"auto, (max-width: 81px) 100vw, 81px\" \/><\/a><a href=\"https:\/\/trimakasi.eu\/wp-content\/uploads\/\u010dakra6.jpg\"><img loading=\"lazy\" decoding=\"async\" class=\"alignnone size-full wp-image-138516\" src=\"https:\/\/trimakasi.eu\/wp-content\/uploads\/\u010dakra6.jpg\" alt=\"Chakra al treilea ochi\" width=\"103\" height=\"98\" srcset=\"https:\/\/trimakasi.eu\/wp-content\/uploads\/\u010dakra6.jpg 103w, https:\/\/trimakasi.eu\/wp-content\/uploads\/\u010dakra6-13x12.jpg 13w\" sizes=\"auto, (max-width: 103px) 100vw, 103px\" \/><\/a><\/div>\n<div><a href=\"https:\/\/trimakasi.eu\/ro\/vlog\/\"><u>Vizita\u021bi blogul nostru video pentru a descoperi conexiunile dintre pietre pre\u021bioase, semne zodiacale, chakre \u0219i multe altele.<\/u><\/a><\/div>","protected":false},"excerpt":{"rendered":"<p>Misteriosul dumortierit este o piatr\u0103 pre\u021bioas\u0103 rar\u0103 de culoare albastru \u00eenchis care v\u0103 va ajuta s\u0103 v\u0103 contracara\u021bi cele mai grave temeri \u0219i care v\u0103 va aduce pace \u0219i disciplin\u0103 \u00een via\u021b\u0103. Afla\u021bi mai multe despre propriet\u0103\u021bile acestei pietre mai jos.<\/p>\n<p>Alege\u021bi o br\u0103\u021bar\u0103 dup\u0103 m\u0103rime \u0219i dup\u0103 culoarea ultimei m\u0103rgele.\u00a0<a href=\"https:\/\/trimakasi.eu\/ro\/cum-se-alege-marimea-bratarii\/\">Instruc\u021biunile despre cum s\u0103 alege\u021bi corect dimensiunea pot fi g\u0103site aici.<\/a><\/p>","protected":false},"featured_media":105053,"comment_status":"open","ping_status":"closed","template":"","meta":{"_acf_changed":false,"_themeisle_gutenberg_block_has_review":false},"product_brand":[],"product_cat":[1687,1064,554,1068,553],"product_tag":[],"class_list":{"0":"post-74290","1":"product","2":"type-product","3":"status-publish","4":"has-post-thumbnail","6":"product_cat-elastic-bracelets","7":"product_cat-mens-jewellery","8":"product_cat-natural-gemstone-bracelets","9":"product_cat-natural-gemstone-bracelets-for-men","10":"product_cat-womens-jewellery","12":"first","13":"instock","14":"taxable","15":"shipping-taxable","16":"purchasable","17":"product-type-variable","18":"has-default-attributes"},"acf":[],"_links":{"self":[{"href":"https:\/\/trimakasi.eu\/ro\/wp-json\/wp\/v2\/product\/74290","targetHints":{"allow":["GET"]}}],"collection":[{"href":"https:\/\/trimakasi.eu\/ro\/wp-json\/wp\/v2\/product"}],"about":[{"href":"https:\/\/trimakasi.eu\/ro\/wp-json\/wp\/v2\/types\/product"}],"replies":[{"embeddable":true,"href":"https:\/\/trimakasi.eu\/ro\/wp-json\/wp\/v2\/comments?post=74290"}],"wp:featuredmedia":[{"embeddable":true,"href":"https:\/\/trimakasi.eu\/ro\/wp-json\/wp\/v2\/media\/105053"}],"wp:attachment":[{"href":"https:\/\/trimakasi.eu\/ro\/wp-json\/wp\/v2\/media?parent=74290"}],"wp:term":[{"taxonomy":"product_brand","embeddable":true,"href":"https:\/\/trimakasi.eu\/ro\/wp-json\/wp\/v2\/product_brand?post=74290"},{"taxonomy":"product_cat","embeddable":true,"href":"https:\/\/trimakasi.eu\/ro\/wp-json\/wp\/v2\/product_cat?post=74290"},{"taxonomy":"product_tag","embeddable":true,"href":"https:\/\/trimakasi.eu\/ro\/wp-json\/wp\/v2\/product_tag?post=74290"}],"curies":[{"name":"wp","href":"https:\/\/api.w.org\/{rel}","templated":true}]}}