{"id":74243,"date":"2021-05-23T13:37:10","date_gmt":"2021-05-23T11:37:10","guid":{"rendered":"https:\/\/trimakasi.eu\/product\/seraphinit-naramek\/"},"modified":"2025-08-23T22:01:25","modified_gmt":"2025-08-23T20:01:25","slug":"serafinit-bratara","status":"publish","type":"product","link":"https:\/\/trimakasi.eu\/ro\/product\/seraphinite-bracelet\/","title":{"rendered":"Br\u0103\u021bara Seraphinite"},"content":{"rendered":"<h3>Serafinit \u2013 propriet\u0103\u021bi<\/h3>\n<p>Serafinita este un ton rar descoperit recent din New Age, care este exploatat pe Lacul Baikal din Siberia Rus\u0103. Mineralul s\u0103u misterios, de culoare verde, care este \u00eempletit cu ace albe, care reflect\u0103 lumina. Aduce armonie, iluminare \u0219i energie vesel\u0103 vie\u021bii umane. Serafinita \u00eembun\u0103t\u0103\u021be\u0219te rela\u021biile sociale \u0219i ajut\u0103 la rezolvarea disputelor prin g\u0103sirea unui compromis constructiv.<\/p>\n<p>Numele Serafinite vine de la cuv\u00e2ntul Serafin\u0103, care denot\u0103 cea mai \u00eenalt\u0103 ordine a \u00eengerilor, fiin\u021bele cele mai apropiate de Dumnezeu \u0219i p\u0103zitorii tronului divin. Aceast\u0103 piatr\u0103 armonizeaz\u0103 chakra inimii \u0219i, \u00een plus, creeaz\u0103 o conexiune puternic\u0103 cu chakra coroanei \/ puterea divin\u0103 superioar\u0103.<\/p>\n<div>Element:<strong> Aer<\/strong><\/div>\n<div><\/div>\n<div>Semn zodiacal: <strong>Potrivit pentru fiecare semn<\/strong><\/div>\n<div><\/div>\n<div>Br\u0103\u021bara armonizeaz\u0103 Chakra Inimii \u0219i Chakra Coroanei:<\/div>\n<div><a href=\"https:\/\/trimakasi.eu\/wp-content\/uploads\/2020\/07\/\u010dakra4.jpg\"><img loading=\"lazy\" decoding=\"async\" class=\"alignnone size-full wp-image-83566\" src=\"https:\/\/trimakasi.eu\/wp-content\/uploads\/2020\/07\/\u010dakra4.jpg\" alt=\"Chakra inimii\" width=\"79\" height=\"93\" srcset=\"https:\/\/trimakasi.eu\/wp-content\/uploads\/2020\/07\/\u010dakra4.jpg 79w, https:\/\/trimakasi.eu\/wp-content\/uploads\/2020\/07\/\u010dakra4-10x12.jpg 10w\" sizes=\"auto, (max-width: 79px) 100vw, 79px\" \/><\/a><a href=\"https:\/\/trimakasi.eu\/wp-content\/uploads\/crown-chakra.jpg\"><img loading=\"lazy\" decoding=\"async\" class=\"alignnone size-full wp-image-132743\" src=\"https:\/\/trimakasi.eu\/wp-content\/uploads\/crown-chakra.jpg\" alt=\"\" width=\"92\" height=\"102\" srcset=\"https:\/\/trimakasi.eu\/wp-content\/uploads\/crown-chakra.jpg 92w, https:\/\/trimakasi.eu\/wp-content\/uploads\/crown-chakra-11x12.jpg 11w\" sizes=\"auto, (max-width: 92px) 100vw, 92px\" \/><\/a><\/div>\n<div><a href=\"https:\/\/trimakasi.eu\/ro\/vlog\/\"><u>Vizita\u021bi blogul nostru video pentru a descoperi conexiunile dintre pietre pre\u021bioase, semne zodiacale, chakre \u0219i multe altele.<\/u><\/a><\/div>","protected":false},"excerpt":{"rendered":"<p>Pre\u021bioasa Seraphinite este extras\u0103 doar \u00eentr-un singur loc de pe planet\u0103 \u00een Siberia, iar pre\u021bul s\u0103u cre\u0219te constant din cauza cantit\u0103\u021bii limitate a acestui mineral de pe pia\u021b\u0103 \u0219i a cererii mari pentru el. P\u0103\u0219e\u0219te \u00eentr-o lume a lini\u0219tii cu br\u0103\u021bara noastr\u0103 Seraphinite, o bijuterie care \u00ee\u021bi hr\u0103ne\u0219te bun\u0103starea spiritual\u0103. Afla\u021bi mai multe despre propriet\u0103\u021bile acestei pietre mai jos.<\/p>\n<p>Alege\u021bi br\u0103\u021bara dup\u0103 m\u0103rime \u0219i dup\u0103 culoarea ultimei m\u0103rgele.\u00a0<a href=\"https:\/\/trimakasi.eu\/ro\/cum-se-alege-marimea-bratarii\/\"><u>Instruc\u021biunile despre cum s\u0103 alege\u021bi corect dimensiunea pot fi g\u0103site aici.<\/u><\/a><\/p>","protected":false},"featured_media":124228,"comment_status":"open","ping_status":"closed","template":"","meta":{"_acf_changed":false,"_themeisle_gutenberg_block_has_review":false},"product_brand":[],"product_cat":[1687,1064,1068,554,1316,553],"product_tag":[],"class_list":{"0":"post-74243","1":"product","2":"type-product","3":"status-publish","4":"has-post-thumbnail","6":"product_cat-elastic-bracelets","7":"product_cat-mens-jewellery","8":"product_cat-natural-gemstone-bracelets-for-men","9":"product_cat-natural-gemstone-bracelets","10":"product_cat-rare-gemstone-bracelets","11":"product_cat-womens-jewellery","13":"first","14":"instock","15":"taxable","16":"shipping-taxable","17":"purchasable","18":"product-type-variable","19":"has-default-attributes"},"acf":[],"_links":{"self":[{"href":"https:\/\/trimakasi.eu\/ro\/wp-json\/wp\/v2\/product\/74243","targetHints":{"allow":["GET"]}}],"collection":[{"href":"https:\/\/trimakasi.eu\/ro\/wp-json\/wp\/v2\/product"}],"about":[{"href":"https:\/\/trimakasi.eu\/ro\/wp-json\/wp\/v2\/types\/product"}],"replies":[{"embeddable":true,"href":"https:\/\/trimakasi.eu\/ro\/wp-json\/wp\/v2\/comments?post=74243"}],"wp:featuredmedia":[{"embeddable":true,"href":"https:\/\/trimakasi.eu\/ro\/wp-json\/wp\/v2\/media\/124228"}],"wp:attachment":[{"href":"https:\/\/trimakasi.eu\/ro\/wp-json\/wp\/v2\/media?parent=74243"}],"wp:term":[{"taxonomy":"product_brand","embeddable":true,"href":"https:\/\/trimakasi.eu\/ro\/wp-json\/wp\/v2\/product_brand?post=74243"},{"taxonomy":"product_cat","embeddable":true,"href":"https:\/\/trimakasi.eu\/ro\/wp-json\/wp\/v2\/product_cat?post=74243"},{"taxonomy":"product_tag","embeddable":true,"href":"https:\/\/trimakasi.eu\/ro\/wp-json\/wp\/v2\/product_tag?post=74243"}],"curies":[{"name":"wp","href":"https:\/\/api.w.org\/{rel}","templated":true}]}}