{"id":74142,"date":"2023-10-23T13:36:27","date_gmt":"2023-10-23T11:36:27","guid":{"rendered":"https:\/\/trimakasi.eu\/product\/Trimakasi-naramek-sahara\/"},"modified":"2025-10-28T11:34:25","modified_gmt":"2025-10-28T10:34:25","slug":"bratara-impletita-sahara","status":"publish","type":"product","link":"https:\/\/trimakasi.eu\/ro\/product\/sahara-braided-bracelet\/","title":{"rendered":"Br\u0103\u021bar\u0103 \u00eempletit\u0103 Sahara"},"content":{"rendered":"<h3>Br\u0103\u021b\u0103rile \u00eempletite Trimakasi<\/h3>\n<p>Br\u0103\u021b\u0103ri de lux artizanale care combin\u0103 spiritualitatea \u0219i epoca modern\u0103. Br\u0103\u021b\u0103rile Trimakasi sunt talismane de recuno\u0219tin\u021b\u0103, echilibru \u0219i speran\u021b\u0103, care te vor re\u00eenc\u0103rca cu energie pozitiv\u0103 chiar \u0219i \u00een cele mai \u00eentunecate zile.<\/p>\n<p>Br\u0103\u021b\u0103rile \u00eempletite Trimakasi sunt realizate din \u0219nur de nailon de cea mai \u00eenalt\u0103 calitate legat\u0103 cu \u00eenclin\u0103ri speciale. Acestea con\u021bin puterea ascuns\u0103 a naturii \u00een margelele din pietre pre\u021bioase naturale.<\/p>\n<h3>Piatra soarelui<\/h3>\n<p>Vibra\u021biile acestei pietre semipre\u021bioase poart\u0103 energia puternic\u0103 \u0219i creativ\u0103 a zeului egiptean soare Ra, care este o piatr\u0103 de temelie de baz\u0103 pentru via\u021ba de pe P\u0103m\u00e2nt. Aceast\u0103 energie re\u00eennoie\u0219te \u00een oameni bucuria vie\u021bii, buna dispozi\u021bie \u0219i pozitivitate.<\/p>\n<h3>Agat Botswana<\/h3>\n<p>Agata Botswana este apreciat\u0103 pentru capacitatea sa de a ne ajuta s\u0103 facem schimb\u0103ri fundamentale \u00een via\u021ba noastr\u0103 \u0219i s\u0103 vedem solu\u021bii mai degrab\u0103 dec\u00e2t s\u0103 g\u0103sim probleme. Agatele promoveaz\u0103, \u00een general, stabilitatea intern\u0103, calmul \u0219i maturitatea. Vibra\u021biile lor pl\u0103cute au propriet\u0103\u021bi protectoare, promoveaz\u0103 \u00eencrederea \u00een sine \u0219i un sentiment de siguran\u021b\u0103.<\/p>\n<h3>Kunzite<\/h3>\n<p>Kunzit deschide inimile umane c\u0103tre energiile iubirii. Iubirea pentru noi \u00een\u0219ine, pentru al\u021bii, pentru umanitate, plante, animale \u0219i \u00een primul r\u00e2nd pentru P\u0103m\u00e2nt. Aceste energii pot umple corpul \u0219i mintea cu un sentiment pozitiv de integritate \u0219i fericire. Acest mineral are, de asemenea, un efect calmant asupra stresului \u0219i poate risipi negativitatea. Promoveaz\u0103 \u00eencrederea \u00een sine, red\u0103 \u00eencrederea \u0219i aduce o mare empatie fa\u021b\u0103 de ceilal\u021bi.<\/p>\n<h3>Cuar\u021b rose<\/h3>\n<p>Aceast\u0103 piatr\u0103 este un simbol al iubirii, frumuse\u021bii \u0219i s\u0103n\u0103t\u0103\u021bii. Ne \u00eenva\u021b\u0103 r\u0103bdarea \u00een rezolvarea problemelor, iubirea de sine \u0219i d\u0103 putere s\u0103 iert\u0103m pe cei care ne fac r\u0103u. Re\u00eenvie fantezia \u0219i g\u00e2ndirea creativ\u0103.<\/p>\n<p>Element: <strong>Foc, P\u0103m\u00e2nt<\/strong><\/p>\n<p>Semn zodiacal: <strong>Leu, Scorpion, Berbec, Rac, Taur, Capricorn, Gemeni, Pe\u0219ti, V\u0103rs\u0103tor<\/strong><\/p>\n<p>Br\u0103\u021bara armonizeaz\u0103 toate chakrele.<\/p>\n<p><a href=\"https:\/\/trimakasi.eu\/ro\/vlog\/\"><u>Vizita\u021bi blogul nostru video pentru a descoperi conexiunile dintre pietre pre\u021bioase, semne zodiacale, chakre \u0219i multe altele.<\/u><\/a><\/p>","protected":false},"excerpt":{"rendered":"<p>Descoperi\u021bi interac\u021biunea elegant\u0103 a pietrelor pre\u021bioase de culoare nisipoas\u0103 \u021besute \u00eempreun\u0103 pe un \u0219nur auriu, \u00eencununat cu o m\u0103rgele de alam\u0103 cu zirconiu. Aceast\u0103 br\u0103\u021bar\u0103 are piatr\u0103 de soare pentru bucurie \u0219i pozitivitate re\u00eennoit\u0103, agat Botswana transformator, kunzit care canalizeaz\u0103 dragostea \u0219i cuar\u021b trandafir, emblema iubirii \u0219i iert\u0103rii. Fiecare piatr\u0103 aduce energie unic\u0103, de la cre\u0219terea \u00eencrederii \u00een sine p\u00e2n\u0103 la eliminarea negativit\u0103\u021bii. Aprofunda\u021bi mai jos \u00een lumea captivant\u0103 a acestor pietre pre\u021bioase \u0219i \u00een propriet\u0103\u021bile lor remarcabile.<\/p>\n<p>Br\u0103\u021bar\u0103 \u00eempletit\u0103 care este reglabil\u0103 \u00een func\u021bie de dimensiune, dar v\u0103 recomand\u0103m s\u0103 o alege\u021bi \u00een func\u021bie de dimensiunea circumferin\u021bei \u00eencheieturii m\u00e2inii. <u><a href=\"https:\/\/trimakasi.eu\/ro\/cum-se-alege-marimea-bratarii\/\">Instruc\u021biuni despre cum s\u0103 determina\u021bi corect t<\/a><\/u><u><\/u><a href=\"https:\/\/trimakasi.eu\/ro\/cum-se-alege-marimea-bratarii\/\"><u>Instruc\u021biuni despre cum s\u0103 v\u0103 determina\u021bi corect m\u0103rimea, reg\u0103si\u021bi aici<\/u><\/a><\/p>","protected":false},"featured_media":105295,"comment_status":"open","ping_status":"closed","template":"","meta":{"_acf_changed":false,"_themeisle_gutenberg_block_has_review":false},"product_brand":[],"product_cat":[1688,570,553],"product_tag":[],"class_list":{"0":"post-74142","1":"product","2":"type-product","3":"status-publish","4":"has-post-thumbnail","6":"product_cat-braided-bracelets","7":"product_cat-braided-bracelets-for-women","8":"product_cat-womens-jewellery","10":"first","11":"instock","12":"taxable","13":"shipping-taxable","14":"purchasable","15":"product-type-variable","16":"has-default-attributes"},"acf":[],"_links":{"self":[{"href":"https:\/\/trimakasi.eu\/ro\/wp-json\/wp\/v2\/product\/74142","targetHints":{"allow":["GET"]}}],"collection":[{"href":"https:\/\/trimakasi.eu\/ro\/wp-json\/wp\/v2\/product"}],"about":[{"href":"https:\/\/trimakasi.eu\/ro\/wp-json\/wp\/v2\/types\/product"}],"replies":[{"embeddable":true,"href":"https:\/\/trimakasi.eu\/ro\/wp-json\/wp\/v2\/comments?post=74142"}],"wp:featuredmedia":[{"embeddable":true,"href":"https:\/\/trimakasi.eu\/ro\/wp-json\/wp\/v2\/media\/105295"}],"wp:attachment":[{"href":"https:\/\/trimakasi.eu\/ro\/wp-json\/wp\/v2\/media?parent=74142"}],"wp:term":[{"taxonomy":"product_brand","embeddable":true,"href":"https:\/\/trimakasi.eu\/ro\/wp-json\/wp\/v2\/product_brand?post=74142"},{"taxonomy":"product_cat","embeddable":true,"href":"https:\/\/trimakasi.eu\/ro\/wp-json\/wp\/v2\/product_cat?post=74142"},{"taxonomy":"product_tag","embeddable":true,"href":"https:\/\/trimakasi.eu\/ro\/wp-json\/wp\/v2\/product_tag?post=74142"}],"curies":[{"name":"wp","href":"https:\/\/api.w.org\/{rel}","templated":true}]}}