{"id":74087,"date":"2019-05-23T13:18:19","date_gmt":"2019-05-23T11:18:19","guid":{"rendered":"https:\/\/trimakasi.eu\/product\/kristal-naramek\/"},"modified":"2025-08-23T22:01:29","modified_gmt":"2025-08-23T20:01:29","slug":"cupru-rutilat-cuart","status":"publish","type":"product","link":"https:\/\/trimakasi.eu\/ro\/product\/copper-rutilated-quartz\/","title":{"rendered":"Br\u0103\u021bara Cuar\u021b rutilat de cupru"},"content":{"rendered":"<h3>Cuar\u021b rutilat \u2013 propriet\u0103\u021bi<\/h3>\n<p>Acest tip relativ rar de cuar\u021b natural de cristal con\u021bine ace mici de rutil de cupru. Poate aduce energia vie\u021bii vie\u021bii umane \u0219i poate aminti energia luminoas\u0103 a Soarelui \u00een momentele \u00eentunecate.<\/p>\n<p>Rutila este o form\u0103 natural\u0103 de dioxid de titan combinat\u0103 cu cantit\u0103\u021bi variate de oxid de fier. Fierul \u00eei confer\u0103 rutilei nuan\u021ba ro\u0219ie, aurie p\u00e2n\u0103 la cupru \u0219i ofer\u0103 un efect vizual spectaculos. Incluziunile cu ac de rutil sunt pliate \u00een mod natural la \u00eent\u00e2mplare \u00een cuar\u021bul de cristal, f\u0103c\u00e2nd fiecare margel\u0103 un original inconfundabil!<br \/>\nProtejeaz\u0103 puritatea sufletului, \u00eembun\u0103t\u0103\u021be\u0219te concentrarea, protejeaz\u0103 \u00eempotriva negativit\u0103\u021bii, este potrivit pentru medita\u021bie \u0219i, \u00een general, cre\u0219te for\u021ba mental\u0103.<\/p>\n<p>Numele istorice ale acestui cuar\u021b de cristal includ fraze precum \u201elumin\u0103 \u00eenghe\u021bat\u0103\u201d, \u201eap\u0103 sacr\u0103\u201d sau \u201eesen\u021b\u0103 de dragon\u201d, a\u0219a cum este cunoscut \u00een tradi\u021biile chineze\u0219ti \u0219i japoneze. Budi\u0219tii l-au numit \u201eneantul vizibil\u201d, iar australienii aborigeni \u00eel numesc \u201elumin\u0103 fosilizat\u0103\u201d \u0219i au crezut c\u0103 con\u021bine esen\u021ba Marelui Spirit. \u00cen tradi\u021bia greac\u0103, a fost numit\u0103 \u201eghea\u021b\u0103 pur\u0103\u201d, adic\u0103 conform legendelor sparte \u00een mii de buc\u0103\u021bi dup\u0103 ce Hercule a sc\u0103pat-o de pe muntele sacru Olimp.<\/p>\n<p>Element:<strong> P\u0103m\u00e2nt, Foc, Ap\u0103, Aer<\/strong><\/p>\n<p>Semn zodiacal: <strong>Potrivit pentru fiecare semn.<\/strong><\/p>\n<p>Br\u0103\u021bara armonizeaz\u0103 toate chakrele, dar \u00een principal plexul solar \u0219i chakra coroanei:<\/p>\n<p><img loading=\"lazy\" decoding=\"async\" class=\"alignnone wp-image-72745\" src=\"https:\/\/trimakasi.cz\/wp-content\/uploads\/2018\/07\/\u010dakra3.jpg\" alt=\"Plexul solar \u010dakra\" width=\"68\" height=\"76\" \/><img loading=\"lazy\" decoding=\"async\" class=\"alignnone wp-image-74571\" src=\"https:\/\/trimakasi.eu\/wp-content\/uploads\/2019\/05\/akra7.jpg\" alt=\"\" width=\"68\" height=\"75\" srcset=\"https:\/\/trimakasi.eu\/wp-content\/uploads\/2019\/05\/akra7.jpg 92w, https:\/\/trimakasi.eu\/wp-content\/uploads\/2019\/05\/akra7-11x12.jpg 11w\" sizes=\"auto, (max-width: 68px) 100vw, 68px\" \/><\/p>\n<p><a href=\"https:\/\/trimakasi.eu\/ro\/vlog\/\"><u>Vizita\u021bi blogul nostru video pentru a descoperi conexiunile dintre pietre pre\u021bioase, semne zodiacale, chakre \u0219i multe altele.<\/u><\/a><\/p>","protected":false},"excerpt":{"rendered":"<p>Cuar\u021bul de cristal simbolizeaz\u0103 lumina \u0219i este apreciat pentru capacitatea sa de a p\u0103stra energia Soarelui \u0219i de a \u00eembun\u0103t\u0103\u021bi concentra\u021bia uman\u0103. Cristalele de rutil\u0103 sunt o form\u0103 natural\u0103 rar\u0103 de cuar\u021b de cristal care con\u021bine ace de rutil de culoare cupru. Afla\u021bi mai multe despre propriet\u0103\u021bile acestei pietre mai jos.<\/p>\n<p>Alege\u021bi br\u0103\u021bara dup\u0103 m\u0103rime \u0219i dup\u0103 culoarea ultimei m\u0103rgele.\u00a0<a href=\"https:\/\/trimakasi.eu\/ro\/cum-se-alege-marimea-bratarii\/\">Instruc\u021biunile despre cum s\u0103 alege\u021bi corect dimensiunea pot fi g\u0103site aici.<\/a><\/p>","protected":false},"featured_media":104868,"comment_status":"open","ping_status":"closed","template":"","meta":{"_acf_changed":false,"_themeisle_gutenberg_block_has_review":false},"product_brand":[],"product_cat":[1687,1064,554,1068,553],"product_tag":[],"class_list":{"0":"post-74087","1":"product","2":"type-product","3":"status-publish","4":"has-post-thumbnail","6":"product_cat-elastic-bracelets","7":"product_cat-mens-jewellery","8":"product_cat-natural-gemstone-bracelets","9":"product_cat-natural-gemstone-bracelets-for-men","10":"product_cat-womens-jewellery","12":"first","13":"instock","14":"taxable","15":"shipping-taxable","16":"purchasable","17":"product-type-variable","18":"has-default-attributes"},"acf":[],"_links":{"self":[{"href":"https:\/\/trimakasi.eu\/ro\/wp-json\/wp\/v2\/product\/74087","targetHints":{"allow":["GET"]}}],"collection":[{"href":"https:\/\/trimakasi.eu\/ro\/wp-json\/wp\/v2\/product"}],"about":[{"href":"https:\/\/trimakasi.eu\/ro\/wp-json\/wp\/v2\/types\/product"}],"replies":[{"embeddable":true,"href":"https:\/\/trimakasi.eu\/ro\/wp-json\/wp\/v2\/comments?post=74087"}],"wp:featuredmedia":[{"embeddable":true,"href":"https:\/\/trimakasi.eu\/ro\/wp-json\/wp\/v2\/media\/104868"}],"wp:attachment":[{"href":"https:\/\/trimakasi.eu\/ro\/wp-json\/wp\/v2\/media?parent=74087"}],"wp:term":[{"taxonomy":"product_brand","embeddable":true,"href":"https:\/\/trimakasi.eu\/ro\/wp-json\/wp\/v2\/product_brand?post=74087"},{"taxonomy":"product_cat","embeddable":true,"href":"https:\/\/trimakasi.eu\/ro\/wp-json\/wp\/v2\/product_cat?post=74087"},{"taxonomy":"product_tag","embeddable":true,"href":"https:\/\/trimakasi.eu\/ro\/wp-json\/wp\/v2\/product_tag?post=74087"}],"curies":[{"name":"wp","href":"https:\/\/api.w.org\/{rel}","templated":true}]}}