{"id":73964,"date":"2020-05-23T13:16:10","date_gmt":"2020-05-23T11:16:10","guid":{"rendered":"https:\/\/trimakasi.eu\/product\/charoit-naramek\/"},"modified":"2025-10-20T13:59:16","modified_gmt":"2025-10-20T11:59:16","slug":"charoite","status":"publish","type":"product","link":"https:\/\/trimakasi.eu\/ro\/product\/charoite\/","title":{"rendered":"Br\u0103\u021bara Charoite"},"content":{"rendered":"<h3>Charoite \u2013 propriet\u0103\u021bi<\/h3>\n<p>Charoite este o descoperire geologic\u0103 relativ nou\u0103 - descoperit\u0103 pentru prima dat\u0103 \u00een 1940 \u00een Rusia, l\u00e2ng\u0103 r\u00e2ul Chara. Cuv\u00e2ntul \u201echary\u201d \u00eenseamn\u0103 \u00een limba rus\u0103 magie \u0219i vr\u0103ji. Este o piatr\u0103 a epocii noi \u0219i nu exist\u0103 \u00eenc\u0103 multe informa\u021bii despre propriet\u0103\u021bile sale.<\/p>\n<p>Charoitul este, de asemenea, cunoscut sub numele de \u201ePiatra Transform\u0103rii\u201d, deoarece este o piatr\u0103 puternic spiritual\u0103 care ajut\u0103 la purificarea min\u021bii de fric\u0103 \u0219i negativitate.<\/p>\n<p>Element: <strong>Aer<\/strong><\/p>\n<p>Semn zodiacal: <strong>Scorpion, S\u0103get\u0103tor, Fecioar\u0103<\/strong><\/p>\n<p>Aceast\u0103 piatr\u0103 \u00eentruchipeaz\u0103 sinteza unic\u0103 dintre coroana \u0219i chakra Inimii, aduc\u00e2nd energie spiritual\u0103 ridicat\u0103 \u0219i dragostea necondi\u021bionat\u0103 \u00eempreun\u0103. De asemenea, armonizeaz\u0103 chakra celui de-al treilea ochi.<\/p>\n<p><a href=\"https:\/\/trimakasi.eu\/wp-content\/uploads\/2020\/07\/\u010dakra4.jpg\"><img loading=\"lazy\" decoding=\"async\" class=\"alignnone size-full wp-image-83566\" src=\"https:\/\/trimakasi.eu\/wp-content\/uploads\/2020\/07\/\u010dakra4.jpg\" alt=\"Chakra inimii\" width=\"79\" height=\"93\" srcset=\"https:\/\/trimakasi.eu\/wp-content\/uploads\/2020\/07\/\u010dakra4.jpg 79w, https:\/\/trimakasi.eu\/wp-content\/uploads\/2020\/07\/\u010dakra4-10x12.jpg 10w\" sizes=\"auto, (max-width: 79px) 100vw, 79px\" \/><\/a><a href=\"https:\/\/trimakasi.eu\/wp-content\/uploads\/\u010dakra6.jpg\"><img loading=\"lazy\" decoding=\"async\" class=\"alignnone size-full wp-image-138516\" src=\"https:\/\/trimakasi.eu\/wp-content\/uploads\/\u010dakra6.jpg\" alt=\"Chakra al treilea ochi\" width=\"103\" height=\"98\" srcset=\"https:\/\/trimakasi.eu\/wp-content\/uploads\/\u010dakra6.jpg 103w, https:\/\/trimakasi.eu\/wp-content\/uploads\/\u010dakra6-13x12.jpg 13w\" sizes=\"auto, (max-width: 103px) 100vw, 103px\" \/><\/a><a href=\"https:\/\/trimakasi.eu\/wp-content\/uploads\/crown-chakra.jpg\"><img loading=\"lazy\" decoding=\"async\" class=\"alignnone size-full wp-image-132743\" src=\"https:\/\/trimakasi.eu\/wp-content\/uploads\/crown-chakra.jpg\" alt=\"\" width=\"92\" height=\"102\" srcset=\"https:\/\/trimakasi.eu\/wp-content\/uploads\/crown-chakra.jpg 92w, https:\/\/trimakasi.eu\/wp-content\/uploads\/crown-chakra-11x12.jpg 11w\" sizes=\"auto, (max-width: 92px) 100vw, 92px\" \/><\/a><\/p>\n<p><a href=\"https:\/\/trimakasi.eu\/ro\/vlog\/\"><u>Vizita\u021bi blogul nostru video pentru a descoperi conexiunile dintre pietre pre\u021bioase, semne zodiacale, chakre \u0219i multe altele.<\/u><\/a><\/p>","protected":false},"excerpt":{"rendered":"<p>Charoite este o piatr\u0103 natural\u0103 magic\u0103 care seam\u0103n\u0103 cu energia \u00eenvolburat\u0103 fosilizat\u0103. Este o piatr\u0103 extrem de spiritual\u0103, cu vibra\u021bii unice. L\u0103sa\u021bi aceast\u0103 \u201ePiatr\u0103 a transform\u0103rii\u201d s\u0103 v\u0103 ghideze c\u0103tre pace \u0219i cre\u0219tere personal\u0103, f\u0103c\u00e2nd din fiecare moment un pas c\u0103tre un eu mai iluminat. Afla\u021bi mai multe despre propriet\u0103\u021bile acestei pietre mai jos.<\/p>\n<p>Alege\u021bi br\u0103\u021bara dup\u0103 m\u0103rime \u0219i dup\u0103 culoarea ultimei m\u0103rgele.\u00a0<a href=\"https:\/\/trimakasi.eu\/ro\/cum-se-alege-marimea-bratarii\/\">Instruc\u021biunile despre cum s\u0103 alege\u021bi corect dimensiunea pot fi g\u0103site aici.<\/a><\/p>","protected":false},"featured_media":105289,"comment_status":"open","ping_status":"closed","template":"","meta":{"_acf_changed":false,"_themeisle_gutenberg_block_has_review":false},"product_brand":[],"product_cat":[1687,554,1316,553],"product_tag":[],"class_list":{"0":"post-73964","1":"product","2":"type-product","3":"status-publish","4":"has-post-thumbnail","6":"product_cat-elastic-bracelets","7":"product_cat-natural-gemstone-bracelets","8":"product_cat-rare-gemstone-bracelets","9":"product_cat-womens-jewellery","11":"first","12":"instock","13":"taxable","14":"shipping-taxable","15":"purchasable","16":"product-type-variable","17":"has-default-attributes"},"acf":[],"_links":{"self":[{"href":"https:\/\/trimakasi.eu\/ro\/wp-json\/wp\/v2\/product\/73964","targetHints":{"allow":["GET"]}}],"collection":[{"href":"https:\/\/trimakasi.eu\/ro\/wp-json\/wp\/v2\/product"}],"about":[{"href":"https:\/\/trimakasi.eu\/ro\/wp-json\/wp\/v2\/types\/product"}],"replies":[{"embeddable":true,"href":"https:\/\/trimakasi.eu\/ro\/wp-json\/wp\/v2\/comments?post=73964"}],"wp:featuredmedia":[{"embeddable":true,"href":"https:\/\/trimakasi.eu\/ro\/wp-json\/wp\/v2\/media\/105289"}],"wp:attachment":[{"href":"https:\/\/trimakasi.eu\/ro\/wp-json\/wp\/v2\/media?parent=73964"}],"wp:term":[{"taxonomy":"product_brand","embeddable":true,"href":"https:\/\/trimakasi.eu\/ro\/wp-json\/wp\/v2\/product_brand?post=73964"},{"taxonomy":"product_cat","embeddable":true,"href":"https:\/\/trimakasi.eu\/ro\/wp-json\/wp\/v2\/product_cat?post=73964"},{"taxonomy":"product_tag","embeddable":true,"href":"https:\/\/trimakasi.eu\/ro\/wp-json\/wp\/v2\/product_tag?post=73964"}],"curies":[{"name":"wp","href":"https:\/\/api.w.org\/{rel}","templated":true}]}}