{"id":73417,"date":"2022-10-23T22:43:28","date_gmt":"2022-10-23T20:43:28","guid":{"rendered":"https:\/\/trimakasi.eu\/product\/import-placeholder-for-73281\/"},"modified":"2026-04-10T13:27:12","modified_gmt":"2026-04-10T11:27:12","slug":"pirita","status":"publish","type":"product","link":"https:\/\/trimakasi.eu\/ro\/product\/pyrite\/","title":{"rendered":"Br\u0103\u021bara Pyrite"},"content":{"rendered":"<h3>Pirita \u2013 propriet\u0103\u021bi<\/h3>\n<p>Pirita este cel mai bine cunoscut\u0103 pentru porecla sa, \u201eaurul nebunului\u201d. Cristalele sale aurii str\u0103lucitoare au fost adesea confundate cu aur de c\u0103tre tinerii c\u0103utatori de aur. Ace\u0219tia c\u00e2\u0219tigaser\u0103 deseori s\u0103-\u0219i bat\u0103 joc de colegii lor mai \u00een v\u00e2rst\u0103 \u0219i mai experimenta\u021bi<\/p>\n<p>De\u0219i culoarea acestui mineral poate s\u0103 semene la prima vedere cu aur, pirita este de fapt pu\u021bin mai deschis\u0103 \u0219i mult mai dur\u0103 dec\u00e2t aurul. Numele s\u0103u deriv\u0103 din cuv\u00e2ntul grecesc antic \u201epyrtfes\u201d<\/p>\n<p>Datorit\u0103 propriet\u0103\u021bilor sale metafizice, pirita a fost apreciat\u0103 \u00een \u00eentreaga lume \u00eenc\u0103 din cele mai vechi timpuri. Pirita protejeaz\u0103 \u00eempotriva negativit\u0103\u021bii, acumuleaz\u0103 \u0219i amplific\u0103 energia masculin\u0103 \u0219i, mai ales, ajut\u0103 la g\u0103sirea drumului c\u0103tre succes.<\/p>\n<p>\u00cen momentele dificile poate cre\u0219te voin\u021ba \u0219i poate sprijini ac\u021biunile necesare cre\u0219terii \u0219i succesului personal. Pirita este o piatr\u0103 mare de noroc, ideal\u0103 nu doar pentru solda\u021bi, pompieri, poli\u021bi\u0219ti \u0219i cei afla\u021bi \u00een pericol zilnic, ci \u0219i pentru oamenii de afaceri care se confrunt\u0103 cu o decizie serioas\u0103.<\/p>\n<p>Pirita sub form\u0103 de cristale are \u0219i alte dou\u0103 caracteristici interesante: structura cubic\u0103 uluitoare a cristalelor sale \u0219i capacitatea de a afi\u0219a o reflexie asem\u0103n\u0103toare oglinzii. Aztecii din America Central\u0103 au lustruit oglinzi foarte apreciate din pirit. Apoi le-au folosit ca portaluri c\u0103tre alte dimensiuni \u00een timpul ritualurilor \u0219amanice \u0219i au vorbit prin ele str\u0103mo\u0219ilor lor.<\/p>\n<p>Semn zodiacal: <strong>Leul, Taurul, Berbecul \u0219i S\u0103get\u0103torul<\/strong><\/p>\n<p>Element: <strong>Foc, P\u0103m\u00e2nt<\/strong><\/p>\n<p>Br\u0103\u021bara armonizeaz\u0103 chakra plexului solar, chakra sacral\u0103 \u0219i chakra r\u0103d\u0103cinii<\/p>\n<p><a href=\"https:\/\/trimakasi.eu\/wp-content\/uploads\/\u010dakra1.jpg\"><img loading=\"lazy\" decoding=\"async\" class=\"alignnone size-full wp-image-138513\" src=\"https:\/\/trimakasi.eu\/wp-content\/uploads\/\u010dakra1.jpg\" alt=\"Chakra r\u0103d\u0103cinii\" width=\"81\" height=\"88\" srcset=\"https:\/\/trimakasi.eu\/wp-content\/uploads\/\u010dakra1.jpg 81w, https:\/\/trimakasi.eu\/wp-content\/uploads\/\u010dakra1-11x12.jpg 11w\" sizes=\"auto, (max-width: 81px) 100vw, 81px\" \/><\/a> <a href=\"https:\/\/trimakasi.eu\/wp-content\/uploads\/\u010dakra2.jpg\"><img loading=\"lazy\" decoding=\"async\" class=\"alignnone size-full wp-image-138514\" src=\"https:\/\/trimakasi.eu\/wp-content\/uploads\/\u010dakra2.jpg\" alt=\"Chakra sacral\u0103\" width=\"76\" height=\"96\" srcset=\"https:\/\/trimakasi.eu\/wp-content\/uploads\/\u010dakra2.jpg 76w, https:\/\/trimakasi.eu\/wp-content\/uploads\/\u010dakra2-10x12.jpg 10w\" sizes=\"auto, (max-width: 76px) 100vw, 76px\" \/><\/a><a href=\"https:\/\/trimakasi.eu\/wp-content\/uploads\/2020\/07\/\u010dakra3.jpg\"><img loading=\"lazy\" decoding=\"async\" class=\"alignnone size-full wp-image-83567\" src=\"https:\/\/trimakasi.eu\/wp-content\/uploads\/2020\/07\/\u010dakra3.jpg\" alt=\"Chakra plexului solar\" width=\"77\" height=\"86\" srcset=\"https:\/\/trimakasi.eu\/wp-content\/uploads\/2020\/07\/\u010dakra3.jpg 77w, https:\/\/trimakasi.eu\/wp-content\/uploads\/2020\/07\/\u010dakra3-11x12.jpg 11w\" sizes=\"auto, (max-width: 77px) 100vw, 77px\" \/><\/a><\/p>\n<p><a href=\"https:\/\/trimakasi.eu\/ro\/vlog\/\"><u>Vizita\u021bi blogul nostru video pentru a descoperi conexiunile dintre pietre pre\u021bioase, semne zodiacale, chakre \u0219i multe altele.<\/u><\/a><\/p>","protected":false},"excerpt":{"rendered":"<p>Pirita este cunoscut\u0103 drept \u201ePiatra norocului\u201d. Poate ajuta la aducerea bog\u0103\u021biei \u0219i prosperit\u0103\u021bii \u00een vie\u021bile noastre. Afla\u021bi mai multe despre propriet\u0103\u021bile acestei pietre mai jos.<\/p>\n<p>Alege\u021bi o br\u0103\u021bar\u0103 dup\u0103 m\u0103rime \u0219i dup\u0103 culoarea ultimei m\u0103rgele.\u00a0<a href=\"https:\/\/trimakasi.eu\/ro\/cum-se-alege-marimea-bratarii\/\">Instruc\u021biunile despre cum s\u0103 alege\u021bi corect dimensiunea pot fi g\u0103site aici.<\/a><\/p>","protected":false},"featured_media":104922,"comment_status":"open","ping_status":"closed","template":"","meta":{"_acf_changed":false,"_themeisle_gutenberg_block_has_review":false},"product_brand":[],"product_cat":[1687,1064,554,1068,553],"product_tag":[],"class_list":{"0":"post-73417","1":"product","2":"type-product","3":"status-publish","4":"has-post-thumbnail","6":"product_cat-elastic-bracelets","7":"product_cat-mens-jewellery","8":"product_cat-natural-gemstone-bracelets","9":"product_cat-natural-gemstone-bracelets-for-men","10":"product_cat-womens-jewellery","12":"first","13":"instock","14":"taxable","15":"shipping-taxable","16":"purchasable","17":"product-type-variable","18":"has-default-attributes"},"acf":[],"_links":{"self":[{"href":"https:\/\/trimakasi.eu\/ro\/wp-json\/wp\/v2\/product\/73417","targetHints":{"allow":["GET"]}}],"collection":[{"href":"https:\/\/trimakasi.eu\/ro\/wp-json\/wp\/v2\/product"}],"about":[{"href":"https:\/\/trimakasi.eu\/ro\/wp-json\/wp\/v2\/types\/product"}],"replies":[{"embeddable":true,"href":"https:\/\/trimakasi.eu\/ro\/wp-json\/wp\/v2\/comments?post=73417"}],"wp:featuredmedia":[{"embeddable":true,"href":"https:\/\/trimakasi.eu\/ro\/wp-json\/wp\/v2\/media\/104922"}],"wp:attachment":[{"href":"https:\/\/trimakasi.eu\/ro\/wp-json\/wp\/v2\/media?parent=73417"}],"wp:term":[{"taxonomy":"product_brand","embeddable":true,"href":"https:\/\/trimakasi.eu\/ro\/wp-json\/wp\/v2\/product_brand?post=73417"},{"taxonomy":"product_cat","embeddable":true,"href":"https:\/\/trimakasi.eu\/ro\/wp-json\/wp\/v2\/product_cat?post=73417"},{"taxonomy":"product_tag","embeddable":true,"href":"https:\/\/trimakasi.eu\/ro\/wp-json\/wp\/v2\/product_tag?post=73417"}],"curies":[{"name":"wp","href":"https:\/\/api.w.org\/{rel}","templated":true}]}}