{"id":73364,"date":"2018-10-23T22:43:02","date_gmt":"2018-10-23T20:43:02","guid":{"rendered":"https:\/\/trimakasi.eu\/product\/import-placeholder-for-73141\/"},"modified":"2025-02-26T19:56:00","modified_gmt":"2025-02-26T18:56:00","slug":"portocaliu-aventurin","status":"publish","type":"product","link":"https:\/\/trimakasi.eu\/ro\/product\/orange-aventurine\/","title":{"rendered":"Br\u0103\u021bara Aventurin\u0103 portocalie"},"content":{"rendered":"<h3>Aventurin portocaliu \u2013 propriet\u0103\u021bi<\/h3>\n<p>Numele avanturin\u0103 sau aventurin\u0103 este derivat din sintagma italian\u0103 \u201eA ventura\u201d, care \u00eenseamn\u0103 \u201espre fericire\u201d. Aceast\u0103 piatr\u0103 este, de asemenea, cunoscut\u0103 sub porecla de \u201ePiatr\u0103 a oportunit\u0103\u021bilor\u201d \u0219i, de secole, se crede c\u0103 are capacitatea de a cre\u0219te fericirea \u0219i, de asemenea, norocul \u00een competi\u021bii \u0219i jocuri de noroc.<\/p>\n<p>De asemenea, aceast\u0103 piatr\u0103 poate elimina tiparele \u0219i obiceiurile vechi de g\u00e2ndire, f\u0103c\u00e2nd noi oportunit\u0103\u021bi \u00een via\u021b\u0103 inevitabile. Promoveaz\u0103 un sentiment de bun\u0103stare \u0219i ofer\u0103 o viziune pozitiv\u0103 asupra vie\u021bii. Aventurina simbolizeaz\u0103, de asemenea, pacea, r\u0103bdarea \u0219i creativitatea.<\/p>\n<p>Element: <strong>Foc \u0219i P\u0103m\u00e2nt<\/strong><\/p>\n<p>Semn zodiacal: <strong>Taur, V\u0103rs\u0103tor<\/strong><\/p>\n<p>Br\u0103\u021bara armonizeaz\u0103 chakra sacral\u0103 \u0219i chakra plexului solar:<\/p>\n<p><a href=\"https:\/\/trimakasi.eu\/wp-content\/uploads\/\u010dakra2.jpg\"><img loading=\"lazy\" decoding=\"async\" class=\"alignnone size-full wp-image-138514\" src=\"https:\/\/trimakasi.eu\/wp-content\/uploads\/\u010dakra2.jpg\" alt=\"Chakra sacral\u0103\" width=\"76\" height=\"96\" srcset=\"https:\/\/trimakasi.eu\/wp-content\/uploads\/\u010dakra2.jpg 76w, https:\/\/trimakasi.eu\/wp-content\/uploads\/\u010dakra2-10x12.jpg 10w\" sizes=\"auto, (max-width: 76px) 100vw, 76px\" \/><\/a><a href=\"https:\/\/trimakasi.eu\/wp-content\/uploads\/2020\/07\/\u010dakra3.jpg\"><img loading=\"lazy\" decoding=\"async\" class=\"alignnone size-full wp-image-83567\" src=\"https:\/\/trimakasi.eu\/wp-content\/uploads\/2020\/07\/\u010dakra3.jpg\" alt=\"Chakra plexului solar\" width=\"77\" height=\"86\" srcset=\"https:\/\/trimakasi.eu\/wp-content\/uploads\/2020\/07\/\u010dakra3.jpg 77w, https:\/\/trimakasi.eu\/wp-content\/uploads\/2020\/07\/\u010dakra3-11x12.jpg 11w\" sizes=\"auto, (max-width: 77px) 100vw, 77px\" \/><\/a><\/p>\n<p><a href=\"https:\/\/trimakasi.eu\/ro\/vlog\/\"><u>Vizita\u021bi blogul nostru video pentru a descoperi conexiunile dintre pietre pre\u021bioase, semne zodiacale, chakre \u0219i multe altele.<\/u><\/a><\/p>","protected":false},"excerpt":{"rendered":"<p>Aventurinul Portocaliu este cunoscut ca o piatr\u0103 a norocului, prosperit\u0103\u021bii \u0219i optimismului. Se spune c\u0103 nuan\u021ba sa cald\u0103 \u0219i str\u0103lucitoare amplific\u0103 \u00eencrederea, creativitatea \u0219i dezvoltarea personal\u0103, fiind un aliat de n\u0103dejde pentru cei care caut\u0103 succes \u0219i energie pozitiv\u0103. Afl\u0103 mai multe despre propriet\u0103\u021bile acestei pietre mai jos.<\/p>\n<p>Alege\u021bi br\u0103\u021bara dup\u0103 m\u0103rime \u0219i dup\u0103 culoarea ultimei m\u0103rgele.\u00a0<a href=\"https:\/\/trimakasi.eu\/ro\/cum-se-alege-marimea-bratarii\/\">Instruc\u021biunile despre cum s\u0103 alege\u021bi corect dimensiunea pot fi g\u0103site aici.<\/a><\/p>","protected":false},"featured_media":105156,"comment_status":"open","ping_status":"closed","template":"","meta":{"_acf_changed":false,"_themeisle_gutenberg_block_has_review":false},"product_brand":[],"product_cat":[1687,554,553],"product_tag":[],"class_list":{"0":"post-73364","1":"product","2":"type-product","3":"status-publish","4":"has-post-thumbnail","6":"product_cat-elastic-bracelets","7":"product_cat-natural-gemstone-bracelets","8":"product_cat-womens-jewellery","10":"first","11":"instock","12":"taxable","13":"shipping-taxable","14":"purchasable","15":"product-type-variable","16":"has-default-attributes"},"acf":[],"_links":{"self":[{"href":"https:\/\/trimakasi.eu\/ro\/wp-json\/wp\/v2\/product\/73364","targetHints":{"allow":["GET"]}}],"collection":[{"href":"https:\/\/trimakasi.eu\/ro\/wp-json\/wp\/v2\/product"}],"about":[{"href":"https:\/\/trimakasi.eu\/ro\/wp-json\/wp\/v2\/types\/product"}],"replies":[{"embeddable":true,"href":"https:\/\/trimakasi.eu\/ro\/wp-json\/wp\/v2\/comments?post=73364"}],"wp:featuredmedia":[{"embeddable":true,"href":"https:\/\/trimakasi.eu\/ro\/wp-json\/wp\/v2\/media\/105156"}],"wp:attachment":[{"href":"https:\/\/trimakasi.eu\/ro\/wp-json\/wp\/v2\/media?parent=73364"}],"wp:term":[{"taxonomy":"product_brand","embeddable":true,"href":"https:\/\/trimakasi.eu\/ro\/wp-json\/wp\/v2\/product_brand?post=73364"},{"taxonomy":"product_cat","embeddable":true,"href":"https:\/\/trimakasi.eu\/ro\/wp-json\/wp\/v2\/product_cat?post=73364"},{"taxonomy":"product_tag","embeddable":true,"href":"https:\/\/trimakasi.eu\/ro\/wp-json\/wp\/v2\/product_tag?post=73364"}],"curies":[{"name":"wp","href":"https:\/\/api.w.org\/{rel}","templated":true}]}}