{"id":73331,"date":"2018-10-23T22:42:43","date_gmt":"2018-10-23T20:42:43","guid":{"rendered":"https:\/\/trimakasi.eu\/product\/import-placeholder-for-73084\/"},"modified":"2025-06-02T15:30:06","modified_gmt":"2025-06-02T13:30:06","slug":"fluorit","status":"publish","type":"product","link":"https:\/\/trimakasi.eu\/ro\/product\/fluorite\/","title":{"rendered":"Br\u0103\u021bara fluorit\u0103"},"content":{"rendered":"<h3>Fluorit \u2013 propriet\u0103\u021bi<\/h3>\n<p>Numele acestei pietre vine de la cuv\u00e2ntul latin \u201efluere\u201d care \u00eenseamn\u0103 \u201ea curge\u201d. Propriet\u0103\u021bile fizice ale acestui mineral au dat numele \u0219i termenului de fluorescen\u021b\u0103 (reac\u021bie la razele UV).<\/p>\n<p>Fluoritul este una dintre cele mai populare pietre pre\u021bioase cristaline din lume care iube\u0219te at\u00e2t geologii pentru colorarea sa \u0219i structura cristalin\u0103 cubic\u0103 remarcabil\u0103, c\u00e2t \u0219i vindec\u0103torii alternativi pentru vibra\u021biile sale interne, care au o rezonan\u021b\u0103 puternic\u0103 cu mintea uman\u0103.<\/p>\n<p>Energia acestei pietre ne poate aduce pace \u0219i stabilitate, ajut\u00e2nd la formarea energiei haotice \u0219i \u00eempr\u0103\u0219tiate \u00eentr-o form\u0103 superioar\u0103 de coeren\u021b\u0103 \u0219i armonie. Fluoritul este o piatr\u0103 de sus\u021binere a g\u00e2ndirii, spiritualit\u0103\u021bii, concentr\u0103rii \u0219i echilibrului \u00een toate aspectele vie\u021bii. Se presupune c\u0103, de asemenea, stimuleaz\u0103 ambele emisfere cerebrale s\u0103 lucreze armonios \u00een echilibru, ceea ce se poate reflecta \u00een \u00eencurajarea creativit\u0103\u021bii \u0219i facilitarea rezolv\u0103rii logice a problemelor complexe.<\/p>\n<p><strong>Fluorit violet<\/strong> - Ajut\u0103 intui\u021bia \u0219i este o piatr\u0103 grozav\u0103 pentru medita\u021bie \u0219i dezvoltare mental\u0103. Energia sa poate elibera stresul, disconfortul spiritual \u0219i blocajele. Poate fi folosit \u0219i ca o \u201epiatr\u0103 de vis\u201d protectoare care distruge visele rele \u00een somn. Armonizeaz\u0103 chakra al treilea ochi.<\/p>\n<p><img loading=\"lazy\" decoding=\"async\" class=\"alignnone wp-image-72748\" style=\"color: #333333; font-size: 14.4px;\" src=\"https:\/\/trimakasi.cz\/wp-content\/uploads\/2018\/07\/\u010dakra6.jpg\" alt=\"\" width=\"70\" height=\"67\" \/><\/p>\n<p><strong>Fluorit verde<\/strong> - Probabil c\u0103 poate sparge surplusul de energie, poate inspira idei noi \u00een noi \u0219i accelera g\u00e2ndirea. Poate fi folosit \u0219i ca piatr\u0103 de cur\u0103\u021bare pentru a descompune energia negativ\u0103, a ameliora traume emo\u021bionale sau pentru a distruge dependen\u021be psihologice sau fizice nes\u0103n\u0103toase. Vindec\u0103 \u0219i armonizeaz\u0103 Chakra Inimii.<\/p>\n<p><img loading=\"lazy\" decoding=\"async\" class=\"alignnone wp-image-72746\" style=\"font-size: 14.4px;\" src=\"https:\/\/trimakasi.cz\/wp-content\/uploads\/2018\/07\/\u010dakra4.jpg\" alt=\"\" width=\"66\" height=\"77\" \/><\/p>\n<p>Element: <strong>Aer \u0219i ap\u0103<\/strong><\/p>\n<p>Semne zodiacale: <strong>Capricorn \u0219i pe\u0219te<\/strong><\/p>\n<p>Bratara armonizeaza chakra inimii, chakra al treilea ochi si chakra coroanei<\/p>\n<p><img loading=\"lazy\" decoding=\"async\" class=\"alignnone wp-image-72746\" style=\"font-size: 14.4px;\" src=\"https:\/\/trimakasi.cz\/wp-content\/uploads\/2018\/07\/\u010dakra4.jpg\" alt=\"\" width=\"66\" height=\"77\" \/><img loading=\"lazy\" decoding=\"async\" class=\"alignnone wp-image-72748\" style=\"color: #333333; font-size: 14.4px;\" src=\"https:\/\/trimakasi.cz\/wp-content\/uploads\/2018\/07\/\u010dakra6.jpg\" alt=\"\" width=\"70\" height=\"67\" \/><img loading=\"lazy\" decoding=\"async\" class=\"alignnone wp-image-72749\" src=\"https:\/\/trimakasi.cz\/wp-content\/uploads\/2018\/07\/\u010dakra7.jpg\" alt=\"Korunn\u00ed \u010dakra\" width=\"73\" height=\"81\" \/><\/p>\n<p><a href=\"https:\/\/trimakasi.eu\/ro\/vlog\/\"><u>Vizita\u021bi blogul nostru video pentru a descoperi conexiunile dintre pietre pre\u021bioase, semne zodiacale, chakre \u0219i multe altele.<\/u><\/a><\/p>","protected":false},"excerpt":{"rendered":"<p>Fluoritul captiveaz\u0103 prin culorile sale uimitoare, variind de la verde sticl\u0103 la violet profund. Cunoscut drept \u201ePiatra Geniilor\u201d, se spune c\u0103 \u00eembun\u0103t\u0103\u021be\u0219te concentrarea, creativitatea \u0219i claritatea mental\u0103. Cu nuan\u021bele sale vibrante \u0219i energia unic\u0103, Fluoritul este unul dintre cele mai apreciate pietre pre\u021bioase, perfect pentru cei care caut\u0103 at\u00e2t frumuse\u021be, c\u00e2t \u0219i for\u021b\u0103 mental\u0103.<\/p>\n<p>Alege\u021bi o br\u0103\u021bar\u0103 dup\u0103 culoarea fluoritei, dup\u0103 dimensiunea br\u0103\u021b\u0103rii \u0219i dup\u0103 culoarea ultimei m\u0103rgele.\u00a0<a href=\"https:\/\/trimakasi.eu\/ro\/cum-se-alege-marimea-bratarii\/\">Instruc\u021biunile despre cum s\u0103 alege\u021bi corect dimensiunea pot fi g\u0103site aici.<\/a><\/p>","protected":false},"featured_media":105275,"comment_status":"open","ping_status":"closed","template":"","meta":{"_acf_changed":false,"_themeisle_gutenberg_block_has_review":false},"product_brand":[],"product_cat":[1687,1064,554,1068,553],"product_tag":[],"class_list":{"0":"post-73331","1":"product","2":"type-product","3":"status-publish","4":"has-post-thumbnail","6":"product_cat-elastic-bracelets","7":"product_cat-mens-jewellery","8":"product_cat-natural-gemstone-bracelets","9":"product_cat-natural-gemstone-bracelets-for-men","10":"product_cat-womens-jewellery","12":"first","13":"instock","14":"featured","15":"taxable","16":"shipping-taxable","17":"purchasable","18":"product-type-variable","19":"has-default-attributes"},"acf":[],"_links":{"self":[{"href":"https:\/\/trimakasi.eu\/ro\/wp-json\/wp\/v2\/product\/73331","targetHints":{"allow":["GET"]}}],"collection":[{"href":"https:\/\/trimakasi.eu\/ro\/wp-json\/wp\/v2\/product"}],"about":[{"href":"https:\/\/trimakasi.eu\/ro\/wp-json\/wp\/v2\/types\/product"}],"replies":[{"embeddable":true,"href":"https:\/\/trimakasi.eu\/ro\/wp-json\/wp\/v2\/comments?post=73331"}],"wp:featuredmedia":[{"embeddable":true,"href":"https:\/\/trimakasi.eu\/ro\/wp-json\/wp\/v2\/media\/105275"}],"wp:attachment":[{"href":"https:\/\/trimakasi.eu\/ro\/wp-json\/wp\/v2\/media?parent=73331"}],"wp:term":[{"taxonomy":"product_brand","embeddable":true,"href":"https:\/\/trimakasi.eu\/ro\/wp-json\/wp\/v2\/product_brand?post=73331"},{"taxonomy":"product_cat","embeddable":true,"href":"https:\/\/trimakasi.eu\/ro\/wp-json\/wp\/v2\/product_cat?post=73331"},{"taxonomy":"product_tag","embeddable":true,"href":"https:\/\/trimakasi.eu\/ro\/wp-json\/wp\/v2\/product_tag?post=73331"}],"curies":[{"name":"wp","href":"https:\/\/api.w.org\/{rel}","templated":true}]}}