{"id":174185,"date":"2024-01-10T22:54:43","date_gmt":"2024-01-10T21:54:43","guid":{"rendered":"https:\/\/trimakasi.eu\/?post_type=product&#038;p=174185"},"modified":"2025-06-06T19:22:17","modified_gmt":"2025-06-06T17:22:17","slug":"bratara-barbati-turmalina-neagra-bruta","status":"publish","type":"product","link":"https:\/\/trimakasi.eu\/ro\/product\/mens-raw-black-tourmaline-bracelet\/","title":{"rendered":"Br\u0103\u021bar\u0103 pentru b\u0103rba\u021bi cu turmalin\u0103 neagr\u0103 din macrame"},"content":{"rendered":"<h3>Turmalin\u0103 neagr\u0103<\/h3>\n<p>Turmalina este un mineral tipic care provine de la temperaturile \u0219i presiunile ridicate din miezul p\u0103m\u00e2ntului \u0219i ajunge la suprafa\u021b\u0103 prin activitate vulcanic\u0103. O legend\u0103 egiptean\u0103 antic\u0103 men\u021bioneaz\u0103 c\u00e2t timp a trebuit s\u0103 c\u0103l\u0103toreasc\u0103 turmalina din centrul p\u0103m\u00e2ntului pentru a ajunge la suprafa\u021ba sa. De asemenea, \u00een aceast\u0103 legend\u0103 este scris c\u0103 turmalina a trecut prin curcubeu \u0219i astfel apare \u00een multe culori. Acest lucru nu este deloc departe de adev\u0103r, deoarece aceast\u0103 bijuterie poate ap\u0103rea \u00eentr-o mul\u021bime de culori \u0219i nuan\u021be.<\/p>\n<p><span lang=\"en\" tabindex=\"0\">Onixul negru, turmalina neagr\u0103 \u0219i obsidianul negru sunt considerate pietre de protec\u021bie tradi\u021bionale datorit\u0103 culorii lor \u00eenchise. Ele v\u0103 pot \u00eenconjura cu o atmosfer\u0103 protectoare care absoarbe toat\u0103 negativitatea din mediul \u00eenconjur\u0103tor. Cel mai important, ele ajut\u0103 la dep\u0103\u0219irea tiparelor de g\u00e2ndire negative care apar din cele mai debilitante \u0219i toxice emo\u021bii: frica.<\/span><\/p>\n<p>Conform legendelor, turmalina neagr\u0103 este cunoscut\u0103 sub numele de \u201epiatr\u0103 de cur\u0103\u021bare\u201d pentru capacitatea sa de a cur\u0103\u021ba at\u00e2t corpul, c\u00e2t \u0219i sufletul de negativitate. Este \u00eenc\u0103 folosit de diver\u0219i \u0219amani \u0219i druizi din \u00eentreaga lume, \u00een special \u00een triburile native din Africa \u0219i America, ca piatra de temelie a ritualurilor lor de vindecare \u00eempotriva bolilor mentale \u0219i fizice.<\/p>\n<p>Element: <strong>Ap\u0103<\/strong><\/p>\n<p>Semne zodiacale: <strong>Capricorn, Gemeni, Scorpion \u0219i Balan\u021b\u0103<\/strong><\/p>\n<p>Aceast\u0103 br\u0103\u021bar\u0103 armonizeaz\u0103 chakra r\u0103d\u0103cinii.<\/p>\n<p><img loading=\"lazy\" decoding=\"async\" class=\"alignnone wp-image-72742\" src=\"https:\/\/trimakasi.cz\/wp-content\/uploads\/2018\/08\/\u010dakra1.jpg\" alt=\"Z\u00e1kladn\u00ed \u010dakra\" width=\"66\" height=\"72\" \/><\/p>\n<p><a href=\"https:\/\/trimakasi.eu\/ro\/vlog\/\"><u>Vizita\u021bi blogul nostru video pentru a descoperi conexiunile dintre pietre pre\u021bioase, semne zodiacale, chakre \u0219i multe altele.<\/u><\/a><\/p>","protected":false},"excerpt":{"rendered":"<p>\u00cembr\u0103\u021bi\u0219a\u021bi energia protectoare a Br\u0103\u021b\u0103rii noastre Macrame Turmaline Negre pentru b\u0103rba\u021bi, un accesoriu durabil \u0219i confortabil pe care nu ve\u021bi dori niciodat\u0103 s\u0103-l elimina\u021bi!<\/p>\n<p>Fiecare br\u0103\u021bar\u0103 este realizat\u0103 cu experien\u021b\u0103 din \u0219nur de nailon negru de \u00eenalt\u0103 calitate, cu turmalin\u0103 neagr\u0103 brut\u0103. Fiindc\u0103 fiecare cristal este ob\u021binut \u00een mod natural, fiecare pies\u0103 este unic\u0103!<\/p>\n<p>Este ajustabil ca dimensiune \u0219i, prin urmare, se va potrivi tuturor.<\/p>\n<p>Descoperi\u021bi mai multe despre propriet\u0103\u021bile unice ale turmalinei negre de mai jos!<\/p>","protected":false},"featured_media":174190,"comment_status":"open","ping_status":"closed","template":"","meta":{"_acf_changed":false,"_themeisle_gutenberg_block_has_review":false},"product_brand":[],"product_cat":[1688,1069,1064,1718],"product_tag":[],"class_list":{"0":"post-174185","1":"product","2":"type-product","3":"status-publish","4":"has-post-thumbnail","6":"product_cat-braided-bracelets","7":"product_cat-braided-bracelets-for-men","8":"product_cat-mens-jewellery","9":"product_cat-minimalist-jewellery-for-men","11":"first","12":"instock","13":"taxable","14":"shipping-taxable","15":"purchasable","16":"product-type-simple"},"acf":[],"_links":{"self":[{"href":"https:\/\/trimakasi.eu\/ro\/wp-json\/wp\/v2\/product\/174185","targetHints":{"allow":["GET"]}}],"collection":[{"href":"https:\/\/trimakasi.eu\/ro\/wp-json\/wp\/v2\/product"}],"about":[{"href":"https:\/\/trimakasi.eu\/ro\/wp-json\/wp\/v2\/types\/product"}],"replies":[{"embeddable":true,"href":"https:\/\/trimakasi.eu\/ro\/wp-json\/wp\/v2\/comments?post=174185"}],"wp:featuredmedia":[{"embeddable":true,"href":"https:\/\/trimakasi.eu\/ro\/wp-json\/wp\/v2\/media\/174190"}],"wp:attachment":[{"href":"https:\/\/trimakasi.eu\/ro\/wp-json\/wp\/v2\/media?parent=174185"}],"wp:term":[{"taxonomy":"product_brand","embeddable":true,"href":"https:\/\/trimakasi.eu\/ro\/wp-json\/wp\/v2\/product_brand?post=174185"},{"taxonomy":"product_cat","embeddable":true,"href":"https:\/\/trimakasi.eu\/ro\/wp-json\/wp\/v2\/product_cat?post=174185"},{"taxonomy":"product_tag","embeddable":true,"href":"https:\/\/trimakasi.eu\/ro\/wp-json\/wp\/v2\/product_tag?post=174185"}],"curies":[{"name":"wp","href":"https:\/\/api.w.org\/{rel}","templated":true}]}}