{"id":173907,"date":"2022-05-25T18:01:29","date_gmt":"2022-05-25T16:01:29","guid":{"rendered":"https:\/\/trimakasi.eu\/?post_type=product&#038;p=173907"},"modified":"2026-01-03T13:06:12","modified_gmt":"2026-01-03T12:06:12","slug":"colier-crud-carnelian-pentru-femei","status":"publish","type":"product","link":"https:\/\/trimakasi.eu\/ro\/product\/raw-carnelian-necklace-for-women\/","title":{"rendered":"Colier de dama Carnelian crud"},"content":{"rendered":"<h3>Carnelian<\/h3>\n<p>Carnelianul este o piatra Soarelui care \u0219i-a absorbit energia \u0219i \u0219i-a c\u00e2\u0219tigat culoarea cald\u0103 \u0219i radiant\u0103. Cunoscut\u0103 sub numele de Piatra Motiva\u021biei, Perseveren\u021bei, Conducerii \u0219i Curajului, Carnelian protejeaz\u0103 \u0219i inspir\u0103 omenirea de-a lungul istoriei sale. R\u0103zboinicii antici purtau cornul la g\u00e2t pentru a le da curaj \u0219i putere fizic\u0103 pentru a-\u0219i \u00eenvinge du\u0219manii. Carnelian aduce curajul necesar pentru a dep\u0103\u0219i dificult\u0103\u021bile \u0219i sus\u021bine idealismul, pragmatismul \u0219i schimb\u0103rile pozitive de via\u021b\u0103.<\/p>\n<p>\u00cen mod tradi\u021bional, carnelianul ar trebui s\u0103-\u0219i protejeze purt\u0103torul de c\u0103derea obiectului \u0219i de r\u0103nile cauzate de accidente de munc\u0103. Se mai spune c\u0103 Carnelian atrage prosperitatea \u0219i fericirea. Carnelian sus\u021bine acceptarea ciclului vie\u021bii \u0219i ajut\u0103 la eliminarea fricii de moarte. Ca o piatr\u0103 veche, a fost folosit\u0103 de multe ori pentru a proteja mor\u021bii \u00een drumul lor spre via\u021ba de apoi. Se credea, de asemenea, c\u0103 aceast\u0103 piatr\u0103 poate ajuta la \u00eembun\u0103t\u0103\u021birea circula\u021biei s\u00e2ngelui c\u0103tre organele vitale.<\/p>\n<p>Element: <strong>Foc<\/strong><\/p>\n<p>Semne zodiacale: <strong>Capricorn, Fecioar\u0103, Rac<\/strong><\/p>\n<p>Aceast\u0103 br\u0103\u021bar\u0103 armonizeaz\u0103 r\u0103d\u0103cina \u0219i chakra sacral\u0103.<\/p>\n<p><a href=\"https:\/\/trimakasi.eu\/wp-content\/uploads\/\u010dakra1.jpg\"><img loading=\"lazy\" decoding=\"async\" class=\"alignnone size-full wp-image-138513\" src=\"https:\/\/trimakasi.eu\/wp-content\/uploads\/\u010dakra1.jpg\" alt=\"Chakra r\u0103d\u0103cinii\" width=\"81\" height=\"88\" srcset=\"https:\/\/trimakasi.eu\/wp-content\/uploads\/\u010dakra1.jpg 81w, https:\/\/trimakasi.eu\/wp-content\/uploads\/\u010dakra1-11x12.jpg 11w\" sizes=\"auto, (max-width: 81px) 100vw, 81px\" \/><\/a><a href=\"https:\/\/trimakasi.eu\/wp-content\/uploads\/\u010dakra2.jpg\"><img loading=\"lazy\" decoding=\"async\" class=\"alignnone size-full wp-image-138514\" src=\"https:\/\/trimakasi.eu\/wp-content\/uploads\/\u010dakra2.jpg\" alt=\"Chakra sacral\u0103\" width=\"76\" height=\"96\" srcset=\"https:\/\/trimakasi.eu\/wp-content\/uploads\/\u010dakra2.jpg 76w, https:\/\/trimakasi.eu\/wp-content\/uploads\/\u010dakra2-10x12.jpg 10w\" sizes=\"auto, (max-width: 76px) 100vw, 76px\" \/><\/a><\/p>\n<p><a href=\"https:\/\/trimakasi.eu\/ro\/vlog\/\"><u>Vizita\u021bi blogul nostru video pentru a descoperi conexiunile dintre pietre pre\u021bioase, semne zodiacale, chakre \u0219i multe altele.<\/u><\/a><\/p>","protected":false},"excerpt":{"rendered":"<p>\u00cembun\u0103t\u0103\u021bi\u021bi-v\u0103 stilul cu colierul nostru minimalist pentru femei, realizat manual, care prezint\u0103 un pandantiv de cornalina brut. Aceast\u0103 pies\u0103 rafinat\u0103 ofer\u0103 c\u0103ldur\u0103, energie plin\u0103 de via\u021b\u0103 \u0219i o not\u0103 de elegan\u021b\u0103.<\/p>\n<p>Carnelianul este apreciat pentru propriet\u0103\u021bile sale energizante \u0219i motivante. Fiecare piesa este unica! Derula\u021bi \u00een jos pentru a afla despre propriet\u0103\u021bile pietrelor.<\/p>\n<p>Lan\u021bul este reglabil \u00een lungime de la 46-52 cm, este fabricat din o\u021bel inoxidabil \u0219i este acoperit cu aur autentic de 18k folosind metoda PVD pentru durabilitate de lung\u0103 durat\u0103. Dimensiunile pietrei minimaliste sunt de aproximativ 0,6 x 1,2 cm. Colierul vine \u00eentr-o cutie roz luxoas\u0103 cu sigla Trimakasi, f\u0103c\u00e2ndu-l un cadou perfect.<\/p>","protected":false},"featured_media":173871,"comment_status":"open","ping_status":"closed","template":"","meta":{"_acf_changed":false,"_themeisle_gutenberg_block_has_review":false},"product_brand":[],"product_cat":[569,1690,1149,553],"product_tag":[],"class_list":{"0":"post-173907","1":"product","2":"type-product","3":"status-publish","4":"has-post-thumbnail","6":"product_cat-minimalist-jewellery-for-women","7":"product_cat-necklaces","8":"product_cat-necklaces-for-women","9":"product_cat-womens-jewellery","11":"first","12":"instock","13":"taxable","14":"shipping-taxable","15":"purchasable","16":"product-type-variable","17":"has-default-attributes"},"acf":[],"_links":{"self":[{"href":"https:\/\/trimakasi.eu\/ro\/wp-json\/wp\/v2\/product\/173907","targetHints":{"allow":["GET"]}}],"collection":[{"href":"https:\/\/trimakasi.eu\/ro\/wp-json\/wp\/v2\/product"}],"about":[{"href":"https:\/\/trimakasi.eu\/ro\/wp-json\/wp\/v2\/types\/product"}],"replies":[{"embeddable":true,"href":"https:\/\/trimakasi.eu\/ro\/wp-json\/wp\/v2\/comments?post=173907"}],"wp:featuredmedia":[{"embeddable":true,"href":"https:\/\/trimakasi.eu\/ro\/wp-json\/wp\/v2\/media\/173871"}],"wp:attachment":[{"href":"https:\/\/trimakasi.eu\/ro\/wp-json\/wp\/v2\/media?parent=173907"}],"wp:term":[{"taxonomy":"product_brand","embeddable":true,"href":"https:\/\/trimakasi.eu\/ro\/wp-json\/wp\/v2\/product_brand?post=173907"},{"taxonomy":"product_cat","embeddable":true,"href":"https:\/\/trimakasi.eu\/ro\/wp-json\/wp\/v2\/product_cat?post=173907"},{"taxonomy":"product_tag","embeddable":true,"href":"https:\/\/trimakasi.eu\/ro\/wp-json\/wp\/v2\/product_tag?post=173907"}],"curies":[{"name":"wp","href":"https:\/\/api.w.org\/{rel}","templated":true}]}}