{"id":166032,"date":"2022-02-13T09:03:06","date_gmt":"2022-02-13T08:03:06","guid":{"rendered":"https:\/\/trimakasi.eu\/?post_type=product&#038;p=166032"},"modified":"2024-03-25T18:24:10","modified_gmt":"2024-03-25T17:24:10","slug":"colier-de-margele-sodalit-pentru-barbati","status":"publish","type":"product","link":"https:\/\/trimakasi.eu\/ro\/product\/beaded-sodalite-necklace-for-men\/","title":{"rendered":"Colier din sodalit cu margele pentru barbati"},"content":{"rendered":"<h3>Sodalit<\/h3>\n<p>Sodalitul aduce pace, ordine \u0219i echilibru emo\u021bional \u00een mintea noastr\u0103. Promoveaz\u0103 g\u00e2ndirea ra\u021bional\u0103, obiectivitatea, intui\u021bia \u0219i, \u00een acela\u0219i timp, cre\u0219te \u00eencrederea \u00een sine. Aceast\u0103 piatr\u0103 ne permite s\u0103 privim obiectiv \u00een sufletul nostru \u0219i s\u0103 ne evalu\u0103m punctele tari \u0219i punctele slabe \u0219i, mai presus de toate, s\u0103 g\u0103sim sursa motiva\u021biei noastre.<br \/>\nSodalitul ajut\u0103 la prevenirea panicii \u0219i disper\u0103rii. Sodalitul ne protejeaz\u0103 de conflicte \u0219i ajut\u0103 la realizarea compromisurilor. Dac\u0103 aceast\u0103 piatr\u0103 este prezent\u0103 \u00een timpul muncii \u00een echip\u0103, ea aduce armonie, solidaritate \u0219i con\u0219tientizare a obiectivului comun.<\/p>\n<p>Element:\u00a0<strong>Ap\u0103, aer<\/strong><\/p>\n<p>Semn zodiacal: <strong>S\u0103get\u0103tor, Scorpion, Fecioar\u0103<\/strong><\/p>\n<p dir=\"ltr\" data-placeholder=\"P\u0159eklad\">Br\u0103\u021bara armonizeaz\u0103 chakra g\u00e2tului \u0219i chakra celui de-al treilea ochi<\/p>\n<p dir=\"ltr\" data-placeholder=\"P\u0159eklad\"><img loading=\"lazy\" decoding=\"async\" class=\"alignnone wp-image-72747\" src=\"https:\/\/trimakasi.cz\/wp-content\/uploads\/2018\/07\/%C4%8Dakra5.jpg\" alt=\"Hrdeln\u00ed \u010dakra\" width=\"65\" height=\"70\" \/><img loading=\"lazy\" decoding=\"async\" class=\"alignnone wp-image-72748\" src=\"https:\/\/trimakasi.cz\/wp-content\/uploads\/2018\/07\/%C4%8Dakra6.jpg\" alt=\"\u010cakra t\u0159et\u00edho oka\" width=\"77\" height=\"73\" \/><\/p>\n<p dir=\"ltr\" data-placeholder=\"P\u0159eklad\"><a href=\"https:\/\/trimakasi.eu\/ro\/vlog\/\"><u>Vizita\u021bi blogul nostru video pentru a descoperi conexiunile dintre pietre pre\u021bioase, semne zodiacale, chakre \u0219i multe altele.<\/u><\/a><\/p>","protected":false},"excerpt":{"rendered":"<p>Colier sodalit cu pandantiv trident din otel inoxidabil, inspirat din adancurile oceanului. Porne\u0219te \u00eentr-o c\u0103utare a libert\u0103\u021bii \u0219i a individualit\u0103\u021bii.<\/p>\n<p>Sodalitul este cheia armoniei interioare, deschiz\u00e2nd por\u021bile g\u00e2ndirii libere \u0219i eliber\u00e2ndu-ne de prejudec\u0103\u021bile inutile.<\/p>\n<p>Fiecare piatr\u0103 are o poveste; las\u0103-l pe acesta s\u0103-l spun\u0103 pe al t\u0103u.<\/p>\n<p>Designul f\u0103r\u0103 sudur\u0103 al colierului permite ca acesta s\u0103 fie plasat direct deasupra capului. Lungimea colierului este de 69 cm.<br \/>\nAfla\u021bi mai multe despre Sodalite de mai jos.<\/p>","protected":false},"featured_media":165829,"comment_status":"open","ping_status":"closed","template":"","meta":{"_acf_changed":false,"_themeisle_gutenberg_block_has_review":false},"product_brand":[],"product_cat":[1064,1150,1690],"product_tag":[],"class_list":{"0":"post-166032","1":"product","2":"type-product","3":"status-publish","4":"has-post-thumbnail","6":"product_cat-mens-jewellery","7":"product_cat-necklaces-for-men","8":"product_cat-necklaces","10":"first","11":"instock","12":"taxable","13":"shipping-taxable","14":"purchasable","15":"product-type-simple"},"acf":[],"_links":{"self":[{"href":"https:\/\/trimakasi.eu\/ro\/wp-json\/wp\/v2\/product\/166032","targetHints":{"allow":["GET"]}}],"collection":[{"href":"https:\/\/trimakasi.eu\/ro\/wp-json\/wp\/v2\/product"}],"about":[{"href":"https:\/\/trimakasi.eu\/ro\/wp-json\/wp\/v2\/types\/product"}],"replies":[{"embeddable":true,"href":"https:\/\/trimakasi.eu\/ro\/wp-json\/wp\/v2\/comments?post=166032"}],"wp:featuredmedia":[{"embeddable":true,"href":"https:\/\/trimakasi.eu\/ro\/wp-json\/wp\/v2\/media\/165829"}],"wp:attachment":[{"href":"https:\/\/trimakasi.eu\/ro\/wp-json\/wp\/v2\/media?parent=166032"}],"wp:term":[{"taxonomy":"product_brand","embeddable":true,"href":"https:\/\/trimakasi.eu\/ro\/wp-json\/wp\/v2\/product_brand?post=166032"},{"taxonomy":"product_cat","embeddable":true,"href":"https:\/\/trimakasi.eu\/ro\/wp-json\/wp\/v2\/product_cat?post=166032"},{"taxonomy":"product_tag","embeddable":true,"href":"https:\/\/trimakasi.eu\/ro\/wp-json\/wp\/v2\/product_tag?post=166032"}],"curies":[{"name":"wp","href":"https:\/\/api.w.org\/{rel}","templated":true}]}}