{"id":166008,"date":"2021-01-12T13:54:29","date_gmt":"2021-01-12T12:54:29","guid":{"rendered":"https:\/\/trimakasi.eu\/?post_type=product&#038;p=166008"},"modified":"2026-03-14T14:43:12","modified_gmt":"2026-03-14T13:43:12","slug":"colier-trident-pentru-barbati","status":"publish","type":"product","link":"https:\/\/trimakasi.eu\/ro\/product\/trident-necklace-for-men\/","title":{"rendered":"Colier trident pentru barbati"},"content":{"rendered":"<h3>Colier trident<\/h3>\n<p>Tridentul: Simbolul Majestuos al lui Poseidon, zeul grecesc antic al m\u0103rilor, \u00eentruchipeaz\u0103 puterea \u0219i st\u0103p\u00e2nirea. Acest instrument ia permis lui Poseidon s\u0103 controleze oceanele, s\u0103 evoce valuri \u0219i furtuni \u0219i s\u0103 schimbe continentele. Ca emblem\u0103 a mitologiei grece\u0219ti, tridentul este o reamintire puternic\u0103 a unei ere pline de zei \u0219i eroi, vie\u021bile lor \u021besute \u00een pove\u0219ti pline de aventur\u0103. Purtarea tridentului v\u0103 permite s\u0103 v\u0103 conecta\u021bi cu aceast\u0103 mitologie antic\u0103, s\u0103rb\u0103torind o perioad\u0103 de mit \u0219i legende.<\/p>","protected":false},"excerpt":{"rendered":"<p>Colier pentru b\u0103rba\u021bi \u201eTrident\u201d: un simbol al puterii lui Poseidon, conduc\u0103torul m\u0103rilor. \u00cen m\u00e2inile lui Poseidon, tridentul era un simbol al puterii \u0219i st\u0103p\u00e2nirii. Acum, poate servi drept amuleta ta, \u00eentruchip\u00e2nd puterea interioar\u0103 \u0219i conect\u00e2ndu-te la istoria antic\u0103.\u201d<\/p>\n<p>Lungimea lan\u021bului este reglabil\u0103 61-66cm iar colierul va fi livrat \u00eentr-o geant\u0103 de protec\u021bie din piele intoarsa cu sigla Trimakasi.<\/p>\n<p>Bijuterii extrem de durabile; material lan\u021b:<\/p>\n<p>Varianta argintie: otel inoxidabil lustruit<\/p>\n<p>Varianta aur: o\u021bel inoxidabil placat cu aur cu PVD aur de 18K<\/p>","protected":false},"featured_media":165825,"comment_status":"closed","ping_status":"closed","template":"","meta":{"_acf_changed":false,"_themeisle_gutenberg_block_has_review":false},"product_brand":[],"product_cat":[1064,1150,1690],"product_tag":[],"class_list":{"0":"post-166008","1":"product","2":"type-product","3":"status-publish","4":"has-post-thumbnail","6":"product_cat-mens-jewellery","7":"product_cat-necklaces-for-men","8":"product_cat-necklaces","10":"first","11":"instock","12":"taxable","13":"shipping-taxable","14":"purchasable","15":"product-type-variable","16":"has-default-attributes"},"acf":[],"_links":{"self":[{"href":"https:\/\/trimakasi.eu\/ro\/wp-json\/wp\/v2\/product\/166008","targetHints":{"allow":["GET"]}}],"collection":[{"href":"https:\/\/trimakasi.eu\/ro\/wp-json\/wp\/v2\/product"}],"about":[{"href":"https:\/\/trimakasi.eu\/ro\/wp-json\/wp\/v2\/types\/product"}],"replies":[{"embeddable":true,"href":"https:\/\/trimakasi.eu\/ro\/wp-json\/wp\/v2\/comments?post=166008"}],"wp:featuredmedia":[{"embeddable":true,"href":"https:\/\/trimakasi.eu\/ro\/wp-json\/wp\/v2\/media\/165825"}],"wp:attachment":[{"href":"https:\/\/trimakasi.eu\/ro\/wp-json\/wp\/v2\/media?parent=166008"}],"wp:term":[{"taxonomy":"product_brand","embeddable":true,"href":"https:\/\/trimakasi.eu\/ro\/wp-json\/wp\/v2\/product_brand?post=166008"},{"taxonomy":"product_cat","embeddable":true,"href":"https:\/\/trimakasi.eu\/ro\/wp-json\/wp\/v2\/product_cat?post=166008"},{"taxonomy":"product_tag","embeddable":true,"href":"https:\/\/trimakasi.eu\/ro\/wp-json\/wp\/v2\/product_tag?post=166008"}],"curies":[{"name":"wp","href":"https:\/\/api.w.org\/{rel}","templated":true}]}}