{"id":165934,"date":"2022-12-05T06:19:48","date_gmt":"2022-12-05T05:19:48","guid":{"rendered":"https:\/\/trimakasi.eu\/?post_type=product&#038;p=165934"},"modified":"2024-12-10T21:27:41","modified_gmt":"2024-12-10T20:27:41","slug":"colier-rubin-picatura-de-pasiune","status":"publish","type":"product","link":"https:\/\/trimakasi.eu\/ro\/product\/ruby-necklace-drop-of-passion\/","title":{"rendered":"Colier cu rubin \u2013 Pic\u0103tura Pasiunii"},"content":{"rendered":"<h3>Rubin<\/h3>\n<p>Rubinul, ca \u0219i safirul albastru, este o varietate de silicat de corund mineral - alumin\u0103, care \u0219i-a c\u00e2\u0219tigat culoarea datorit\u0103 ad\u0103ug\u0103rii de crom, fier \u0219i titan.<\/p>\n<p>Energia intens\u0103 a rubinului acutizeaz\u0103 mintea, extinde con\u0219tiin\u021ba \u0219i stimuleaz\u0103 concentrarea. Promoveaz\u0103 curajul \u0219i ajut\u0103 la suprimarea fricii de fenomenul supranatural \u0219i de co\u0219maruri. De asemenea, poate provoca creativitate \u0219i deschide u\u0219a \u00eencuiat\u0103 \u00een mintea uman\u0103 \u00een care altfel nu am \u00eendr\u0103zni s\u0103 intr\u0103m.<\/p>\n<p>Legendele sugereaz\u0103 c\u0103 exist\u0103 un foc nemuritor care arde \u00een rubin, care poate speria persoanele negative, manipulatorii \u0219i vampirii emo\u021bionali din \u00eemprejurimile noastre. Puterea de foc a rubinului se crede, de asemenea, c\u0103 poate proteja casa de intru\u0219i \u0219i de for\u021bele malefice. Hindu\u0219ii cred c\u0103 str\u0103lucirea ro\u0219ie a rubinului care provine dintr-o flac\u0103r\u0103 etern\u0103 care nu poate fi stins\u0103 de niciun muritor. Pentru budi\u0219ti, rubinul este cel mai valoros cadou pentru cinstirea lui Buddha.<\/p>\n<p>La fel ca granatul, rubinul este cunoscut ca piatra pasiunii. Dezvolt\u0103 iubirea fizic\u0103 \u00een r\u00e2ndul iubitorilor \u0219i stimuleaz\u0103 pasiunea sexual\u0103. Se pare c\u0103 ac\u021bioneaz\u0103 \u0219i ca afrodiziac pentru b\u0103rba\u021bi.<\/p>\n<p>Tara de origine: <strong>Birmania<\/strong><\/p>\n<p>Element: <strong>Foc<\/strong><\/p>\n<p>Semne zodiacale: <strong>Leu, Scorpion, Rac, S\u0103get\u0103tor, Pe\u0219ti<\/strong><\/p>\n<p>Br\u0103\u021bara armonizeaz\u0103 chakra r\u0103d\u0103cin\u0103, chakra inimii \u0219i chakra coroanei<\/p>\n<p><a href=\"https:\/\/trimakasi.eu\/wp-content\/uploads\/\u010dakra1.jpg\"><img loading=\"lazy\" decoding=\"async\" class=\"alignnone size-full wp-image-138513\" src=\"https:\/\/trimakasi.eu\/wp-content\/uploads\/\u010dakra1.jpg\" alt=\"Chakra r\u0103d\u0103cinii\" width=\"81\" height=\"88\" srcset=\"https:\/\/trimakasi.eu\/wp-content\/uploads\/\u010dakra1.jpg 81w, https:\/\/trimakasi.eu\/wp-content\/uploads\/\u010dakra1-11x12.jpg 11w\" sizes=\"auto, (max-width: 81px) 100vw, 81px\" \/><\/a><a href=\"https:\/\/trimakasi.eu\/wp-content\/uploads\/2020\/07\/\u010dakra4.jpg\"><img loading=\"lazy\" decoding=\"async\" class=\"alignnone size-full wp-image-83566\" src=\"https:\/\/trimakasi.eu\/wp-content\/uploads\/2020\/07\/\u010dakra4.jpg\" alt=\"Chakra inimii\" width=\"79\" height=\"93\" srcset=\"https:\/\/trimakasi.eu\/wp-content\/uploads\/2020\/07\/\u010dakra4.jpg 79w, https:\/\/trimakasi.eu\/wp-content\/uploads\/2020\/07\/\u010dakra4-10x12.jpg 10w\" sizes=\"auto, (max-width: 79px) 100vw, 79px\" \/><\/a><a href=\"https:\/\/trimakasi.eu\/wp-content\/uploads\/crown-chakra.jpg\"><img loading=\"lazy\" decoding=\"async\" class=\"alignnone size-full wp-image-132743\" src=\"https:\/\/trimakasi.eu\/wp-content\/uploads\/crown-chakra.jpg\" alt=\"\" width=\"92\" height=\"102\" srcset=\"https:\/\/trimakasi.eu\/wp-content\/uploads\/crown-chakra.jpg 92w, https:\/\/trimakasi.eu\/wp-content\/uploads\/crown-chakra-11x12.jpg 11w\" sizes=\"auto, (max-width: 92px) 100vw, 92px\" \/><\/a><\/p>\n<p><a href=\"https:\/\/trimakasi.eu\/ro\/vlog\/\"><u>Vizita\u021bi blogul nostru video pentru a descoperi conexiunile dintre pietre pre\u021bioase, semne zodiacale, chakre \u0219i multe altele.<\/u><\/a><\/p>","protected":false},"excerpt":{"rendered":"<p>Un colier rafinat de rubin pentru femei, fa\u021betat \u00eentr-o form\u0103 ideal\u0103 de pic\u0103tur\u0103. \u00cendr\u0103goste\u0219te-te de farmecul s\u0103u atemporal \u0219i bucur\u0103-te de distinc\u021bia pe care o aduce colec\u021biei tale pentru anii urm\u0103tori.<\/p>\n<p>\u201ePic\u0103tura de pasiune\u201d se sprijin\u0103 u\u0219or pe pielea ta, trezind vise ad\u00e2nc \u00eenr\u0103d\u0103cinate \u0219i hot\u0103r\u00e2re. Nu este doar un accesoriu; este un simbol al motiva\u021biei \u0219i curajului, care te propulseaz\u0103 \u00eenainte pentru a-\u021bi \u00eendeplini visele cu o determinare neclintit\u0103.<\/p>\n<p>Lan\u021bul are o lungime reglabil\u0103 de 46-52 cm, este fabricat din o\u021bel inoxidabil \u0219i acoperit cu aur autentic de 18k folosind metoda PVD pentru durabilitate de lung\u0103 durat\u0103. Dimensiunea pandantivului minimalist este de aproximativ 0,6 x 1,2 cm. Colierul vine \u00eentr-o cutie roz luxoas\u0103 cu sigla Trimakasi, f\u0103c\u00e2ndu-l un cadou perfect.<\/p>","protected":false},"featured_media":165875,"comment_status":"open","ping_status":"closed","template":"","meta":{"_acf_changed":false,"_themeisle_gutenberg_block_has_review":false},"product_brand":[],"product_cat":[569,1690,1149,1316,553],"product_tag":[],"class_list":{"0":"post-165934","1":"product","2":"type-product","3":"status-publish","4":"has-post-thumbnail","6":"product_cat-minimalist-jewellery-for-women","7":"product_cat-necklaces","8":"product_cat-necklaces-for-women","9":"product_cat-rare-gemstone-bracelets","10":"product_cat-womens-jewellery","12":"first","13":"outofstock","14":"taxable","15":"shipping-taxable","16":"purchasable","17":"product-type-variable","18":"has-default-attributes"},"acf":[],"_links":{"self":[{"href":"https:\/\/trimakasi.eu\/ro\/wp-json\/wp\/v2\/product\/165934","targetHints":{"allow":["GET"]}}],"collection":[{"href":"https:\/\/trimakasi.eu\/ro\/wp-json\/wp\/v2\/product"}],"about":[{"href":"https:\/\/trimakasi.eu\/ro\/wp-json\/wp\/v2\/types\/product"}],"replies":[{"embeddable":true,"href":"https:\/\/trimakasi.eu\/ro\/wp-json\/wp\/v2\/comments?post=165934"}],"wp:featuredmedia":[{"embeddable":true,"href":"https:\/\/trimakasi.eu\/ro\/wp-json\/wp\/v2\/media\/165875"}],"wp:attachment":[{"href":"https:\/\/trimakasi.eu\/ro\/wp-json\/wp\/v2\/media?parent=165934"}],"wp:term":[{"taxonomy":"product_brand","embeddable":true,"href":"https:\/\/trimakasi.eu\/ro\/wp-json\/wp\/v2\/product_brand?post=165934"},{"taxonomy":"product_cat","embeddable":true,"href":"https:\/\/trimakasi.eu\/ro\/wp-json\/wp\/v2\/product_cat?post=165934"},{"taxonomy":"product_tag","embeddable":true,"href":"https:\/\/trimakasi.eu\/ro\/wp-json\/wp\/v2\/product_tag?post=165934"}],"curies":[{"name":"wp","href":"https:\/\/api.w.org\/{rel}","templated":true}]}}