{"id":165907,"date":"2023-12-02T18:56:59","date_gmt":"2023-12-02T17:56:59","guid":{"rendered":"https:\/\/trimakasi.eu\/?post_type=product&#038;p=165907"},"modified":"2025-09-11T09:04:55","modified_gmt":"2025-09-11T07:04:55","slug":"citrin-colier-picatura-de-fericire","status":"publish","type":"product","link":"https:\/\/trimakasi.eu\/ro\/product\/citrine-necklace-drop-of-happiness\/","title":{"rendered":"Colier cu citrin \u2013 Pic\u0103tur\u0103 de fericire"},"content":{"rendered":"<h3>Citrin<\/h3>\n<p>Citrinul rezoneaz\u0103 cu vibra\u021biile energiei Soarelui \u0219i \u00eei ajut\u0103 pe oameni s\u0103 dep\u0103\u0219easc\u0103 depresia, frica \u0219i fobiile. Acest mineral se poate \u00eenc\u0103lzi \u00een inim\u0103, poate stimula g\u00e2ndirea creativ\u0103 \u0219i, de asemenea, voin\u021ba uman\u0103. Aduce mintea \u0219i energia corpului Soarelui.<\/p>\n<p>Citrinul era denumit \u201ePiatra negustorului\u201d \u0219i acc. la legende poate atrage bog\u0103\u021bia, prosperitatea \u0219i succesul. S-a mai spus c\u0103 \u00eencurajeaz\u0103 generozitatea \u0219i efortul de a face ferici\u021bi ceilal\u021bi. Acest mineral stimuleaz\u0103 fluxul de bani care trece prin portofel. Este potrivit mai ales pentru persoanele care sunt pe cale s\u0103 \u00eenceap\u0103 o nou\u0103 afacere sau investi\u021bie.<\/p>\n<p>Conform legendelor chineze, citrinul este \u201epiatra succesului\u201d \u0219i ar trebui s\u0103 fie dat doar oamenilor genero\u0219i. Bijuteriile citrine au fost profund apreciate de \u00eemp\u0103ra\u021bii chinezi antici pentru puterea lor de a cre\u0219te abilit\u0103\u021bile intelectuale \u0219i de a-\u0219i extinde mintea.<\/p>\n<p>Tara de origine: <strong>Brazilia<\/strong><\/p>\n<p>Element: <strong>Foc<\/strong><\/p>\n<p>Semn zodiacal: <strong>Leu, Berbec, Rac, Fecioar\u0103, Balan\u021b\u0103<\/strong><\/p>\n<p>Br\u0103\u021bara armonizeaz\u0103 chakra plexului solar, chakra sacral\u0103<\/p>\n<p><a href=\"https:\/\/trimakasi.eu\/wp-content\/uploads\/2020\/07\/\u010dakra3.jpg\"><img loading=\"lazy\" decoding=\"async\" class=\"alignnone size-full wp-image-83567\" src=\"https:\/\/trimakasi.eu\/wp-content\/uploads\/2020\/07\/\u010dakra3.jpg\" alt=\"Chakra plexului solar\" width=\"77\" height=\"86\" srcset=\"https:\/\/trimakasi.eu\/wp-content\/uploads\/2020\/07\/\u010dakra3.jpg 77w, https:\/\/trimakasi.eu\/wp-content\/uploads\/2020\/07\/\u010dakra3-11x12.jpg 11w\" sizes=\"auto, (max-width: 77px) 100vw, 77px\" \/><\/a><a href=\"https:\/\/trimakasi.eu\/wp-content\/uploads\/\u010dakra2.jpg\"><img loading=\"lazy\" decoding=\"async\" class=\"alignnone size-full wp-image-138514\" src=\"https:\/\/trimakasi.eu\/wp-content\/uploads\/\u010dakra2.jpg\" alt=\"Chakra sacral\u0103\" width=\"76\" height=\"96\" srcset=\"https:\/\/trimakasi.eu\/wp-content\/uploads\/\u010dakra2.jpg 76w, https:\/\/trimakasi.eu\/wp-content\/uploads\/\u010dakra2-10x12.jpg 10w\" sizes=\"auto, (max-width: 76px) 100vw, 76px\" \/><\/a><\/p>\n<p><a href=\"https:\/\/trimakasi.eu\/ro\/vlog\/\"><u>Vizita\u021bi blogul nostru video pentru a descoperi conexiunile dintre pietre pre\u021bioase, semne zodiacale, chakre \u0219i multe altele.<\/u><\/a><\/p>","protected":false},"excerpt":{"rendered":"<p>Colierul pentru femei cu citrin autentic, fa\u021betat cu m\u0103iestrie \u00een forma unei pic\u0103turi elegante, v\u0103 va \u00eensenina fiecare zi cu str\u0103lucirea sa unic\u0103.<\/p>\n<p>Acest \u201ePic\u0103tur\u0103 de fericire\u201d aduce bucurie \u0219i optimism \u00een via\u021ba ta. Nuan\u021bele galbene str\u0103lucitoare ale citrinului \u0219i reflexele sale str\u0103lucitoare ajut\u0103 la cre\u0219terea \u00eencrederii \u00een sine \u0219i la atragerea unor schimb\u0103ri pozitive \u00een via\u021ba ta.<\/p>\n<p>Lan\u021bul are o lungime reglabil\u0103 de 46-52 cm, este fabricat din o\u021bel inoxidabil \u0219i acoperit cu aur autentic de 18k folosind metoda PVD pentru durabilitate de lung\u0103 durat\u0103. Dimensiunea pandantivului minimalist este de aproximativ 0,6x 1,2cm. Colierul vine \u00eentr-o cutie roz luxoas\u0103 cu sigla Trimakasi, f\u0103c\u00e2ndu-l un cadou perfect.<\/p>","protected":false},"featured_media":165884,"comment_status":"open","ping_status":"closed","template":"","meta":{"_acf_changed":false,"_themeisle_gutenberg_block_has_review":false},"product_brand":[],"product_cat":[569,1149,1690,553],"product_tag":[],"class_list":{"0":"post-165907","1":"product","2":"type-product","3":"status-publish","4":"has-post-thumbnail","6":"product_cat-minimalist-jewellery-for-women","7":"product_cat-necklaces-for-women","8":"product_cat-necklaces","9":"product_cat-womens-jewellery","11":"first","12":"outofstock","13":"taxable","14":"shipping-taxable","15":"purchasable","16":"product-type-variable","17":"has-default-attributes"},"acf":[],"_links":{"self":[{"href":"https:\/\/trimakasi.eu\/ro\/wp-json\/wp\/v2\/product\/165907","targetHints":{"allow":["GET"]}}],"collection":[{"href":"https:\/\/trimakasi.eu\/ro\/wp-json\/wp\/v2\/product"}],"about":[{"href":"https:\/\/trimakasi.eu\/ro\/wp-json\/wp\/v2\/types\/product"}],"replies":[{"embeddable":true,"href":"https:\/\/trimakasi.eu\/ro\/wp-json\/wp\/v2\/comments?post=165907"}],"wp:featuredmedia":[{"embeddable":true,"href":"https:\/\/trimakasi.eu\/ro\/wp-json\/wp\/v2\/media\/165884"}],"wp:attachment":[{"href":"https:\/\/trimakasi.eu\/ro\/wp-json\/wp\/v2\/media?parent=165907"}],"wp:term":[{"taxonomy":"product_brand","embeddable":true,"href":"https:\/\/trimakasi.eu\/ro\/wp-json\/wp\/v2\/product_brand?post=165907"},{"taxonomy":"product_cat","embeddable":true,"href":"https:\/\/trimakasi.eu\/ro\/wp-json\/wp\/v2\/product_cat?post=165907"},{"taxonomy":"product_tag","embeddable":true,"href":"https:\/\/trimakasi.eu\/ro\/wp-json\/wp\/v2\/product_tag?post=165907"}],"curies":[{"name":"wp","href":"https:\/\/api.w.org\/{rel}","templated":true}]}}