{"id":165070,"date":"2023-09-30T10:42:59","date_gmt":"2023-09-30T08:42:59","guid":{"rendered":"https:\/\/trimakasi.eu\/?post_type=product&#038;p=165070"},"modified":"2024-07-28T13:31:35","modified_gmt":"2024-07-28T11:31:35","slug":"orez-perla-bratara","status":"publish","type":"product","link":"https:\/\/trimakasi.eu\/ro\/product\/rice-pearl-bracelet\/","title":{"rendered":"Bratara cu perle de orez"},"content":{"rendered":"<h3>Perle de orez de ap\u0103 dulce<\/h3>\n<p>Perlele de orez au o form\u0103 \u0219i o dimensiune caracteristic\u0103 asem\u0103n\u0103toare boabelor de orez. Forma lor delicat\u0103 \u0219i alungit\u0103 le confer\u0103 un aspect \u0219i o elegan\u021b\u0103 neobi\u0219nuite.<br \/>\n\u00cen mod tradi\u021bional, sunt un simbol al delicate\u021bii, feminit\u0103\u021bii \u0219i perfec\u021biunii \u00een Asia. Ele sunt asociate cu puritatea \u0219i armonia \u0219i sunt adesea recunoscute ca talismane pentru noroc \u0219i protec\u021bie.<\/p>\n<p>Perlele naturale sunt un accesoriu de mod\u0103 atemporal care va atrage aten\u021bia garantat! Ei eman\u0103 un temperament elegant \u0219i sunt un simbol al s\u0103n\u0103t\u0103\u021bii, purit\u0103\u021bii, prosperit\u0103\u021bii \u0219i norocului. Fiecare perl\u0103 este rezultatul unui proces pe termen lung \u00een natur\u0103 \u0219i poart\u0103 o poveste unic\u0103 care este \u00eenregistrat\u0103 \u00een straturile sale.<\/p>\n<p>Achizi\u021bion\u00e2nd bijuterii din perle de ap\u0103 dulce (de r\u00e2u), faci \u0219i o alegere etic\u0103. Spre deosebire de perlele marine, a c\u0103ror recoltare poate fi d\u0103un\u0103toare ecosistemului marin, perlele de ap\u0103 dulce sunt cultivate \u00een r\u00e2uri \u0219i lacuri, ceea ce este mai ecologic. Investi\u021bia \u00een bijuterii cu perle de ap\u0103 dulce este o investi\u021bie \u00een frumuse\u021bea de durat\u0103. \u00cen timp, luciul lor nu se diminueaz\u0103, ci mai degrab\u0103 cre\u0219te, d\u00e2ndu-le un sens mai profund \u0219i mai bogat.<\/p>\n<p>Perlele naturale sunt un accesoriu de mod\u0103 atemporal \u0219i sunt un simbol al s\u0103n\u0103t\u0103\u021bii, purit\u0103\u021bii, prosperit\u0103\u021bii \u0219i fericirii.<\/p>\n<p>Fiecare perl\u0103 este original\u0103 prin culoare, form\u0103 \u0219i dimensiune.<\/p>\n<p>Perlele pot ajuta la restabilirea complet\u0103 a echilibrului \u0219i a ritmului natural al corpului.<\/p>\n<p>Element: <strong>Ap\u0103<\/strong><\/p>\n<p>Semne zodiacale: <strong>Gemeni, Rac, Balan\u021b\u0103, Capricorn \u0219i Pe\u0219ti<\/strong><\/p>\n<p>Br\u0103\u021bara armonizeaz\u0103 toate chakrele, dar \u00een principal chakra Inim\u0103 \u0219i Coroan\u0103:<\/p>\n<p><a href=\"https:\/\/trimakasi.eu\/wp-content\/uploads\/2020\/07\/\u010dakra4.jpg\"><img loading=\"lazy\" decoding=\"async\" class=\"alignnone size-full wp-image-83566\" src=\"https:\/\/trimakasi.eu\/wp-content\/uploads\/2020\/07\/\u010dakra4.jpg\" alt=\"Chakra inimii\" width=\"79\" height=\"93\" srcset=\"https:\/\/trimakasi.eu\/wp-content\/uploads\/2020\/07\/\u010dakra4.jpg 79w, https:\/\/trimakasi.eu\/wp-content\/uploads\/2020\/07\/\u010dakra4-10x12.jpg 10w\" sizes=\"auto, (max-width: 79px) 100vw, 79px\" \/><\/a><img loading=\"lazy\" decoding=\"async\" class=\"alignnone wp-image-74571\" src=\"https:\/\/trimakasi.eu\/wp-content\/uploads\/2019\/05\/akra7.jpg\" alt=\"\" width=\"78\" height=\"86\" srcset=\"https:\/\/trimakasi.eu\/wp-content\/uploads\/2019\/05\/akra7.jpg 92w, https:\/\/trimakasi.eu\/wp-content\/uploads\/2019\/05\/akra7-11x12.jpg 11w\" sizes=\"auto, (max-width: 78px) 100vw, 78px\" \/><\/p>\n<p><a href=\"https:\/\/trimakasi.eu\/ro\/vlog\/\"><u>Vizita\u021bi blogul nostru video pentru a descoperi conexiunile dintre pietre pre\u021bioase, semne zodiacale, chakre \u0219i multe altele.<\/u><\/a><\/p>","protected":false},"excerpt":{"rendered":"<p>Bratara de perle din perle de rau selectate in forma si marimea boabelor de orez. Perlele de orez dau bratarii un aspect complet original, care depaseste bijuteriile obisnuite.<\/p>\n<p>Moda se schimb\u0103, dar perlele r\u0103m\u00e2n! Fiecare perl\u0103 este unic\u0103, nu exist\u0103 dou\u0103 la fel - la fel ca tine.<\/p>\n<p>Nu rata ocazia de a de\u021bine o bijuterie care este o m\u0103rturie a m\u0103iestriei naturii \u0219i care te va \u00eenso\u021bi \u00een c\u0103l\u0103toria ta prin via\u021b\u0103 cu elegan\u021b\u0103 \u0219i farmec.<\/p>\n<p>Cu m\u0103rimi reglabile, se potrive\u0219te fiec\u0103rei femei! Afla\u021bi mai multe despre perle mai jos.<\/p>","protected":false},"featured_media":165085,"comment_status":"open","ping_status":"closed","template":"","meta":{"_acf_changed":false,"_themeisle_gutenberg_block_has_review":false},"product_brand":[],"product_cat":[569,1717,1689,553],"product_tag":[],"class_list":{"0":"post-165070","1":"product","2":"type-product","3":"status-publish","4":"has-post-thumbnail","6":"product_cat-minimalist-jewellery-for-women","7":"product_cat-pearl-jewellery","8":"product_cat-simple-bracelets","9":"product_cat-womens-jewellery","11":"first","12":"instock","13":"taxable","14":"shipping-taxable","15":"purchasable","16":"product-type-variable","17":"has-default-attributes"},"acf":[],"_links":{"self":[{"href":"https:\/\/trimakasi.eu\/ro\/wp-json\/wp\/v2\/product\/165070","targetHints":{"allow":["GET"]}}],"collection":[{"href":"https:\/\/trimakasi.eu\/ro\/wp-json\/wp\/v2\/product"}],"about":[{"href":"https:\/\/trimakasi.eu\/ro\/wp-json\/wp\/v2\/types\/product"}],"replies":[{"embeddable":true,"href":"https:\/\/trimakasi.eu\/ro\/wp-json\/wp\/v2\/comments?post=165070"}],"wp:featuredmedia":[{"embeddable":true,"href":"https:\/\/trimakasi.eu\/ro\/wp-json\/wp\/v2\/media\/165085"}],"wp:attachment":[{"href":"https:\/\/trimakasi.eu\/ro\/wp-json\/wp\/v2\/media?parent=165070"}],"wp:term":[{"taxonomy":"product_brand","embeddable":true,"href":"https:\/\/trimakasi.eu\/ro\/wp-json\/wp\/v2\/product_brand?post=165070"},{"taxonomy":"product_cat","embeddable":true,"href":"https:\/\/trimakasi.eu\/ro\/wp-json\/wp\/v2\/product_cat?post=165070"},{"taxonomy":"product_tag","embeddable":true,"href":"https:\/\/trimakasi.eu\/ro\/wp-json\/wp\/v2\/product_tag?post=165070"}],"curies":[{"name":"wp","href":"https:\/\/api.w.org\/{rel}","templated":true}]}}