{"id":164400,"date":"2023-01-29T13:41:43","date_gmt":"2023-01-29T12:41:43","guid":{"rendered":"https:\/\/trimakasi.eu\/?post_type=product&#038;p=164400"},"modified":"2025-09-11T09:06:07","modified_gmt":"2025-09-11T07:06:07","slug":"colier-brut-turmalina-neagra-pentru-dame-cristal-vertical","status":"publish","type":"product","link":"https:\/\/trimakasi.eu\/ro\/product\/tourmaline-necklace-drop-of-protection\/","title":{"rendered":"Colier cu turmalina \u2013 Picatura de protectie"},"content":{"rendered":"<h3>Turmalin\u0103 neagr\u0103<\/h3>\n<p>Turmalina este un mineral tipic care provine de la temperaturile \u0219i presiunile ridicate din miezul p\u0103m\u00e2ntului \u0219i ajunge la suprafa\u021b\u0103 prin activitate vulcanic\u0103. O legend\u0103 antic\u0103 egiptean\u0103 men\u021bioneaz\u0103 c\u00e2t timp a trebuit s\u0103 c\u0103l\u0103toreasc\u0103 turmalina din centrul p\u0103m\u00e2ntului pentru a ajunge la suprafa\u021b\u0103. De asemenea, \u00een aceast\u0103 legend\u0103 este scris c\u0103 turmalina a trecut prin curcubeu \u0219i astfel apare \u00een multe culori. Acest lucru nu este deloc departe de adev\u0103r, deoarece aceast\u0103 bijuterie poate ap\u0103rea \u00eentr-o mul\u021bime de culori \u0219i nuan\u021be.<\/p>\n<p><span lang=\"en\" tabindex=\"0\">Onixul negru, turmalina neagr\u0103 \u0219i obsidianul negru sunt considerate pietre de protec\u021bie tradi\u021bionale datorit\u0103 culorii lor \u00eenchise. V\u0103 pot \u00eenconjura cu o atmosfer\u0103 protectoare care absoarbe toat\u0103 negativitatea din \u00eemprejurimile dumneavoastr\u0103. Mai presus de toate, ele ajut\u0103 la dep\u0103\u0219irea tiparelor de g\u00e2ndire negative care apar din cele mai debilitante \u0219i toxice emo\u021bii - din fric\u0103.<\/span><\/p>\n<p>Conform legendelor, turmalina neagr\u0103 este cunoscut\u0103 sub numele de \u201epiatr\u0103 de cur\u0103\u021bare\u201d pentru capacitatea sa de a cur\u0103\u021ba at\u00e2t corpul, c\u00e2t \u0219i sufletul de negativitate. Este \u00eenc\u0103 folosit de diver\u0219i \u0219amani \u0219i druizi din \u00eentreaga lume, \u00een special \u00een triburile native din Africa \u0219i America, ca piatr\u0103 de temelie a ritualurilor lor de vindecare \u00eempotriva bolilor mentale \u0219i fizice.<\/p>\n<p>Element: <strong>Ap\u0103<\/strong><\/p>\n<p>Semne zodiacale: <strong>Capricorn, Gemeni, Scorpion \u0219i Balan\u021b\u0103<\/strong><\/p>\n<p>Aceast\u0103 br\u0103\u021bar\u0103 armonizeaz\u0103 chakra r\u0103d\u0103cinii.<\/p>\n<p><img loading=\"lazy\" decoding=\"async\" class=\"alignnone wp-image-72742\" src=\"https:\/\/trimakasi.cz\/wp-content\/uploads\/2018\/08\/%C4%8Dakra1.jpg\" alt=\"Z\u00e1kladn\u00ed \u010dakra\" width=\"66\" height=\"72\" \/><\/p>\n<p><a href=\"https:\/\/trimakasi.eu\/ro\/vlog\/\"><u>Vizita\u021bi blogul nostru video pentru a descoperi conexiunile dintre pietre pre\u021bioase, semne zodiacale, chakre \u0219i multe altele.<\/u><\/a><\/p>","protected":false},"excerpt":{"rendered":"<p>V\u0103 prezent\u0103m colierul \u201eDrop of Protection\u201d, cu turmalin\u0103 neagr\u0103 autentic\u0103, fa\u021betat\u0103 \u00een form\u0103 elegant\u0103 de pic\u0103tur\u0103, simboliz\u00e2nd at\u00e2t elegan\u021ba, c\u00e2t \u0219i protec\u021bia. Turmalina neagr\u0103 este renumit\u0103 pentru propriet\u0103\u021bile sale protectoare, ajut\u00e2nd la alungarea energiei negative.<\/p>\n<p>Cu aceast\u0103 piatr\u0103 plasat\u0103 l\u00e2ng\u0103 inima ta, fiecare privire \u00een oglind\u0103 \u00ee\u021bi va aminti de importan\u021ba protej\u0103rii p\u0103cii \u0219i echilibrului t\u0103u interioar\u0103, care sunt cruciale pentru a lua zilnic deciziile corecte.<\/p>\n<p>Pandantiv cu turmalina pentru femei: Lantul are o lungime reglabila de 46-52 cm, este realizat din otel inoxidabil si placat cu aur real de 18K folosind metoda PVD pentru durabilitate de lunga durata. Dimensiunea picaturii minimaliste este de aprox. 0,6 x 1,2 cm. Colierul vine \u00eentr-o cutie roz luxoas\u0103 cu sigla Trimakasi, f\u0103c\u00e2ndu-l un cadou perfect.<\/p>","protected":false},"featured_media":173758,"comment_status":"open","ping_status":"closed","template":"","meta":{"_acf_changed":false,"_themeisle_gutenberg_block_has_review":false},"product_brand":[],"product_cat":[569,1149,1690,553],"product_tag":[],"class_list":{"0":"post-164400","1":"product","2":"type-product","3":"status-publish","4":"has-post-thumbnail","6":"product_cat-minimalist-jewellery-for-women","7":"product_cat-necklaces-for-women","8":"product_cat-necklaces","9":"product_cat-womens-jewellery","11":"first","12":"outofstock","13":"taxable","14":"shipping-taxable","15":"purchasable","16":"product-type-variable","17":"has-default-attributes"},"acf":[],"_links":{"self":[{"href":"https:\/\/trimakasi.eu\/ro\/wp-json\/wp\/v2\/product\/164400","targetHints":{"allow":["GET"]}}],"collection":[{"href":"https:\/\/trimakasi.eu\/ro\/wp-json\/wp\/v2\/product"}],"about":[{"href":"https:\/\/trimakasi.eu\/ro\/wp-json\/wp\/v2\/types\/product"}],"replies":[{"embeddable":true,"href":"https:\/\/trimakasi.eu\/ro\/wp-json\/wp\/v2\/comments?post=164400"}],"wp:featuredmedia":[{"embeddable":true,"href":"https:\/\/trimakasi.eu\/ro\/wp-json\/wp\/v2\/media\/173758"}],"wp:attachment":[{"href":"https:\/\/trimakasi.eu\/ro\/wp-json\/wp\/v2\/media?parent=164400"}],"wp:term":[{"taxonomy":"product_brand","embeddable":true,"href":"https:\/\/trimakasi.eu\/ro\/wp-json\/wp\/v2\/product_brand?post=164400"},{"taxonomy":"product_cat","embeddable":true,"href":"https:\/\/trimakasi.eu\/ro\/wp-json\/wp\/v2\/product_cat?post=164400"},{"taxonomy":"product_tag","embeddable":true,"href":"https:\/\/trimakasi.eu\/ro\/wp-json\/wp\/v2\/product_tag?post=164400"}],"curies":[{"name":"wp","href":"https:\/\/api.w.org\/{rel}","templated":true}]}}