{"id":162237,"date":"2022-08-07T20:40:56","date_gmt":"2022-08-07T18:40:56","guid":{"rendered":"https:\/\/trimakasi.eu\/?post_type=product&#038;p=162237"},"modified":"2024-03-25T18:18:23","modified_gmt":"2024-03-25T17:18:23","slug":"perla-simplu-bratara","status":"publish","type":"product","link":"https:\/\/trimakasi.eu\/ro\/product\/pearl-simple-bracelet\/","title":{"rendered":"Br\u0103\u021bar\u0103 simpl\u0103 Pearl"},"content":{"rendered":"<h3>Perla<\/h3>\n<p>Perlele naturale sunt un accesoriu de mod\u0103 atemporal \u0219i sunt un simbol al s\u0103n\u0103t\u0103\u021bii, purit\u0103\u021bii, prosperit\u0103\u021bii \u0219i fericirii.<\/p>\n<p>Fiecare perl\u0103 este original\u0103 prin culoare, form\u0103 \u0219i dimensiune.<\/p>\n<p>Perlele pot ajuta la restabilirea complet\u0103 a echilibrului \u0219i a ritmului natural al corpului.<\/p>\n<p>Element: <strong>Ap\u0103<\/strong><\/p>\n<p>Semne zodiacale: <strong>Gemeni, Rac, Balan\u021b\u0103, Capricorn \u0219i Pe\u0219ti<\/strong><\/p>\n<p>Br\u0103\u021bara armonizeaz\u0103 toate chakrele, dar \u00een principal chakra Inim\u0103 \u0219i Coroan\u0103:<\/p>\n<p><a href=\"https:\/\/trimakasi.eu\/wp-content\/uploads\/2020\/07\/\u010dakra4.jpg\"><img loading=\"lazy\" decoding=\"async\" class=\"alignnone size-full wp-image-83566\" src=\"https:\/\/trimakasi.eu\/wp-content\/uploads\/2020\/07\/\u010dakra4.jpg\" alt=\"Chakra inimii\" width=\"79\" height=\"93\" srcset=\"https:\/\/trimakasi.eu\/wp-content\/uploads\/2020\/07\/\u010dakra4.jpg 79w, https:\/\/trimakasi.eu\/wp-content\/uploads\/2020\/07\/\u010dakra4-10x12.jpg 10w\" sizes=\"auto, (max-width: 79px) 100vw, 79px\" \/><\/a><img loading=\"lazy\" decoding=\"async\" class=\"alignnone wp-image-74571\" src=\"https:\/\/trimakasi.eu\/wp-content\/uploads\/2019\/05\/akra7.jpg\" alt=\"\" width=\"78\" height=\"86\" srcset=\"https:\/\/trimakasi.eu\/wp-content\/uploads\/2019\/05\/akra7.jpg 92w, https:\/\/trimakasi.eu\/wp-content\/uploads\/2019\/05\/akra7-11x12.jpg 11w\" sizes=\"auto, (max-width: 78px) 100vw, 78px\" \/><\/p>\n<p><a href=\"https:\/\/trimakasi.eu\/ro\/vlog\/\"><u>Vizita\u021bi blogul nostru video pentru a descoperi conexiunile dintre pietre pre\u021bioase, semne zodiacale, chakre \u0219i multe altele.<\/u><\/a><\/p>","protected":false},"excerpt":{"rendered":"<p>Bratara cu perle este o bijuterie de lux care subliniaza frumusetea feminina, eleganta si in acelasi timp adauga un farmec aparte. Moda se schimb\u0103, dar perlele r\u0103m\u00e2n!<\/p>\n<p>Are dimensiuni reglabile , prin urmare, se potrive\u0219te tuturor femeilor.<\/p>\n<p>Afla\u021bi mai multe despre perlele de mai jos.<\/p>","protected":false},"featured_media":162241,"comment_status":"open","ping_status":"closed","template":"","meta":{"_acf_changed":false,"_themeisle_gutenberg_block_has_review":false},"product_brand":[],"product_cat":[569,1717,1689,553],"product_tag":[],"class_list":{"0":"post-162237","1":"product","2":"type-product","3":"status-publish","4":"has-post-thumbnail","6":"product_cat-minimalist-jewellery-for-women","7":"product_cat-pearl-jewellery","8":"product_cat-simple-bracelets","9":"product_cat-womens-jewellery","11":"first","12":"instock","13":"taxable","14":"shipping-taxable","15":"purchasable","16":"product-type-variable","17":"has-default-attributes"},"acf":[],"_links":{"self":[{"href":"https:\/\/trimakasi.eu\/ro\/wp-json\/wp\/v2\/product\/162237","targetHints":{"allow":["GET"]}}],"collection":[{"href":"https:\/\/trimakasi.eu\/ro\/wp-json\/wp\/v2\/product"}],"about":[{"href":"https:\/\/trimakasi.eu\/ro\/wp-json\/wp\/v2\/types\/product"}],"replies":[{"embeddable":true,"href":"https:\/\/trimakasi.eu\/ro\/wp-json\/wp\/v2\/comments?post=162237"}],"wp:featuredmedia":[{"embeddable":true,"href":"https:\/\/trimakasi.eu\/ro\/wp-json\/wp\/v2\/media\/162241"}],"wp:attachment":[{"href":"https:\/\/trimakasi.eu\/ro\/wp-json\/wp\/v2\/media?parent=162237"}],"wp:term":[{"taxonomy":"product_brand","embeddable":true,"href":"https:\/\/trimakasi.eu\/ro\/wp-json\/wp\/v2\/product_brand?post=162237"},{"taxonomy":"product_cat","embeddable":true,"href":"https:\/\/trimakasi.eu\/ro\/wp-json\/wp\/v2\/product_cat?post=162237"},{"taxonomy":"product_tag","embeddable":true,"href":"https:\/\/trimakasi.eu\/ro\/wp-json\/wp\/v2\/product_tag?post=162237"}],"curies":[{"name":"wp","href":"https:\/\/api.w.org\/{rel}","templated":true}]}}