{"id":162205,"date":"2021-02-07T18:46:18","date_gmt":"2021-02-07T17:46:18","guid":{"rendered":"https:\/\/trimakasi.eu\/?post_type=product&#038;p=162205"},"modified":"2024-06-28T22:35:43","modified_gmt":"2024-06-28T20:35:43","slug":"inima-trandafir-bratara-cuart","status":"publish","type":"product","link":"https:\/\/trimakasi.eu\/ro\/product\/heart-rose-quartz-bracelet\/","title":{"rendered":"Br\u0103\u021bar\u0103 din cuar\u021b rose inim\u0103"},"content":{"rendered":"<h3>Cuar\u021b rose<\/h3>\n<p>Aceast\u0103 piatr\u0103 este un simbol al iubirii, frumuse\u021bii \u0219i s\u0103n\u0103t\u0103\u021bii. Aceast\u0103 piatr\u0103 ne \u00eenva\u021b\u0103 r\u0103bdarea \u00een rezolvarea problemelor, iubirea de sine \u0219i d\u0103 putere s\u0103 iert\u0103m pe cei care ne-au r\u0103nit. Re\u00eenvie fantezia \u0219i g\u00e2ndirea creativ\u0103.<\/p>\n<p>Element:<strong> P\u0103m\u00e2nt<\/strong><\/p>\n<p>Semne zodiacale:<strong> Leu, Scorpion, Berbec, Rac, Taur, Capricorn<\/strong><\/p>\n<p>Br\u0103\u021bara armonizeaz\u0103 chakra inimii:<\/p>\n<p><a href=\"https:\/\/trimakasi.eu\/wp-content\/uploads\/2020\/07\/\u010dakra4.jpg\"><img loading=\"lazy\" decoding=\"async\" class=\"alignnone size-full wp-image-83566\" src=\"https:\/\/trimakasi.eu\/wp-content\/uploads\/2020\/07\/\u010dakra4.jpg\" alt=\"Chakra inimii\" width=\"79\" height=\"93\" srcset=\"https:\/\/trimakasi.eu\/wp-content\/uploads\/2020\/07\/\u010dakra4.jpg 79w, https:\/\/trimakasi.eu\/wp-content\/uploads\/2020\/07\/\u010dakra4-10x12.jpg 10w\" sizes=\"auto, (max-width: 79px) 100vw, 79px\" \/><\/a><\/p>\n<p><a href=\"https:\/\/trimakasi.eu\/ro\/vlog\/\"><u>Vizita\u021bi blogul nostru video pentru a descoperi conexiunile dintre pietre pre\u021bioase, semne zodiacale, chakre \u0219i multe altele.<\/u><\/a><\/p>","protected":false},"excerpt":{"rendered":"<p>Br\u0103\u021bar\u0103 decent\u0103 \u0219i confortabil\u0103 pe care nu ve\u021bi dori s\u0103 o scoate\u021bi!<\/p>\n<p>Fabricat din \u0219nur de m\u0103tase natural\u0103 de \u00eenalt\u0103 calitate \u0219i cuar\u021b trandafir \u00een form\u0103 de inim\u0103.<\/p>\n<p>Are dimensiuni reglabile , prin urmare, se potrive\u0219te tuturor femeilor.<\/p>\n<p>O bijuterie excelent\u0103 pentru armonizarea chakrei inimii!<\/p>\n<p>Afla\u021bi mai multe despre piatr\u0103 pre\u021bioas\u0103 de cuar\u021b trandafir de mai jos.<\/p>","protected":false},"featured_media":162207,"comment_status":"open","ping_status":"closed","template":"","meta":{"_acf_changed":false,"_themeisle_gutenberg_block_has_review":false},"product_brand":[],"product_cat":[569,1689,553],"product_tag":[],"class_list":{"0":"post-162205","1":"product","2":"type-product","3":"status-publish","4":"has-post-thumbnail","6":"product_cat-minimalist-jewellery-for-women","7":"product_cat-simple-bracelets","8":"product_cat-womens-jewellery","10":"first","11":"instock","12":"taxable","13":"shipping-taxable","14":"purchasable","15":"product-type-simple"},"acf":[],"_links":{"self":[{"href":"https:\/\/trimakasi.eu\/ro\/wp-json\/wp\/v2\/product\/162205","targetHints":{"allow":["GET"]}}],"collection":[{"href":"https:\/\/trimakasi.eu\/ro\/wp-json\/wp\/v2\/product"}],"about":[{"href":"https:\/\/trimakasi.eu\/ro\/wp-json\/wp\/v2\/types\/product"}],"replies":[{"embeddable":true,"href":"https:\/\/trimakasi.eu\/ro\/wp-json\/wp\/v2\/comments?post=162205"}],"wp:featuredmedia":[{"embeddable":true,"href":"https:\/\/trimakasi.eu\/ro\/wp-json\/wp\/v2\/media\/162207"}],"wp:attachment":[{"href":"https:\/\/trimakasi.eu\/ro\/wp-json\/wp\/v2\/media?parent=162205"}],"wp:term":[{"taxonomy":"product_brand","embeddable":true,"href":"https:\/\/trimakasi.eu\/ro\/wp-json\/wp\/v2\/product_brand?post=162205"},{"taxonomy":"product_cat","embeddable":true,"href":"https:\/\/trimakasi.eu\/ro\/wp-json\/wp\/v2\/product_cat?post=162205"},{"taxonomy":"product_tag","embeddable":true,"href":"https:\/\/trimakasi.eu\/ro\/wp-json\/wp\/v2\/product_tag?post=162205"}],"curies":[{"name":"wp","href":"https:\/\/api.w.org\/{rel}","templated":true}]}}