{"id":144744,"date":"2020-01-03T19:36:24","date_gmt":"2020-01-03T18:36:24","guid":{"rendered":"https:\/\/trimakasi.eu\/?post_type=product&#038;p=144744"},"modified":"2025-02-22T23:35:55","modified_gmt":"2025-02-22T22:35:55","slug":"auralit","status":"publish","type":"product","link":"https:\/\/trimakasi.eu\/ro\/product\/auralite\/","title":{"rendered":"Br\u0103\u021bara Auralit"},"content":{"rendered":"<h3>\u00a0Auralit \u2013 propriet\u0103\u021bi<\/h3>\n<p>Auralite este o piatr\u0103 vindec\u0103toare puternic descoperit\u0103 (2007), g\u0103sit\u0103 \u00eentr-o singur\u0103 localitate din lume. Aceast\u0103 piatr\u0103 pre\u021bioas\u0103 con\u021bine multe minerale \u0219i metale diferite: titanit, cacoxenit, lepidocrossit, ajolit, hematit, magnetit, pirit\u0103, goetit, pirrolusit, aur, argint, platin\u0103, nichel, cupru, fier, limonit, sfalerit, celit\u0103, calcopirit, gialit, epidot , bornit \u0219i rutile. Aceste impurit\u0103\u021bi metalice au p\u0103truns \u00een cristalele de auralit\u0103 datorit\u0103 impactului unui meteorit asupra zonei de origine.<\/p>\n<p>Materialul de baz\u0103 al acestei pietre pre\u021bioase este un cuar\u021b (\u00een mare parte ametist) cu o serie de impurit\u0103\u021bi rare men\u021bionate, datorit\u0103 c\u0103rora acest mineral apare \u00een diferite culori. Auralitul a fost identificat de oamenii de \u0219tiin\u021b\u0103 ca fiind cea mai veche piatr\u0103 pre\u021bioas\u0103 cristalin\u0103 din lume, care s-a format acum mai bine de 1,5 miliarde de ani \u00een momentul \u00een care au ap\u0103rut primele semne de via\u021b\u0103 pe P\u0103m\u00e2nt. Fiecare cristal este original, datorit\u0103 raportului diferit de impurit\u0103\u021bi.<\/p>\n<p>Este un mineral foarte rar, care din punct de vedere metafizic se datoreaz\u0103 complexit\u0103\u021bii sale considerate ca fiind unul dintre cele mai puternice cristale de pe P\u0103m\u00e2nt. Vibra\u021biile sale extrem de ridicate pot muta mintea uman\u0103 turbulent\u0103 \u00eentr-un loc lini\u0219tit, departe de anxietate \u0219i haos. Auralite ajut\u0103 oamenii \u00een evolu\u021bia lor spiritual\u0103 \u0219i \u00een extinderea con\u0219tiin\u021bei lor. Datorit\u0103 acestui fapt \u0219i datorit\u0103 numeroaselor propriet\u0103\u021bi metafizice, Auralitul este supranumit \u0219i \u201ePiatra noii con\u0219tiin\u021be\u201d.<\/p>\n<p>Tara de origine: <strong>Canada<\/strong><\/p>\n<p>Element: <strong>P\u0103m\u00e2nt, Foc, Ap\u0103, Aer<\/strong><\/p>\n<p>Semne zodiacale: <strong>Potrivit pentru fiecare semn zodiacal.<\/strong><\/p>\n<p>Br\u0103\u021bara armonizeaz\u0103 toate chakrele, dar \u00een principal chakra Coroanei:<\/p>\n<p><img loading=\"lazy\" decoding=\"async\" class=\"alignnone wp-image-74571\" src=\"https:\/\/trimakasi.eu\/wp-content\/uploads\/2019\/05\/akra7.jpg\" alt=\"\" width=\"68\" height=\"75\" srcset=\"https:\/\/trimakasi.eu\/wp-content\/uploads\/2019\/05\/akra7.jpg 92w, https:\/\/trimakasi.eu\/wp-content\/uploads\/2019\/05\/akra7-11x12.jpg 11w\" sizes=\"auto, (max-width: 68px) 100vw, 68px\" \/><\/p>\n<p><a href=\"https:\/\/trimakasi.eu\/ro\/vlog\/\"><u>Vizita\u021bi blogul nostru video pentru a descoperi conexiunile dintre pietre pre\u021bioase, semne zodiacale, chakre \u0219i multe altele.<\/u><\/a><\/p>","protected":false},"excerpt":{"rendered":"<p>Auralitul, cunoscut \u0219i sub denumirea de ametist ro\u0219u, este un amestec de cristale de cuar\u021b cu diferite cantit\u0103\u021bi de impurit\u0103\u021bi rare. Este una dintre cele mai vechi pietre pre\u021bioase cu propriet\u0103\u021bi metafizice foarte puternice. Afla\u021bi mai multe despre propriet\u0103\u021bile acestei pietre mai jos.<\/p>\n<p>Alege\u021bi br\u0103\u021bara dup\u0103 m\u0103rime \u0219i dup\u0103 culoarea ultimei m\u0103rgele.\u00a0<a href=\"https:\/\/trimakasi.eu\/ro\/cum-se-alege-marimea-bratarii\/\">Instruc\u021biunile despre cum s\u0103 alege\u021bi corect dimensiunea pot fi g\u0103site aici.<\/a><\/p>","protected":false},"featured_media":144765,"comment_status":"open","ping_status":"closed","template":"","meta":{"_acf_changed":false,"_themeisle_gutenberg_block_has_review":false},"product_brand":[],"product_cat":[1687,1064,554,1068,1316,553],"product_tag":[],"class_list":{"0":"post-144744","1":"product","2":"type-product","3":"status-publish","4":"has-post-thumbnail","6":"product_cat-elastic-bracelets","7":"product_cat-mens-jewellery","8":"product_cat-natural-gemstone-bracelets","9":"product_cat-natural-gemstone-bracelets-for-men","10":"product_cat-rare-gemstone-bracelets","11":"product_cat-womens-jewellery","13":"first","14":"instock","15":"taxable","16":"shipping-taxable","17":"purchasable","18":"product-type-variable","19":"has-default-attributes"},"acf":[],"_links":{"self":[{"href":"https:\/\/trimakasi.eu\/ro\/wp-json\/wp\/v2\/product\/144744","targetHints":{"allow":["GET"]}}],"collection":[{"href":"https:\/\/trimakasi.eu\/ro\/wp-json\/wp\/v2\/product"}],"about":[{"href":"https:\/\/trimakasi.eu\/ro\/wp-json\/wp\/v2\/types\/product"}],"replies":[{"embeddable":true,"href":"https:\/\/trimakasi.eu\/ro\/wp-json\/wp\/v2\/comments?post=144744"}],"wp:featuredmedia":[{"embeddable":true,"href":"https:\/\/trimakasi.eu\/ro\/wp-json\/wp\/v2\/media\/144765"}],"wp:attachment":[{"href":"https:\/\/trimakasi.eu\/ro\/wp-json\/wp\/v2\/media?parent=144744"}],"wp:term":[{"taxonomy":"product_brand","embeddable":true,"href":"https:\/\/trimakasi.eu\/ro\/wp-json\/wp\/v2\/product_brand?post=144744"},{"taxonomy":"product_cat","embeddable":true,"href":"https:\/\/trimakasi.eu\/ro\/wp-json\/wp\/v2\/product_cat?post=144744"},{"taxonomy":"product_tag","embeddable":true,"href":"https:\/\/trimakasi.eu\/ro\/wp-json\/wp\/v2\/product_tag?post=144744"}],"curies":[{"name":"wp","href":"https:\/\/api.w.org\/{rel}","templated":true}]}}