{"id":144289,"date":"2024-08-01T17:32:37","date_gmt":"2024-08-01T15:32:37","guid":{"rendered":"https:\/\/trimakasi.eu\/?post_type=product&#038;p=144289"},"modified":"2025-08-29T11:15:22","modified_gmt":"2025-08-29T09:15:22","slug":"piatra-lunii","status":"publish","type":"product","link":"https:\/\/trimakasi.eu\/ro\/product\/moonstone\/","title":{"rendered":"Br\u0103\u021bar\u0103 din piatr\u0103 de lun\u0103"},"content":{"rendered":"<h3>Piatra lunii \u2013 propriet\u0103\u021bi<\/h3>\n<p>Piatra lunii armonizeaz\u0103 emo\u021biile la nivelul subcon\u0219tientului uman, \u00eent\u0103re\u0219te semnificativ intui\u021bia \u0219i ne ajut\u0103 s\u0103 ne ascult\u0103m vocea interioar\u0103. Armonizarea profund\u0103 a emo\u021biilor are un puternic efect de vindecare asupra min\u021bii \u0219i corpului uman, deoarece ajut\u0103 la exprimarea, nu suprimarea, a emo\u021biilor blocate la nivelul subcon\u0219tientului nostru. Moonstone suprim\u0103, de asemenea, stresul asociat angajamentului ridicat de munc\u0103.<\/p>\n<p>Piatra lunii, cunoscut\u0103 \u00een India sub numele de \u201eChandra Kant Mani\u201d, este o piatr\u0103 sacr\u0103 a indienilor pentru care exprim\u0103 speran\u021b\u0103, puritate spiritual\u0103 \u0219i este un simbol al neg\u0103rii ego-ului. Potrivit indienilor, aceast\u0103 piatr\u0103 ajut\u0103 la combaterea materialismului \u0219i \u00eent\u0103re\u0219te credin\u021ba credincio\u0219ilor din toate religiile. \u00cen mitologia hindus\u0103, de exemplu, se crede c\u0103 piatra lunii s-a format prin pietrificarea razelor lunii.<\/p>\n<p>Este un mare dar de dragoste pentru femei, deoarece pe l\u00e2ng\u0103 armonizarea celorlalte emo\u021bii, treze\u0219te \u0219i dragostea. Aceast\u0103 piatr\u0103 pre\u021bioas\u0103 ajut\u0103 la armonizarea ritmurilor biologice ale corpului uman \u0219i afecteaz\u0103 sistemul reproductiv feminin: cre\u0219te fertilitatea, ajut\u0103 la problemele menstruale, echilibreaz\u0103 sistemul hormonal \u0219i elimin\u0103 reten\u021bia de lichide.<\/p>\n<p>Tara de origine: <strong>Sri Lanka<\/strong><\/p>\n<p>Element: <strong>Ap\u0103<\/strong><\/p>\n<p>Semne zodiacale: <strong>Rac, Gemeni, Pe\u0219ti, Scorpion<\/strong><\/p>\n<p>Aceast\u0103 br\u0103\u021bar\u0103 armonizeaz\u0103 chakra G\u00e2tului \u0219i Coroanei<\/p>\n<p><a href=\"https:\/\/trimakasi.eu\/wp-content\/uploads\/\u010dakra5.jpg\"><img loading=\"lazy\" decoding=\"async\" class=\"alignnone size-full wp-image-138515\" src=\"https:\/\/trimakasi.eu\/wp-content\/uploads\/\u010dakra5.jpg\" alt=\"Chakra g\u00e2tului\" width=\"81\" height=\"87\" srcset=\"https:\/\/trimakasi.eu\/wp-content\/uploads\/\u010dakra5.jpg 81w, https:\/\/trimakasi.eu\/wp-content\/uploads\/\u010dakra5-11x12.jpg 11w\" sizes=\"auto, (max-width: 81px) 100vw, 81px\" \/><\/a><a href=\"https:\/\/trimakasi.eu\/wp-content\/uploads\/crown-chakra.jpg\"><img loading=\"lazy\" decoding=\"async\" class=\"alignnone wp-image-132743\" src=\"https:\/\/trimakasi.eu\/wp-content\/uploads\/crown-chakra.jpg\" alt=\"\" width=\"82\" height=\"90\" srcset=\"https:\/\/trimakasi.eu\/wp-content\/uploads\/crown-chakra.jpg 92w, https:\/\/trimakasi.eu\/wp-content\/uploads\/crown-chakra-11x12.jpg 11w\" sizes=\"auto, (max-width: 82px) 100vw, 82px\" \/><\/a><\/p>\n<p><a href=\"https:\/\/trimakasi.eu\/ro\/vlog\/\"><u>Vizita\u021bi blogul nostru video pentru a descoperi conexiunile dintre pietre pre\u021bioase, semne zodiacale, chakre \u0219i multe altele.<\/u><\/a><\/p>","protected":false},"excerpt":{"rendered":"<p>Piatra lunii cu reflexii albastre care radiaz\u0103 vibra\u021biile lini\u0219titoare ale lunii. Calitatea premium AAA a acestei br\u0103\u021b\u0103ri v\u0103 va uimi cu siguran\u021b\u0103! Afla\u021bi mai multe despre aceast\u0103 br\u0103\u021bar\u0103 mai jos.<\/p>\n<p>Alege\u021bi br\u0103\u021bara dup\u0103 m\u0103rime \u0219i dup\u0103 culoarea ultimei m\u0103rgele. <a href=\"https:\/\/trimakasi.eu\/ro\/cum-se-alege-marimea-bratarii\/\">Instruc\u021biunile despre cum s\u0103 alege\u021bi corect dimensiunea pot fi g\u0103site aici.<\/a><\/p>","protected":false},"featured_media":144311,"comment_status":"open","ping_status":"closed","template":"","meta":{"_acf_changed":false,"_themeisle_gutenberg_block_has_review":false},"product_brand":[],"product_cat":[1687,554,1316,553],"product_tag":[],"class_list":{"0":"post-144289","1":"product","2":"type-product","3":"status-publish","4":"has-post-thumbnail","6":"product_cat-elastic-bracelets","7":"product_cat-natural-gemstone-bracelets","8":"product_cat-rare-gemstone-bracelets","9":"product_cat-womens-jewellery","11":"first","12":"instock","13":"taxable","14":"shipping-taxable","15":"purchasable","16":"product-type-variable","17":"has-default-attributes"},"acf":[],"_links":{"self":[{"href":"https:\/\/trimakasi.eu\/ro\/wp-json\/wp\/v2\/product\/144289","targetHints":{"allow":["GET"]}}],"collection":[{"href":"https:\/\/trimakasi.eu\/ro\/wp-json\/wp\/v2\/product"}],"about":[{"href":"https:\/\/trimakasi.eu\/ro\/wp-json\/wp\/v2\/types\/product"}],"replies":[{"embeddable":true,"href":"https:\/\/trimakasi.eu\/ro\/wp-json\/wp\/v2\/comments?post=144289"}],"wp:featuredmedia":[{"embeddable":true,"href":"https:\/\/trimakasi.eu\/ro\/wp-json\/wp\/v2\/media\/144311"}],"wp:attachment":[{"href":"https:\/\/trimakasi.eu\/ro\/wp-json\/wp\/v2\/media?parent=144289"}],"wp:term":[{"taxonomy":"product_brand","embeddable":true,"href":"https:\/\/trimakasi.eu\/ro\/wp-json\/wp\/v2\/product_brand?post=144289"},{"taxonomy":"product_cat","embeddable":true,"href":"https:\/\/trimakasi.eu\/ro\/wp-json\/wp\/v2\/product_cat?post=144289"},{"taxonomy":"product_tag","embeddable":true,"href":"https:\/\/trimakasi.eu\/ro\/wp-json\/wp\/v2\/product_tag?post=144289"}],"curies":[{"name":"wp","href":"https:\/\/api.w.org\/{rel}","templated":true}]}}