{"id":125046,"date":"2021-01-24T21:42:47","date_gmt":"2021-01-24T20:42:47","guid":{"rendered":"https:\/\/trimakasi.eu\/?post_type=product&#038;p=125046"},"modified":"2025-02-22T22:40:49","modified_gmt":"2025-02-22T21:40:49","slug":"corindon-trandafir-safir","status":"publish","type":"product","link":"https:\/\/trimakasi.eu\/ro\/product\/corundum-rose-sapphire\/","title":{"rendered":"Br\u0103\u021bar\u0103 Corundum  (safir rose)"},"content":{"rendered":"<h3>Safir<\/h3>\n<p>Safirul a fost \u00eentotdeauna asociat cu rangul regal \u0219i apare at\u00e2t \u00een \u200b\u200bbijuteriile coroanei britanice, c\u00e2t \u0219i \u00een cele cehe. Aceast\u0103 piatr\u0103 pre\u021bioas\u0103 este o varietate albastr\u0103 de corindon mineral \u0219i ro\u0219u rubin. Prin urmare, se poate spune c\u0103 safirul este fratele albastru al rubinului.<\/p>\n<p>Albastru de cer safir simbolizeaz\u0103 speran\u021ba, credin\u021ba \u0219i aduce protec\u021bie, fericire \u0219i perspectiv\u0103 spiritual\u0103 \u00een vie\u021bile noastre. Nu este doar un simbol al puterii, ci \u0219i bun\u0103tatea \u0219i judecata \u00een\u021beleapt\u0103. Safirul v\u0103 poate men\u021bine pe o cale spiritual\u0103 \u0219i v\u0103 poate ajuta s\u0103 v\u0103 spori\u021bi autodisciplina \u00een activit\u0103\u021bi care necesit\u0103 o concentrare extrem\u0103. \u00cen perioadele haotice de schimbare, Safir te va ajuta s\u0103 p\u0103strezi o minte concentrat\u0103.<\/p>\n<p>De asemenea, este o bijuterie perfect\u0103 pentru oricine are nevoie de ajutor pentru a-\u0219i realiza g\u00e2ndurile \u0219i pentru cei care au nevoie de autodisciplin\u0103 pentru a putea duce la bun sf\u00e2r\u0219it lucrurile pe care le-a \u00eenceput.<br \/>\nSafirul risipeste depresia si lumineaza starea de spirit. Aduce pace, concentrare \u0219i restabile\u0219te echilibrul \u00een corp \u0219i minte. Este o piatr\u0103 foarte popular\u0103 a vindec\u0103torilor Reiki \u0219i se crede c\u0103 tSapphire amplific\u0103 capacitatea de a se vindeca cu o voce uman\u0103.<br \/>\nSafirul este o bijuterie cu o mare putere spiritual\u0103 care ne ajut\u0103 s\u0103 realiz\u0103m pe deplin poten\u021bialul vie\u021bii noastre. Aduce \u00een\u021belepciune, adev\u0103r \u0219i demnitate sufletelor noastre.<\/p>\n<h3>Rubin<\/h3>\n<p>Rubinul, ca \u0219i safirul albastru, este o varietate de silicat de corund mineral - alumin\u0103, care \u0219i-a c\u00e2\u0219tigat culoarea datorit\u0103 ad\u0103ug\u0103rii de crom, fier \u0219i titan.<\/p>\n<p>Energia intens\u0103 a rubinului acutizeaz\u0103 mintea, extinde con\u0219tiin\u021ba \u0219i stimuleaz\u0103 concentrarea. Promoveaz\u0103 curajul \u0219i ajut\u0103 la suprimarea fricii de fenomenul supranatural \u0219i de co\u0219maruri. De asemenea, poate provoca creativitate \u0219i deschide u\u0219a \u00eencuiat\u0103 \u00een mintea uman\u0103 \u00een care altfel nu am \u00eendr\u0103zni s\u0103 intr\u0103m.<\/p>\n<p>Legendele sugereaz\u0103 c\u0103 exist\u0103 un foc nemuritor care arde \u00een rubin, care poate speria persoanele negative, manipulatorii \u0219i vampirii emo\u021bionali din \u00eemprejurimile noastre. Puterea de foc a rubinului se crede, de asemenea, c\u0103 poate proteja casa de intru\u0219i \u0219i de for\u021bele malefice. Hindu\u0219ii cred c\u0103 str\u0103lucirea ro\u0219ie a rubinului care provine dintr-o flac\u0103r\u0103 etern\u0103 care nu poate fi stins\u0103 de niciun muritor. Pentru budi\u0219ti, rubinul este cel mai valoros cadou pentru cinstirea lui Buddha.<\/p>\n<p>La fel ca granatul, rubinul este cunoscut ca piatra pasiunii. Dezvolt\u0103 iubirea fizic\u0103 \u00een r\u00e2ndul iubitorilor \u0219i stimuleaz\u0103 pasiunea sexual\u0103. Se pare c\u0103 ac\u021bioneaz\u0103 \u0219i ca afrodiziac pentru b\u0103rba\u021bi.<\/p>\n<p>&nbsp;<\/p>\n<p>Tara de origine: <strong>Birmania<\/strong><\/p>\n<p>Element: <strong>Foc apa<\/strong><\/p>\n<p>Semne zodiacale: <strong>Leu, Scorpion, Rac, S\u0103get\u0103tor, Taur, Fecioar\u0103, Berbec, Gemeni, Pe\u0219ti<\/strong><\/p>\n<p>Br\u0103\u021bara armonizeaz\u0103 chakra r\u0103d\u0103cinii, chakra inimii, g\u00e2tul \u0219i chakra coroanei<\/p>\n<p><a href=\"https:\/\/trimakasi.eu\/wp-content\/uploads\/\u010dakra1.jpg\"><img loading=\"lazy\" decoding=\"async\" class=\"alignnone size-full wp-image-138513\" src=\"https:\/\/trimakasi.eu\/wp-content\/uploads\/\u010dakra1.jpg\" alt=\"Chakra r\u0103d\u0103cinii\" width=\"81\" height=\"88\" srcset=\"https:\/\/trimakasi.eu\/wp-content\/uploads\/\u010dakra1.jpg 81w, https:\/\/trimakasi.eu\/wp-content\/uploads\/\u010dakra1-11x12.jpg 11w\" sizes=\"auto, (max-width: 81px) 100vw, 81px\" \/><\/a><a href=\"https:\/\/trimakasi.eu\/wp-content\/uploads\/2020\/07\/\u010dakra4.jpg\"><img loading=\"lazy\" decoding=\"async\" class=\"alignnone size-full wp-image-83566\" src=\"https:\/\/trimakasi.eu\/wp-content\/uploads\/2020\/07\/\u010dakra4.jpg\" alt=\"Chakra inimii\" width=\"79\" height=\"93\" srcset=\"https:\/\/trimakasi.eu\/wp-content\/uploads\/2020\/07\/\u010dakra4.jpg 79w, https:\/\/trimakasi.eu\/wp-content\/uploads\/2020\/07\/\u010dakra4-10x12.jpg 10w\" sizes=\"auto, (max-width: 79px) 100vw, 79px\" \/><\/a><a href=\"https:\/\/trimakasi.eu\/wp-content\/uploads\/\u010dakra5.jpg\"><img loading=\"lazy\" decoding=\"async\" class=\"alignnone size-full wp-image-138515\" src=\"https:\/\/trimakasi.eu\/wp-content\/uploads\/\u010dakra5.jpg\" alt=\"Chakra g\u00e2tului\" width=\"81\" height=\"87\" srcset=\"https:\/\/trimakasi.eu\/wp-content\/uploads\/\u010dakra5.jpg 81w, https:\/\/trimakasi.eu\/wp-content\/uploads\/\u010dakra5-11x12.jpg 11w\" sizes=\"auto, (max-width: 81px) 100vw, 81px\" \/><\/a><a href=\"https:\/\/trimakasi.eu\/wp-content\/uploads\/crown-chakra.jpg\"><img loading=\"lazy\" decoding=\"async\" class=\"alignnone size-full wp-image-132743\" src=\"https:\/\/trimakasi.eu\/wp-content\/uploads\/crown-chakra.jpg\" alt=\"\" width=\"92\" height=\"102\" srcset=\"https:\/\/trimakasi.eu\/wp-content\/uploads\/crown-chakra.jpg 92w, https:\/\/trimakasi.eu\/wp-content\/uploads\/crown-chakra-11x12.jpg 11w\" sizes=\"auto, (max-width: 92px) 100vw, 92px\" \/><\/a><\/p>\n<p><a href=\"https:\/\/trimakasi.eu\/ro\/vlog\/\"><u>Vizita\u021bi blogul nostru video pentru a descoperi conexiunile dintre pietre pre\u021bioase, semne zodiacale, chakre \u0219i multe altele.<\/u><\/a><\/p>","protected":false},"excerpt":{"rendered":"<p id=\"tw-target-text\" class=\"tw-data-text tw-text-large tw-ta\" dir=\"ltr\" data-placeholder=\"P\u0159eklad\">Prea roz pentru safir \u0219i prea albastru pentru rubin, dar tot corindonul, al doilea mineral cel mai dur de pe P\u0103m\u00e2nt! Este un amestec natural de safir albastru \u0219i rubin roz \u00een \u00eentregul spectru al acestor culori. Afla\u021bi mai multe despre aceast\u0103 br\u0103\u021bar\u0103 mai jos.<\/p>\n<p>Alege\u021bi br\u0103\u021bara dup\u0103 m\u0103rime \u0219i dup\u0103 culoarea ultimei m\u0103rgele. <a href=\"https:\/\/trimakasi.eu\/ro\/cum-se-alege-marimea-bratarii\/\">Instruc\u021biunile despre cum s\u0103 alege\u021bi corect dimensiunea pot fi g\u0103site aici.<\/a><\/p>","protected":false},"featured_media":125056,"comment_status":"open","ping_status":"closed","template":"","meta":{"_acf_changed":false,"_themeisle_gutenberg_block_has_review":false},"product_brand":[],"product_cat":[1687,554,1316,553],"product_tag":[],"class_list":{"0":"post-125046","1":"product","2":"type-product","3":"status-publish","4":"has-post-thumbnail","6":"product_cat-elastic-bracelets","7":"product_cat-natural-gemstone-bracelets","8":"product_cat-rare-gemstone-bracelets","9":"product_cat-womens-jewellery","11":"first","12":"outofstock","13":"taxable","14":"shipping-taxable","15":"purchasable","16":"product-type-variable","17":"has-default-attributes"},"acf":[],"_links":{"self":[{"href":"https:\/\/trimakasi.eu\/ro\/wp-json\/wp\/v2\/product\/125046","targetHints":{"allow":["GET"]}}],"collection":[{"href":"https:\/\/trimakasi.eu\/ro\/wp-json\/wp\/v2\/product"}],"about":[{"href":"https:\/\/trimakasi.eu\/ro\/wp-json\/wp\/v2\/types\/product"}],"replies":[{"embeddable":true,"href":"https:\/\/trimakasi.eu\/ro\/wp-json\/wp\/v2\/comments?post=125046"}],"wp:featuredmedia":[{"embeddable":true,"href":"https:\/\/trimakasi.eu\/ro\/wp-json\/wp\/v2\/media\/125056"}],"wp:attachment":[{"href":"https:\/\/trimakasi.eu\/ro\/wp-json\/wp\/v2\/media?parent=125046"}],"wp:term":[{"taxonomy":"product_brand","embeddable":true,"href":"https:\/\/trimakasi.eu\/ro\/wp-json\/wp\/v2\/product_brand?post=125046"},{"taxonomy":"product_cat","embeddable":true,"href":"https:\/\/trimakasi.eu\/ro\/wp-json\/wp\/v2\/product_cat?post=125046"},{"taxonomy":"product_tag","embeddable":true,"href":"https:\/\/trimakasi.eu\/ro\/wp-json\/wp\/v2\/product_tag?post=125046"}],"curies":[{"name":"wp","href":"https:\/\/api.w.org\/{rel}","templated":true}]}}